{"id":6765,"date":"2021-08-20T00:03:57","date_gmt":"2021-08-19T22:03:57","guid":{"rendered":"https:\/\/digitalhistory.unite.it\/posadas-cordoba\/"},"modified":"2021-11-23T17:45:11","modified_gmt":"2021-11-23T16:45:11","slug":"posadas-cordoba","status":"publish","type":"page","link":"https:\/\/digitalhistory.unite.it\/es\/temas\/residencias-nobiliarias\/la-andalucia-de-los-duques-de-feria\/posadas-cordoba\/","title":{"rendered":"Posadas (C\u00f3rdoba)"},"content":{"rendered":"<h1>Posadas (C\u00f3rdoba) <\/h1>\n<div class=\"testo\">\n<p style=\"text-align: justify\"><img loading=\"lazy\" decoding=\"async\" src=\"https:\/\/digitalhistory.unite.it\/wp-content\/uploads\/2021\/08\/clip_image002_251x322.jpg\" width=\"251\" height=\"322\" alt=\"Posadas\" align=\"left\">En Posadas, en la provincia de <a href=\"\/es\/territorios\/itinerarios-regionales\/plazas-mayores\/la-plaza-de-la-corredera-de-cordoba\/cordoba\/\" title=\"C\u00f3rdoba\">C\u00f3rdoba<\/a>, es digno de ser visitado el Palacio del Marqu\u00e9s de Villaseca. Construido entre los siglos XVI y XVII, es un edificio conocido tanto por su artesonado, la t\u00e9cnica de la talla, especialmente en madera, que se utiliza principalmente en el sur de la Pen\u00ednsula Ib\u00e9rica (que se puede admirar en particular en el primer piso), como por su fachada barroca de piedra natural. Fue renovado en los a\u00f1os noventa del siglo pasado, cuando se vaci\u00f3 el interior para dar cabida a diversas instituciones, como la Casa de la Juventud y el Departamento de Arquitectura Urbana de la Diputaci\u00f3n Provincial de C\u00f3rdoba. El edificio fue construido para albergar a la noble familia de los Fern\u00e1ndez de C\u00f3rdoba y Figueroa. Originalmente ocupaba toda la parte sur de la plaza del ayuntamiento, es decir, el doble del tama\u00f1o actual. El edificio es de planta rectangular, con la fachada principal en uno de sus lados m\u00e1s larga. Se compone de dos pisos, en el inferior existen muchas ventanas y en el superior hay muchos balcones en correlaci\u00f3n. El edificio ofrece una imagen clasicista sobria. El portal barroco est\u00e1 adornado con tres coronas declaradas de inter\u00e9s cultural, la principal de las cuales pertenece a la familia Fern\u00e1ndez de C\u00f3rdoba y Figueroa. La misma puerta est\u00e1 coronada por un arquitrabe rectangular que protege el t\u00edmpano roto con el escudo de la familia citado antes. Abajo, tiene un marco sobriamente decorado con frisos y columnas. La entrada o p\u00f3rtico est\u00e1 flanqueado por dos columnas toscanas, mientras que los amplios salones est\u00e1n cubiertos con paneles de madera ricamente decorados. La planta baja ha sido completamente renovada; el primer plano, de gran valor art\u00edstico, a\u00fan est\u00e1 pendiente de reestructuraci\u00f3n y revalorizaci\u00f3n. La parte de madera es de forma octogonal con trenzados de tipo <em>mud\u00e9jar<\/em> (estilo que dej\u00f3 de utilizarse en la mitad del siglo XVI, esto ayuda a fechar mejor la construcci\u00f3n de este edificio). Este palacio es probablemente el ejemplo m\u00e1s interesante de la arquitectura civil de Posadas.<\/p>\n<p style=\"text-align: justify\"><a href=\"\/es\/temas\/residencias-nobiliarias\/\" title=\"Residencias nobiliarias\">&lt;&lt;&lt;&#8212;\u00cdndice<\/a><span>&nbsp;&nbsp;&nbsp;<\/span> <span>&nbsp;<\/span> <a href=\"\/es\/temas\/residencias-nobiliarias\/la-andalucia-de-los-duques-de-feria\/zafra\/\" title=\"Zafra\">p\u00e1gina siguiente&#8212;&gt;&gt;&gt;<\/a><a href=\"\/es\/temas\/residencias-nobiliarias\/la-forma-de-vida-aristocratica-en-epoca-barroca\/la-morada-en-el-feudo\/\" title=\"La morada en el feudo\"><\/a><\/p>\n<\/p><\/div>\n<p><\/p>\n","protected":false},"excerpt":{"rendered":"<p>Posadas (C\u00f3rdoba) En Posadas, en la provincia de C\u00f3rdoba, es digno de ser visitado el Palacio del Marqu\u00e9s de Villaseca. Construido entre los siglos XVI y XVII, es un edificio conocido tanto por su artesonado, la t\u00e9cnica de la talla, especialmente en madera, que se&hellip;<\/p>\n","protected":false},"author":1,"featured_media":0,"parent":7615,"menu_order":0,"comment_status":"closed","ping_status":"closed","template":"","meta":{"footnotes":""},"class_list":["post-6765","page","type-page","status-publish","hentry"],"_links":{"self":[{"href":"https:\/\/digitalhistory.unite.it\/es\/wp-json\/wp\/v2\/pages\/6765","targetHints":{"allow":["GET"]}}],"collection":[{"href":"https:\/\/digitalhistory.unite.it\/es\/wp-json\/wp\/v2\/pages"}],"about":[{"href":"https:\/\/digitalhistory.unite.it\/es\/wp-json\/wp\/v2\/types\/page"}],"author":[{"embeddable":true,"href":"https:\/\/digitalhistory.unite.it\/es\/wp-json\/wp\/v2\/users\/1"}],"replies":[{"embeddable":true,"href":"https:\/\/digitalhistory.unite.it\/es\/wp-json\/wp\/v2\/comments?post=6765"}],"version-history":[{"count":2,"href":"https:\/\/digitalhistory.unite.it\/es\/wp-json\/wp\/v2\/pages\/6765\/revisions"}],"predecessor-version":[{"id":11929,"href":"https:\/\/digitalhistory.unite.it\/es\/wp-json\/wp\/v2\/pages\/6765\/revisions\/11929"}],"up":[{"embeddable":true,"href":"https:\/\/digitalhistory.unite.it\/es\/wp-json\/wp\/v2\/pages\/7615"}],"wp:attachment":[{"href":"https:\/\/digitalhistory.unite.it\/es\/wp-json\/wp\/v2\/media?parent=6765"}],"curies":[{"name":"wp","href":"https:\/\/api.w.org\/{rel}","templated":true}]}}