{"id":6766,"date":"2021-08-20T00:03:57","date_gmt":"2021-08-19T22:03:57","guid":{"rendered":"https:\/\/digitalhistory.unite.it\/zafra\/"},"modified":"2021-11-23T17:45:11","modified_gmt":"2021-11-23T16:45:11","slug":"zafra","status":"publish","type":"page","link":"https:\/\/digitalhistory.unite.it\/es\/temas\/residencias-nobiliarias\/la-andalucia-de-los-duques-de-feria\/zafra\/","title":{"rendered":"Zafra"},"content":{"rendered":"<h1>Zafra <\/h1>\n<div class=\"testo\">\n<p style=\"text-align: justify\"><img loading=\"lazy\" decoding=\"async\" src=\"https:\/\/digitalhistory.unite.it\/wp-content\/uploads\/2021\/08\/clip_image002_277x169.jpg\" width=\"277\" height=\"169\" alt=\"Zafra 1\" align=\"left\">En Zafra, en la provincia de Badajoz, se encuentra el Palacio de los Duques de Feria. Lorenzo Su\u00e1rez de Figueroa II, II se\u00f1or y conde de Feria, quien mand\u00f3 construir en 1437 la fortaleza que hoy es el Palacio de los Duques de Feria y el Parador de Turismo &#8220;Duques de Feria&#8221;. La idea del entonces se\u00f1or de Feria, era tanto la de tener una nueva casa adecuada a su rango, como la de completar la defensa de la ciudad de Zafra en la zona donde estaba m\u00e1s d\u00e9bil. Fue construido en un tiempo r\u00e9cord (seis a\u00f1os), y curiosamente, la autorizaci\u00f3n real de Juan II de Castilla para su construcci\u00f3n no lleg\u00f3 hasta 1441, cuando la obra ya estaba en marcha. El edificio, en lugar de como una fortaleza, fue planeado como una residencia se\u00f1orial. Las huellas g\u00f3ticas, la decoraci\u00f3n morisca y los muros exteriores dan a la estructura su aspecto feroz y solemne. La entrada a la fortaleza se encuentra dentro de las murallas, en frente hab\u00eda una plaza de armas, que todav\u00eda est\u00e1 presente. El muro perimetral ten\u00eda una barbacana o muro exterior que era de la misma altura que los que rodeaban la ciudad, ahora ya desaparecidos. Entre los elementos murales destaca el basti\u00f3n, s\u00edmbolo del poder del primer Conde de Feria. El palacio ha llegado a nosotros conservando su estructura original, a pesar de haber sufrido grandes cambios a lo largo del per\u00edodo Ducal. De hecho, del patio central se han conservado s\u00f3lo las paredes centrales, pero no el p\u00f3rtico, ni las b\u00f3vedas que han sido reemplazadas por el precioso patio actual cuando los Feria ascendieron al t\u00edtulo ducal (siglo XVI). El segundo conde de Feria encarg\u00f3 durante su mandato toda una serie de reformas, entre ellas, la construcci\u00f3n de la sala dorada, y tal vez, la renovaci\u00f3n de la capilla, a la que se a\u00f1adi\u00f3 un impresionante artesonado que cubre el \u00e1bside, contempor\u00e1neo del que hay sobre la citada sala. La renovaci\u00f3n importante se produjo cuando los Feria alcanzaron el rango ducal y la grandeza de Espa\u00f1a y el castillo se convirti\u00f3 en un palacio. Los cambios iniciados por el II Duque (1571-1609) fueron muy significativos, aunque si bien hubo la intenci\u00f3n espec\u00edfica de mantener intactas las estructuras antiguas externas para dejar constancia de la antig\u00fcedad de su linaje. En la primera fase se a\u00f1adieron dos alas al nuevo edificio construido a ambos lados de la puerta principal y dos galer\u00edas o corredores a ambos lados de la torre del sur-este, se reestructuraron algunos ambientes internos y fue construido el patio interior en m\u00e1rmol blanco (err\u00f3neamente atribuido a Juan de Herrera). En una segunda fase, que se inici\u00f3 en 1605, y dur\u00f3 cuatro a\u00f1os, se construy\u00f3 una galer\u00eda para conectar el palacio a la cercana iglesia de Santa Marina, que a su vez fue reconstruida. Extinguido el linaje de los Su\u00e1rez de Figueroa, el edificio entr\u00f3 en una larga decadencia y sirvi\u00f3 para diferentes funciones (cuartel, prisi\u00f3n, hospital, sede de varias oficinas, escuela, escuela de artes y oficios) hasta 1965, cuando se comenz\u00f3 a trabajar para convertirlo en un Parador de Turismo. Esto marc\u00f3 el renacimiento del palacio.<\/p>\n<p style=\"text-align: justify\"><a href=\"\/es\/temas\/residencias-nobiliarias\/la-andalucia-de-los-duques-de-feria\/posadas-cordoba\/\" title=\"Posadas (C\u00f3rdoba)\">&lt;&lt;&lt;&#8212;p\u00e1gina precedente<\/a><span>&nbsp;&nbsp;&nbsp;<\/span> <span>&nbsp;<\/span> <a href=\"\/es\/temas\/residencias-nobiliarias\/\" title=\"Residencias nobiliarias\">\u00cdndice&#8212;&gt;&gt;&gt;<\/a><a href=\"\/es\/temas\/residencias-nobiliarias\/\" title=\"Residencias nobiliarias\"><\/a><\/p>\n<\/p><\/div>\n<p><\/p>\n","protected":false},"excerpt":{"rendered":"<p>Zafra En Zafra, en la provincia de Badajoz, se encuentra el Palacio de los Duques de Feria. Lorenzo Su\u00e1rez de Figueroa II, II se\u00f1or y conde de Feria, quien mand\u00f3 construir en 1437 la fortaleza que hoy es el Palacio de los Duques de Feria&hellip;<\/p>\n","protected":false},"author":1,"featured_media":0,"parent":7615,"menu_order":0,"comment_status":"closed","ping_status":"closed","template":"","meta":{"footnotes":""},"class_list":["post-6766","page","type-page","status-publish","hentry"],"_links":{"self":[{"href":"https:\/\/digitalhistory.unite.it\/es\/wp-json\/wp\/v2\/pages\/6766","targetHints":{"allow":["GET"]}}],"collection":[{"href":"https:\/\/digitalhistory.unite.it\/es\/wp-json\/wp\/v2\/pages"}],"about":[{"href":"https:\/\/digitalhistory.unite.it\/es\/wp-json\/wp\/v2\/types\/page"}],"author":[{"embeddable":true,"href":"https:\/\/digitalhistory.unite.it\/es\/wp-json\/wp\/v2\/users\/1"}],"replies":[{"embeddable":true,"href":"https:\/\/digitalhistory.unite.it\/es\/wp-json\/wp\/v2\/comments?post=6766"}],"version-history":[{"count":2,"href":"https:\/\/digitalhistory.unite.it\/es\/wp-json\/wp\/v2\/pages\/6766\/revisions"}],"predecessor-version":[{"id":11930,"href":"https:\/\/digitalhistory.unite.it\/es\/wp-json\/wp\/v2\/pages\/6766\/revisions\/11930"}],"up":[{"embeddable":true,"href":"https:\/\/digitalhistory.unite.it\/es\/wp-json\/wp\/v2\/pages\/7615"}],"wp:attachment":[{"href":"https:\/\/digitalhistory.unite.it\/es\/wp-json\/wp\/v2\/media?parent=6766"}],"curies":[{"name":"wp","href":"https:\/\/api.w.org\/{rel}","templated":true}]}}