{"id":6769,"date":"2021-08-20T00:03:57","date_gmt":"2021-08-19T22:03:57","guid":{"rendered":"https:\/\/digitalhistory.unite.it\/los-condes-de-toreno-y-su-palacio-de-oviedo\/"},"modified":"2021-11-23T15:28:52","modified_gmt":"2021-11-23T14:28:52","slug":"los-condes-de-toreno-y-su-palacio-de-oviedo","status":"publish","type":"page","link":"https:\/\/digitalhistory.unite.it\/es\/temas\/residencias-nobiliarias\/condes-de-toreno\/los-condes-de-toreno-y-su-palacio-de-oviedo\/","title":{"rendered":"Los condes de Toreno y su palacio de Oviedo"},"content":{"rendered":"<h1>Los condes de Toreno y su palacio de Oviedo <\/h1>\n<div class=\"testo\">\n<p style=\"text-align: justify\">Los Queipo de Llanos, Se\u00f1ores de Toreno y posteriormente condes, descienden por l\u00ednea directa de Diego Rodr\u00edguez Mu\u00f1oz, apodado por su fama &#8220;el Can&#8221;, uno de los nobles m\u00e1s importantes de las Asturias medievales. Uno de sus descendientes, \u00c1lvaro Alfonso se cas\u00f3 en el siglo XV con Aldara Rodr\u00edguez de Llano, su prima lejana, y a su vez, tambi\u00e9n, una descendiente de &#8220;el Can&#8221;. Estos fueron los padres de Lope Queipo Rodr\u00edguez, el primero en usar los dos nombres juntos. A finales del siglo XVI, uno de sus descendientes, Juan Queipo Tineo, se\u00f1or de la Casa de Queipo, del castillo y de los pueblos de la Mu\u00f1ona y Montes Murielos, de los patronatos de San Juan de Vega y Santa Mar\u00eda Rengos Xedred, alfier mayor y heredero de la ciudad de Cangas de Tineo y regidor perpetuo de su Consejo, se cas\u00f3 con otra prima, Catalina de Llano y Vald\u00e9s, hija del se\u00f1or de Salas. Estos dos matrimonios unieron las tierras de los Queipo, de los Llano y de los Vald\u00e9s.<\/p>\n<p style=\"text-align: justify\"><img loading=\"lazy\" decoding=\"async\" src=\"https:\/\/digitalhistory.unite.it\/wp-content\/uploads\/2021\/08\/clip_image002_253x195.jpg\" width=\"253\" height=\"195\" alt=\"Oviedo\" align=\"LEFT\">El Palacio de los condes de Toreno en Oviedo es obra del arquitecto Gregorio de la Roza, quien construy\u00f3 el edificio entre 1673 y 1673 sobre encargo de la familia Malleza D\u00f3riga. Est\u00e1 situado en el n\u00famero 5 de la Plaza Porlier, en la capital de Asturias. Sus elementos m\u00e1s importantes son la fachada asim\u00e9trica, con una base de piedra, y el portal con columnas y escudos de armas dispuestos a ambos lados del balc\u00f3n central. Completan el conjunto los nichos en forma de hendiduras, cinco balcones y diversas ventanas. El interior tambi\u00e9n cuenta con un patio con columnas toscanas y una escalera monumental de piedra a la derecha. Fue declarado Monumento Hist\u00f3rico-Art\u00edstico y ha acogido a la sede de la Biblioteca P\u00fablica Provincial y el Archivo Hist\u00f3rico Provincial desde febrero de 1958 hasta noviembre de 1987. Actualmente alberga el Real Instituto de Estudios de Asturias (RIDEA), una organizaci\u00f3n fundada en 1946 con el objetivo de estimular la investigaci\u00f3n y mejorar el patrimonio cultural y art\u00edstico de la regi\u00f3n asturiana.<\/p>\n<p style=\"text-align: justify\"><a href=\"\/es\/temas\/residencias-nobiliarias\/\" title=\"Residencias nobiliarias\">&lt;&lt;&lt;&#8212;\u00cdndice<\/a><span>&nbsp;<\/span> <span>&nbsp;<\/span> <span>&nbsp;<\/span> <a href=\"\/es\/temas\/residencias-nobiliarias\/condes-de-toreno\/los-palacios-asturianos-de-los-condes-de-toreno\/\" title=\"Los palacios asturianos de los Condes de Toreno\">p\u00e1gina siguiente&#8212;&gt;&gt;&gt;<\/a><a href=\"\/es\/temas\/residencias-nobiliarias\/benameji\/cordoba-y-alcala-del-valle\/\" title=\"C\u00f3rdoba y Alcal\u00e1 del Valle\"><\/a><\/p>\n<\/p><\/div>\n<p><\/p>\n","protected":false},"excerpt":{"rendered":"<p>Los condes de Toreno y su palacio de Oviedo Los Queipo de Llanos, Se\u00f1ores de Toreno y posteriormente condes, descienden por l\u00ednea directa de Diego Rodr\u00edguez Mu\u00f1oz, apodado por su fama &#8220;el Can&#8221;, uno de los nobles m\u00e1s importantes de las Asturias medievales. Uno de&hellip;<\/p>\n","protected":false},"author":1,"featured_media":0,"parent":7617,"menu_order":0,"comment_status":"closed","ping_status":"closed","template":"","meta":{"footnotes":""},"class_list":["post-6769","page","type-page","status-publish","hentry"],"_links":{"self":[{"href":"https:\/\/digitalhistory.unite.it\/es\/wp-json\/wp\/v2\/pages\/6769","targetHints":{"allow":["GET"]}}],"collection":[{"href":"https:\/\/digitalhistory.unite.it\/es\/wp-json\/wp\/v2\/pages"}],"about":[{"href":"https:\/\/digitalhistory.unite.it\/es\/wp-json\/wp\/v2\/types\/page"}],"author":[{"embeddable":true,"href":"https:\/\/digitalhistory.unite.it\/es\/wp-json\/wp\/v2\/users\/1"}],"replies":[{"embeddable":true,"href":"https:\/\/digitalhistory.unite.it\/es\/wp-json\/wp\/v2\/comments?post=6769"}],"version-history":[{"count":2,"href":"https:\/\/digitalhistory.unite.it\/es\/wp-json\/wp\/v2\/pages\/6769\/revisions"}],"predecessor-version":[{"id":11932,"href":"https:\/\/digitalhistory.unite.it\/es\/wp-json\/wp\/v2\/pages\/6769\/revisions\/11932"}],"up":[{"embeddable":true,"href":"https:\/\/digitalhistory.unite.it\/es\/wp-json\/wp\/v2\/pages\/7617"}],"wp:attachment":[{"href":"https:\/\/digitalhistory.unite.it\/es\/wp-json\/wp\/v2\/media?parent=6769"}],"curies":[{"name":"wp","href":"https:\/\/api.w.org\/{rel}","templated":true}]}}