{"id":6770,"date":"2021-08-20T00:03:57","date_gmt":"2021-08-19T22:03:57","guid":{"rendered":"https:\/\/digitalhistory.unite.it\/los-palacios-asturianos-de-los-condes-de-toreno\/"},"modified":"2021-11-23T15:28:52","modified_gmt":"2021-11-23T14:28:52","slug":"los-palacios-asturianos-de-los-condes-de-toreno","status":"publish","type":"page","link":"https:\/\/digitalhistory.unite.it\/es\/temas\/residencias-nobiliarias\/condes-de-toreno\/los-palacios-asturianos-de-los-condes-de-toreno\/","title":{"rendered":"Los palacios asturianos de los condes de Toreno"},"content":{"rendered":"<h1>Los palacios asturianos de los condes de Toreno <\/h1>\n<div class=\"testo\">\n<p style=\"text-align: justify\"><img loading=\"lazy\" decoding=\"async\" src=\"https:\/\/digitalhistory.unite.it\/wp-content\/uploads\/2021\/08\/clip_image002_253x203.jpg\" width=\"253\" height=\"203\" alt=\"Cangas del Narcea\" align=\"LEFT\">El palacio est\u00e1 situado en la localidad de Cangas del Narcea, construido en el siglo XVII y es uno de los ejemplos m\u00e1s notables del Barroco en Asturias. Fue construido por orden de Don \u00c1lvaro Queipo y Bernaldo de Quir\u00f3s despu\u00e9s de recibir el t\u00edtulo de Conde de Toreno por <a href=\"\/es\/territorios\/itinerarios-urbanos\/valladolid\/iglesia-de-san-pablo\/felipe-iv\/\" title=\"Felipe IV\">Felipe IV<\/a>. Es un edificio de planta cuadrada con torres, tambi\u00e9n \u00e9stas cuadradas, dispuestas en tres de las cuatro esquinas y decoradas con escudos familiares. Tanto las torres como el cuerpo central mantienen la armon\u00eda en la distribuci\u00f3n de ventanas y balcones. El coraz\u00f3n del edificio es el portal de acceso en piedra, coronado por un balc\u00f3n. El centro del espacio interior est\u00e1 ocupado por un patio con columnas sobre el que descansa una gran galer\u00eda de madera. El edificio ha sido declarado Monumento Hist\u00f3rico Art\u00edstico, y alberga hoy al Ayuntamiento de Cangas del Narcea y un centro cultural.<\/p>\n<p style=\"text-align: justify\"><img loading=\"lazy\" decoding=\"async\" src=\"https:\/\/digitalhistory.unite.it\/wp-content\/uploads\/2021\/08\/clip_image002_253x179.jpg\" width=\"253\" height=\"179\" alt=\"Salas\" align=\"LEFT\">En Salas, otro centro de Asturias, se puede visitar un palacio medieval (siglos XIV- XVI), dise\u00f1ado tanto con fines defensivos como residenciales. La torre cuadrada con almenas y situada en la esquina izquierda, podr\u00eda remontarse al siglo XIV. La fachada principal est\u00e1 formada por la torre, un peque\u00f1o cuerpo intermedio y el cuerpo principal a la derecha, con la gran puerta de arco g\u00f3tico. Por encima de la puerta, hay una ventana cuadrada con el mismo sistema decorativo. Del vest\u00edbulo sale una escalera que conduce a un pasillo de piedra y a varias c\u00e1maras (unas diecis\u00e9is), muchas de ellas conservan su decoraci\u00f3n original, mientras que otras se han visto muy alteradas. Tambi\u00e9n dignos de inter\u00e9s son los elementos decorativos y muebles interiores.<\/p>\n<p style=\"text-align: justify\"><img loading=\"lazy\" decoding=\"async\" src=\"https:\/\/digitalhistory.unite.it\/wp-content\/uploads\/2021\/08\/clip_image002_254x169.jpg\" width=\"254\" height=\"169\" alt=\"Santianes de Tu\u00f1a\" align=\"LEFT\">Muchos otros son los palacios que pertenecieron a los Condes de Toreno. Por ejemplo en Santianes de Tu\u00f1a, donde se puede ver una estructura con dos torres (foto) junto a una capilla que alberga en su interior un hermoso retablo barroco. En La Malleza, el palacio de los Condes de Toreno se remonta al siglo XIII, y hoy, despu\u00e9s de una larga historia que le ha llevado a convertirse en un monasterio de la Orden de los Padres Trapenses, cuarteles para las tropas de Napole\u00f3n y, de nuevo, vivienda privada, es la sede de un hotel. Otros palacios de la familia se encuentran en Ardaliz, Carballo, Cueras y San Pedro de Arbas.<\/p>\n<p><a href=\"\/es\/temas\/residencias-nobiliarias\/condes-de-toreno\/los-condes-de-toreno-y-su-palacio-de-oviedo\/\" title=\"Los Condes de Toreno y su palacio de Oviedo\">&lt;&lt;&lt;&#8212;p\u00e1gina precedente<\/a><span>&nbsp;<\/span> <span>&nbsp;<\/span> <span>&nbsp;<\/span> <a href=\"\/es\/temas\/residencias-nobiliarias\/\" title=\"Residencias nobiliarias\">\u00cdndice&#8212;&gt;&gt;&gt;<\/a><\/p>\n<\/p><\/div>\n<p><\/p>\n","protected":false},"excerpt":{"rendered":"<p>Los palacios asturianos de los condes de Toreno El palacio est\u00e1 situado en la localidad de Cangas del Narcea, construido en el siglo XVII y es uno de los ejemplos m\u00e1s notables del Barroco en Asturias. Fue construido por orden de Don \u00c1lvaro Queipo y&hellip;<\/p>\n","protected":false},"author":1,"featured_media":0,"parent":7617,"menu_order":0,"comment_status":"closed","ping_status":"closed","template":"","meta":{"footnotes":""},"class_list":["post-6770","page","type-page","status-publish","hentry"],"_links":{"self":[{"href":"https:\/\/digitalhistory.unite.it\/es\/wp-json\/wp\/v2\/pages\/6770","targetHints":{"allow":["GET"]}}],"collection":[{"href":"https:\/\/digitalhistory.unite.it\/es\/wp-json\/wp\/v2\/pages"}],"about":[{"href":"https:\/\/digitalhistory.unite.it\/es\/wp-json\/wp\/v2\/types\/page"}],"author":[{"embeddable":true,"href":"https:\/\/digitalhistory.unite.it\/es\/wp-json\/wp\/v2\/users\/1"}],"replies":[{"embeddable":true,"href":"https:\/\/digitalhistory.unite.it\/es\/wp-json\/wp\/v2\/comments?post=6770"}],"version-history":[{"count":2,"href":"https:\/\/digitalhistory.unite.it\/es\/wp-json\/wp\/v2\/pages\/6770\/revisions"}],"predecessor-version":[{"id":11933,"href":"https:\/\/digitalhistory.unite.it\/es\/wp-json\/wp\/v2\/pages\/6770\/revisions\/11933"}],"up":[{"embeddable":true,"href":"https:\/\/digitalhistory.unite.it\/es\/wp-json\/wp\/v2\/pages\/7617"}],"wp:attachment":[{"href":"https:\/\/digitalhistory.unite.it\/es\/wp-json\/wp\/v2\/media?parent=6770"}],"curies":[{"name":"wp","href":"https:\/\/api.w.org\/{rel}","templated":true}]}}