{"id":6771,"date":"2021-08-20T00:03:57","date_gmt":"2021-08-19T22:03:57","guid":{"rendered":"https:\/\/digitalhistory.unite.it\/la-semana-santa-en-el-sur-de-italia\/"},"modified":"2021-11-23T15:28:48","modified_gmt":"2021-11-23T14:28:48","slug":"la-semana-santa-en-el-sur-de-italia","status":"publish","type":"page","link":"https:\/\/digitalhistory.unite.it\/es\/temas\/fiestas-y-rituales\/la-semana-santa-en-el-sur-de-italia\/","title":{"rendered":"La Semana Santa en el Sur de Italia"},"content":{"rendered":"<h1>La Semana Santa en el Sur de Italia <\/h1>\n<div class=\"testo\">\n<p style=\"text-align: justify\">Los \u00faltimos d\u00edas de la vida de Cristo en los Evangelios est\u00e1n marcados por una cronolog\u00eda precisa, que impone ciertos hitos. No pocas veces, sin embargo, como se demuestra en los ritos de la Semana Santa en el sur de Italia, estos eventos se colocan de manera anacr\u00f3nica con respecto a la sucesi\u00f3n temporal del Triduo Pascual. En particular, en el d\u00eda de Jueves Santo, cuando s\u00f3lo deber\u00eda celebrarse la \u00daltima Cena, la captura y la condena de Jes\u00fas, a menudo tambi\u00e9n se anticipan el desenlace de la Crucifixi\u00f3n y la Muerte de Cristo (que deber\u00eda tener lugar al d\u00eda siguiente). El ejemplo m\u00e1s importante es la procesi\u00f3n de los grupos de estatuas o <em>Vare<\/em> de Caltanissetta y la recreaci\u00f3n de los Misterios vivientes de Marsala. En la noche del Viernes Santo adem\u00e1s de representaciones en vivo o grupos escult\u00f3ricos, tambi\u00e9n tiene lugar la procesi\u00f3n del Cristo muerto (la <em>Naca<\/em> de Catanzaro) y de la Virgen Dolorosa, as\u00ed como el <em>Via Crucis<\/em> (o recreaci\u00f3n de las catorce estaciones de la subida de Cristo al Calvario). Entre los ritos extra-lit\u00fargicos del Viernes Santo (vigilias, ayunos, peregrinaciones) deben ser destacadas las procesiones de flagelantes o los <em>Vattienti<\/em>, que se auto-flagelan (como lo hicieron las antiguas congregaciones medievales de los disciplinados). Esta penitencia de la flagelaci\u00f3n serv\u00eda para expiar el sentido de culpa a trav\u00e9s de la imitaci\u00f3n del dolor personal de la Pasi\u00f3n de Cristo. En otros lugares, la identificaci\u00f3n con Cristo se pone en escena de una manera menos sangrienta por penitentes encapuchados, descalzos y, a veces, rodeados por una corona de espinas, llamados Cristos o Cirenos, que llevan sobre sus hombros una pesada cruz. Con el tiempo, las procesiones representadas en vivo se han reducido a raras excepciones (como la ya mencionada de Marsala), en beneficio de las estatuas, de los grupos escult\u00f3ricos y los s\u00edmbolos de la Pasi\u00f3n (probablemente debido a la hostilidad de la Iglesia contrarreformista, que no acept\u00f3 excesos extra-lit\u00fargicos presentes en tales procesiones). Hoy en d\u00eda, en casi todas las regiones del sur de Italia, todav\u00eda se celebra, al menos, una procesi\u00f3n secular de los Misterios. En la noche del S\u00e1bado Santo est\u00e1 la vigilia de Pascua a la espera de la resurrecci\u00f3n. El domingo de Pascua, sin embargo, se celebra el encuentro (diversamente denominado como <em>Giunta<\/em>, en Sicilia, <em>S&#8217;Incontru<\/em>, en Cerde\u00f1a, <em>l&#8217;Affruntata<\/em> en Calabria) entre la Virgen Mar\u00eda y Cristo Resucitado.<\/p>\n<p style=\"text-align: justify\">La historia y la actualidad de todos estos ritos extra-lit\u00fargicos se apoyan en una contribuci\u00f3n fundamental e indispensable por parte de las numerosas cofrad\u00edas laicas (a veces asistidas o sustituidas por los gremios artesanales) que trabajan en las ciudades del sur de Italia desde hace siglos.<\/p>\n<\/p><\/div>\n<p><\/p>\n","protected":false},"excerpt":{"rendered":"<p>La Semana Santa en el Sur de Italia Los \u00faltimos d\u00edas de la vida de Cristo en los Evangelios est\u00e1n marcados por una cronolog\u00eda precisa, que impone ciertos hitos. No pocas veces, sin embargo, como se demuestra en los ritos de la Semana Santa en&hellip;<\/p>\n","protected":false},"author":1,"featured_media":0,"parent":5916,"menu_order":0,"comment_status":"closed","ping_status":"closed","template":"","meta":{"footnotes":""},"class_list":["post-6771","page","type-page","status-publish","hentry"],"_links":{"self":[{"href":"https:\/\/digitalhistory.unite.it\/es\/wp-json\/wp\/v2\/pages\/6771","targetHints":{"allow":["GET"]}}],"collection":[{"href":"https:\/\/digitalhistory.unite.it\/es\/wp-json\/wp\/v2\/pages"}],"about":[{"href":"https:\/\/digitalhistory.unite.it\/es\/wp-json\/wp\/v2\/types\/page"}],"author":[{"embeddable":true,"href":"https:\/\/digitalhistory.unite.it\/es\/wp-json\/wp\/v2\/users\/1"}],"replies":[{"embeddable":true,"href":"https:\/\/digitalhistory.unite.it\/es\/wp-json\/wp\/v2\/comments?post=6771"}],"version-history":[{"count":2,"href":"https:\/\/digitalhistory.unite.it\/es\/wp-json\/wp\/v2\/pages\/6771\/revisions"}],"predecessor-version":[{"id":11896,"href":"https:\/\/digitalhistory.unite.it\/es\/wp-json\/wp\/v2\/pages\/6771\/revisions\/11896"}],"up":[{"embeddable":true,"href":"https:\/\/digitalhistory.unite.it\/es\/wp-json\/wp\/v2\/pages\/5916"}],"wp:attachment":[{"href":"https:\/\/digitalhistory.unite.it\/es\/wp-json\/wp\/v2\/media?parent=6771"}],"curies":[{"name":"wp","href":"https:\/\/api.w.org\/{rel}","templated":true}]}}