{"id":6773,"date":"2021-08-20T00:03:57","date_gmt":"2021-08-19T22:03:57","guid":{"rendered":"https:\/\/digitalhistory.unite.it\/los-misterios\/"},"modified":"2021-11-23T15:28:49","modified_gmt":"2021-11-23T14:28:49","slug":"los-misterios","status":"publish","type":"page","link":"https:\/\/digitalhistory.unite.it\/es\/temas\/fiestas-y-rituales\/los-misterios\/","title":{"rendered":"Los Misterios"},"content":{"rendered":"<h1>Los Misterios <\/h1>\n<div class=\"testo\">\n<p style=\"text-align: justify\">Los Misterios indicaban, de acuerdo con el sentido medieval del t\u00e9rmino, la puesta en escena o representaci\u00f3n de un misterio de la religi\u00f3n, y en particular, el misterio de la salvaci\u00f3n. Fue sobre todo una explicaci\u00f3n de la revelaci\u00f3n y de la fase final de la vida de Jesucristo, el juicio, la condena, la ejecuci\u00f3n en la Cruz y la Resurrecci\u00f3n. El modelo de representaci\u00f3n con estatuas de madera, como en Trapani, es s\u00f3lo una de las formas de representaci\u00f3n. Muy populares son las representaciones de los Misterios de teatro interpretadas por actores, o los desfiles que representan la Pasi\u00f3n y el Cristo con la cruz en el hombro, como el de Marsala. En Savona estas representaciones fueron llamadas <em>Casse<\/em>, en G\u00e9nova <em>Casazze<\/em>. Giuseppe Pitr\u00e8 escribe sobre una representaci\u00f3n sagrada organizada por la naci\u00f3n genovesa en Palermo en 1591. A menudo, estas representaciones fueron acompa\u00f1adas por los flagelantes que castigaban sus cuerpos con objetos puntiagudos o que llevaban el cilicio en forma de penitencia.<\/p>\n<\/p><\/div>\n<p><\/p>\n","protected":false},"excerpt":{"rendered":"<p>Los Misterios Los Misterios indicaban, de acuerdo con el sentido medieval del t\u00e9rmino, la puesta en escena o representaci\u00f3n de un misterio de la religi\u00f3n, y en particular, el misterio de la salvaci\u00f3n. Fue sobre todo una explicaci\u00f3n de la revelaci\u00f3n y de la fase&hellip;<\/p>\n","protected":false},"author":1,"featured_media":0,"parent":5916,"menu_order":0,"comment_status":"closed","ping_status":"closed","template":"","meta":{"footnotes":""},"class_list":["post-6773","page","type-page","status-publish","hentry"],"_links":{"self":[{"href":"https:\/\/digitalhistory.unite.it\/es\/wp-json\/wp\/v2\/pages\/6773","targetHints":{"allow":["GET"]}}],"collection":[{"href":"https:\/\/digitalhistory.unite.it\/es\/wp-json\/wp\/v2\/pages"}],"about":[{"href":"https:\/\/digitalhistory.unite.it\/es\/wp-json\/wp\/v2\/types\/page"}],"author":[{"embeddable":true,"href":"https:\/\/digitalhistory.unite.it\/es\/wp-json\/wp\/v2\/users\/1"}],"replies":[{"embeddable":true,"href":"https:\/\/digitalhistory.unite.it\/es\/wp-json\/wp\/v2\/comments?post=6773"}],"version-history":[{"count":2,"href":"https:\/\/digitalhistory.unite.it\/es\/wp-json\/wp\/v2\/pages\/6773\/revisions"}],"predecessor-version":[{"id":11907,"href":"https:\/\/digitalhistory.unite.it\/es\/wp-json\/wp\/v2\/pages\/6773\/revisions\/11907"}],"up":[{"embeddable":true,"href":"https:\/\/digitalhistory.unite.it\/es\/wp-json\/wp\/v2\/pages\/5916"}],"wp:attachment":[{"href":"https:\/\/digitalhistory.unite.it\/es\/wp-json\/wp\/v2\/media?parent=6773"}],"curies":[{"name":"wp","href":"https:\/\/api.w.org\/{rel}","templated":true}]}}