{"id":6774,"date":"2021-08-20T00:03:57","date_gmt":"2021-08-19T22:03:57","guid":{"rendered":"https:\/\/digitalhistory.unite.it\/la-semana-santa-en-sicilia\/"},"modified":"2021-11-23T15:28:49","modified_gmt":"2021-11-23T14:28:49","slug":"la-semana-santa-en-sicilia","status":"publish","type":"page","link":"https:\/\/digitalhistory.unite.it\/es\/temas\/fiestas-y-rituales\/la-semana-santa-en-sicilia\/","title":{"rendered":"La Semana Santa en Sicilia"},"content":{"rendered":"<h1>La Semana Santa en Sicilia <\/h1>\n<div class=\"testo\">\n<p style=\"text-align: justify\">Las ceremonias de la Semana Santa en Sicilia son, con diferencia, las m\u00e1s sentidas y solemnes de toda Italia. Durante mucho tiempo la Semana Santa siciliana se ha caracterizado por las representaciones vivientes de la Pasi\u00f3n de Cristo: las famosas <em>Casazze<\/em>, en boga entre los siglos XVII y XVIII. Con el tiempo, sin embargo, han dado paso a las procesiones con los grupos escult\u00f3ricos o con los s\u00edmbolos de la Pasi\u00f3n (ambos denominados los Misterios). El nombre <em>Casazza<\/em>, todav\u00eda se utiliza para referirse, en general, a las expresiones t\u00edpicas de la religiosidad siciliana durante la Pascua. Si bien se utiliza para una <em>Casazza<\/em> t\u00edpica como la de Marsala, cuyos or\u00edgenes se remontan al siglo XVII, y que hoy se cuenta entre las procesiones de los Misterios. En la actualidad, adem\u00e1s de esta \u00faltima, sobreviven pocos ejemplos de procesiones vivientes.<\/p>\n<p style=\"text-align: justify\">La cristalizaci\u00f3n de los sucesos de la Pasi\u00f3n en grupos escult\u00f3ricos (en sustituci\u00f3n de los actores) parece haber sido favorecida por la voluntad de la Iglesia controrreformista que quer\u00eda mitigar los excesos y mancillas extra-lit\u00fargicas. Hoy en Sicilia hay 66 procesiones de los Misterios en 64 ciudades. La Pasi\u00f3n de Cristo se representa con escenas compuestas mediante la uni\u00f3n de preciosas estatuas policromadas (hechas en madera, cart\u00f3n piedra, tela y pegamento), colocadas sobre preciosos soportes de madera conocidos como <em>vare<\/em> o <em>varette<\/em>. La <em>vara<\/em> es el nombre con el que los sicilianos llaman los pasos utilizados para transportar las reliquias y estatuas: el t\u00e9rmino se traduce con la palabra &#8220;bara&#8221; (paso), que por extensi\u00f3n se refiere a toda la maquinaria procesional sobre la que son transportados los cuerpos sagrados (de Cristo, la Virgen y los Santos). Las procesiones sicilianas establecen que los portadores de los Misterios deben caminar con un ritmo lento y sufrido (llamado <em>annacata<\/em>), imitando simb\u00f3licamente el calvario de la Pasi\u00f3n. Los fieles que supervisan los ritos de Pascua pertenecen a las Cofrad\u00edas o a las maestranzas de la ciudad, vestidos con una t\u00fanica (blanca, roja, morada o negra) y el capirote, y llevan una capa de varios colores para distinguir unas de las otras.<\/p>\n<p style=\"text-align: justify\">Una de las caracter\u00edsticas peculiares de la Semana Santa en Sicilia es la mezcla de los rituales de Semana Santa y el tema de los gigantes. En Sicilia, de hecho, en el d\u00eda de Pascua se exhiben los colosales t\u00edteres de cart\u00f3n piedra y madera que representan a los Ap\u00f3stoles en el momento de dar a la Virgen el anuncio de la Resurrecci\u00f3n de Cristo. Entre los m\u00e1s importantes, destacan: los <em>Santoni<\/em> de Modica, Aidone y Barrafranca, el San Pedro de Caltagirone y los <em>Sampauluna<\/em> de San Cataldo.<\/p>\n<\/p><\/div>\n<p><\/p>\n","protected":false},"excerpt":{"rendered":"<p>La Semana Santa en Sicilia Las ceremonias de la Semana Santa en Sicilia son, con diferencia, las m\u00e1s sentidas y solemnes de toda Italia. Durante mucho tiempo la Semana Santa siciliana se ha caracterizado por las representaciones vivientes de la Pasi\u00f3n de Cristo: las famosas&hellip;<\/p>\n","protected":false},"author":1,"featured_media":0,"parent":5916,"menu_order":0,"comment_status":"closed","ping_status":"closed","template":"","meta":{"footnotes":""},"class_list":["post-6774","page","type-page","status-publish","hentry"],"_links":{"self":[{"href":"https:\/\/digitalhistory.unite.it\/es\/wp-json\/wp\/v2\/pages\/6774","targetHints":{"allow":["GET"]}}],"collection":[{"href":"https:\/\/digitalhistory.unite.it\/es\/wp-json\/wp\/v2\/pages"}],"about":[{"href":"https:\/\/digitalhistory.unite.it\/es\/wp-json\/wp\/v2\/types\/page"}],"author":[{"embeddable":true,"href":"https:\/\/digitalhistory.unite.it\/es\/wp-json\/wp\/v2\/users\/1"}],"replies":[{"embeddable":true,"href":"https:\/\/digitalhistory.unite.it\/es\/wp-json\/wp\/v2\/comments?post=6774"}],"version-history":[{"count":2,"href":"https:\/\/digitalhistory.unite.it\/es\/wp-json\/wp\/v2\/pages\/6774\/revisions"}],"predecessor-version":[{"id":11905,"href":"https:\/\/digitalhistory.unite.it\/es\/wp-json\/wp\/v2\/pages\/6774\/revisions\/11905"}],"up":[{"embeddable":true,"href":"https:\/\/digitalhistory.unite.it\/es\/wp-json\/wp\/v2\/pages\/5916"}],"wp:attachment":[{"href":"https:\/\/digitalhistory.unite.it\/es\/wp-json\/wp\/v2\/media?parent=6774"}],"curies":[{"name":"wp","href":"https:\/\/api.w.org\/{rel}","templated":true}]}}