{"id":6775,"date":"2021-08-20T00:03:57","date_gmt":"2021-08-19T22:03:57","guid":{"rendered":"https:\/\/digitalhistory.unite.it\/la-semana-santa-en-caltanissetta\/"},"modified":"2021-11-23T15:28:48","modified_gmt":"2021-11-23T14:28:48","slug":"la-semana-santa-en-caltanissetta","status":"publish","type":"page","link":"https:\/\/digitalhistory.unite.it\/es\/temas\/fiestas-y-rituales\/la-semana-santa-en-caltanissetta\/","title":{"rendered":"La Semana Santa en Caltanissetta"},"content":{"rendered":"<h1>La Semana Santa en Caltanissetta <\/h1>\n<div class=\"testo\">\n<p style=\"text-align: justify\">La Semana Santa de Caltanissetta es uno de los ejemplos m\u00e1s importantes de la devoci\u00f3n cristiana en el sur de Italia. Los ritos comienzan el Domingo de Ramos, al amanecer: la estatua de Jes\u00fas Nazareno, situada en una barca floral, hace su entrada en la iglesia barroca de Santa Agata en el Colegio, a trav\u00e9s de su majestuosa escalera. En la propia iglesia, donde un tiempo se aloj\u00f3 la Cofrad\u00eda de la Santa Virgen Ni\u00f1a (que, entre otras cosas, ide\u00f3 la procesi\u00f3n del Nazareno). Todav\u00eda a finales del siglo XVIII, en el antiguo Colegio de los Jesuitas de Caltanissetta, en el tiempo de Cuaresma, se desarrollan representaciones teatrales centradas en el tema de la Pasi\u00f3n (originalmente conocida en Sicilia como <em>Casazze<\/em>, y luego llamadas Misterios). Retomadas a mediados del siglo pasado, hoy en d\u00eda tales representaciones est\u00e1n organizadas por una Asociaci\u00f3n de teatro. Mientras que en el pasado se centr\u00f3 principalmente en los momentos de la Crucifixi\u00f3n y el Descendimiento (<em>&#8216;a Scinnenza<\/em>, t\u00e9rmino dialectal de la que toma el nombre toda la ceremonia), desde hace algunos a\u00f1os la acci\u00f3n esc\u00e9nica incluye tambi\u00e9n el tema de la Resurrecci\u00f3n. La representaci\u00f3n sagrada comienza el Lunes Santo (con la <em>entrada de Jes\u00fas en Jerusal\u00e9n<\/em> y la <em>\u00daltima Cena<\/em>), contin\u00faa el Martes Santo (con <em>El juicio<\/em>, el <em>Via Crucis<\/em> y <em>El Descendimiento<\/em>) y termina el Domingo de Pascua. Al contrario de lo que ocurre en Trapani y en muchas otras ciudades de Italia y de Espa\u00f1a, el d\u00eda de Viernes Santo de Caltanissetta no culmina con la procesi\u00f3n de los Misterios. Lo m\u00e1s destacado de este d\u00eda, de hecho, es la exposici\u00f3n del precioso crucifijo g\u00f3tico, dedicado al patr\u00f3n de Caltanissetta: el Se\u00f1or de la ciudad. Es la obra m\u00e1s antigua de Caltanissetta, tallada en madera de color negro, llevada en procesi\u00f3n a hombros por los recolectores de hierbas silvestres: los <em>fogliamari<\/em>. Estos \u00faltimos caminan descalzos entonando antiguos y conmovedores cantos devocionales (las <em>ladate<\/em> o <em>lamentanze<\/em>). Situado en una <em>vara<\/em> barroca dorada en forma de corona, el crucifijo sagrado es precedido por la Real Maestranza, las autoridades eclesi\u00e1sticas y civiles, y por las diversas cofrad\u00edas ciudadanas y de los fieles (muchos de ellos descalzos).<\/p>\n<ul>\n<li><a href=\"\/es\/temas\/fiestas-y-rituales\/la-semana-santa-en-caltanissetta\/la-real-maestranza-de-caltanissetta\/\" title=\"La Real Maestranza de Caltanissetta\">La <em>Real Maestranza<\/em> de Caltanissetta<\/a><\/li>\n<li><a href=\"\/es\/temas\/fiestas-y-rituales\/la-semana-santa-en-caltanissetta\/el-miercoles-santo-en-caltanissetta-y-las-varicedde\/\" title=\"El Mi\u00e9rcoles Santo en Caltanissetta y las Varicedde\">El Mi\u00e9rcoles Santo en Caltanissetta y las <em>Varicedde<\/em><\/a><\/li>\n<li><a href=\"\/es\/temas\/fiestas-y-rituales\/la-semana-santa-en-caltanissetta\/las-vare-del-jueves-santo-en-caltanissetta\/\" title=\"Las Vare del Jueves Santo en Caltanissetta\">Las <em>Vare<\/em> del Jueves Santo en Caltanissetta<\/a><\/li>\n<\/ul><\/div>\n<p><\/p>\n","protected":false},"excerpt":{"rendered":"<p>La Semana Santa en Caltanissetta La Semana Santa de Caltanissetta es uno de los ejemplos m\u00e1s importantes de la devoci\u00f3n cristiana en el sur de Italia. Los ritos comienzan el Domingo de Ramos, al amanecer: la estatua de Jes\u00fas Nazareno, situada en una barca floral,&hellip;<\/p>\n","protected":false},"author":1,"featured_media":0,"parent":5916,"menu_order":0,"comment_status":"closed","ping_status":"closed","template":"","meta":{"footnotes":""},"class_list":["post-6775","page","type-page","status-publish","hentry"],"_links":{"self":[{"href":"https:\/\/digitalhistory.unite.it\/es\/wp-json\/wp\/v2\/pages\/6775","targetHints":{"allow":["GET"]}}],"collection":[{"href":"https:\/\/digitalhistory.unite.it\/es\/wp-json\/wp\/v2\/pages"}],"about":[{"href":"https:\/\/digitalhistory.unite.it\/es\/wp-json\/wp\/v2\/types\/page"}],"author":[{"embeddable":true,"href":"https:\/\/digitalhistory.unite.it\/es\/wp-json\/wp\/v2\/users\/1"}],"replies":[{"embeddable":true,"href":"https:\/\/digitalhistory.unite.it\/es\/wp-json\/wp\/v2\/comments?post=6775"}],"version-history":[{"count":2,"href":"https:\/\/digitalhistory.unite.it\/es\/wp-json\/wp\/v2\/pages\/6775\/revisions"}],"predecessor-version":[{"id":11890,"href":"https:\/\/digitalhistory.unite.it\/es\/wp-json\/wp\/v2\/pages\/6775\/revisions\/11890"}],"up":[{"embeddable":true,"href":"https:\/\/digitalhistory.unite.it\/es\/wp-json\/wp\/v2\/pages\/5916"}],"wp:attachment":[{"href":"https:\/\/digitalhistory.unite.it\/es\/wp-json\/wp\/v2\/media?parent=6775"}],"curies":[{"name":"wp","href":"https:\/\/api.w.org\/{rel}","templated":true}]}}