{"id":6776,"date":"2021-08-20T00:03:58","date_gmt":"2021-08-19T22:03:58","guid":{"rendered":"https:\/\/digitalhistory.unite.it\/la-semana-santa-en-trapani\/"},"modified":"2021-11-23T15:28:49","modified_gmt":"2021-11-23T14:28:49","slug":"la-semana-santa-en-trapani","status":"publish","type":"page","link":"https:\/\/digitalhistory.unite.it\/es\/temas\/fiestas-y-rituales\/la-semana-santa-en-trapani\/","title":{"rendered":"La Semana Santa en Trapani"},"content":{"rendered":"<h1>La Semana Santa en Trapani <\/h1>\n<div class=\"testo\">\n<p style=\"text-align: justify\">La fiesta de los <em>Misterios<\/em> de Trapani, que tiene lugar el Viernes Santo, se centra en la procesi\u00f3n de los grupos escult\u00f3ricos en madera llevados a hombros que representan la pasi\u00f3n y muerte de Jesucristo. Organizada por los jesuitas a principios del siglo XVII imitando el modelo de las <em>Casazze<\/em> genovesas, es una manifestaci\u00f3n t\u00edpica del esp\u00edritu contrarreformista. Se trataba de explicar a la gente, al igual que se hac\u00eda con el <em>Via Crucis<\/em>, el mensaje del evangelio. La reafirmaci\u00f3n de esta procesi\u00f3n, sin duda una de las m\u00e1s altas manifestaciones del gusto pedag\u00f3gico y espectacular del Barroco, fue lenta y dificultosa.<\/p>\n<p style=\"text-align: justify\">En Trapani la ceremonia de los <em>Misterios<\/em> hoy en d\u00eda est\u00e1 compuesta por 18 grupos escult\u00f3ricos, cada uno de ellos asignado a una asociaci\u00f3n artesana y cada uno seguida de su propia banda. La m\u00fasica de estas bandas, que marcan el movimiento al transportar sobre los hombros los grupos escult\u00f3ricos de madera, contribuye con una melod\u00eda inquietante que acent\u00faa el ritmo solemne de las marchas f\u00fanebres para crear un escenario sugestivo, acompa\u00f1ado de cientos de antorchas, llevadas por los miembros de las cofrad\u00edas religiosas, a menudo con capirotes. Los dos \u00faltimos grupos, que siguen a los 18 que narran los actos m\u00e1s destacados de la pasi\u00f3n y muerte de Jesucristo, estos son, el de la <em>Urna del Cristo muerto<\/em> y la <em>Dolorosa<\/em>, se revisten de un significado particular: reunificar en la fe a la ciudad, dividida en estamentos sociales separados. En particular, la estatua de la Virgen de los Dolores, originalmente llevada en procesi\u00f3n por las m\u00e1s altas autoridades de la ciudad, comenz\u00f3 a representar, a finales del siglo pasado, a los gremios m\u00e1s humildes y a la poblaci\u00f3n en general. Todav\u00eda hoy se re\u00fanen los m\u00e1s pobres en torno a la estatua de la Dolorosa, y tambi\u00e9n las viudas devotas vestidas de negro, que tradicionalmente van descalzas. La gente com\u00fan, aquellos que, en origen, no estaban organizados en gremios, encuentran su &#8220;lugar&#8221; en la procesi\u00f3n que representa, de manera ideal, la imagen que la ciudad tiene de s\u00ed misma.<\/p>\n<\/p><\/div>\n<p><\/p>\n","protected":false},"excerpt":{"rendered":"<p>La Semana Santa en Trapani La fiesta de los Misterios de Trapani, que tiene lugar el Viernes Santo, se centra en la procesi\u00f3n de los grupos escult\u00f3ricos en madera llevados a hombros que representan la pasi\u00f3n y muerte de Jesucristo. Organizada por los jesuitas a&hellip;<\/p>\n","protected":false},"author":1,"featured_media":0,"parent":5916,"menu_order":0,"comment_status":"closed","ping_status":"closed","template":"","meta":{"footnotes":""},"class_list":["post-6776","page","type-page","status-publish","hentry"],"_links":{"self":[{"href":"https:\/\/digitalhistory.unite.it\/es\/wp-json\/wp\/v2\/pages\/6776","targetHints":{"allow":["GET"]}}],"collection":[{"href":"https:\/\/digitalhistory.unite.it\/es\/wp-json\/wp\/v2\/pages"}],"about":[{"href":"https:\/\/digitalhistory.unite.it\/es\/wp-json\/wp\/v2\/types\/page"}],"author":[{"embeddable":true,"href":"https:\/\/digitalhistory.unite.it\/es\/wp-json\/wp\/v2\/users\/1"}],"replies":[{"embeddable":true,"href":"https:\/\/digitalhistory.unite.it\/es\/wp-json\/wp\/v2\/comments?post=6776"}],"version-history":[{"count":2,"href":"https:\/\/digitalhistory.unite.it\/es\/wp-json\/wp\/v2\/pages\/6776\/revisions"}],"predecessor-version":[{"id":11906,"href":"https:\/\/digitalhistory.unite.it\/es\/wp-json\/wp\/v2\/pages\/6776\/revisions\/11906"}],"up":[{"embeddable":true,"href":"https:\/\/digitalhistory.unite.it\/es\/wp-json\/wp\/v2\/pages\/5916"}],"wp:attachment":[{"href":"https:\/\/digitalhistory.unite.it\/es\/wp-json\/wp\/v2\/media?parent=6776"}],"curies":[{"name":"wp","href":"https:\/\/api.w.org\/{rel}","templated":true}]}}