{"id":6777,"date":"2021-08-20T00:03:58","date_gmt":"2021-08-19T22:03:58","guid":{"rendered":"https:\/\/digitalhistory.unite.it\/el-via-crucis-de-marsala\/"},"modified":"2021-11-23T15:28:47","modified_gmt":"2021-11-23T14:28:47","slug":"el-via-crucis-de-marsala","status":"publish","type":"page","link":"https:\/\/digitalhistory.unite.it\/es\/temas\/fiestas-y-rituales\/el-via-crucis-de-marsala\/","title":{"rendered":"El Via Crucis de Marsala"},"content":{"rendered":"<h1>El Via Crucis de Marsala <\/h1>\n<div class=\"testo\">\n<p style=\"text-align: justify\">El Jueves Santo, en Marsala, tiene lugar la procesi\u00f3n de los <em>Misterios<\/em>. Aqu\u00ed, a diferencia de la capital Trapani, donde durante varios siglos las escenas de la Pasi\u00f3n desfilaron por las calles de la ciudad en forma de maravillosos grupos escult\u00f3ricos de madera, el <em>Via Crucis<\/em> se pone en escena al estilo de las antiguas <em>Casazze<\/em>, a trav\u00e9s de una representaci\u00f3n teatral con personajes vivientes. En otras palabras, en Marsala son los fieles los que hacen las escenas y los protagonistas del Calvario de Cristo. Para los que interpretan el Redentor se les asigna una m\u00e1scara id\u00e9ntica de cera. De los nueve episodios del <em>Via Crucis<\/em> de Marsala se\u00f1alamos a aquellos que retratan a <em>Jes\u00fas con los Ap\u00f3stoles<\/em>, la <em>Captura<\/em>, <em>Jes\u00fas ante Pilatos y Herodes<\/em>, el <em>Ecce Homo<\/em>, as\u00ed como, por supuesto, el <em>Calvario<\/em> y la <em>Crucifixi\u00f3n<\/em> (que, avanzada la noche, cierra la representaci\u00f3n sagrada). En la cola de la procesi\u00f3n desfilan los \u00fanicos elementos estatuarios de la procesi\u00f3n: los pasos de <em>Cristo muerto<\/em> (tumbado en una s\u00e1bana blanca) y la <em>Dolorosa<\/em>. Hoy en d\u00eda se puede visitar el museo creado por la Cofrad\u00eda de Santa Ana, donde se exponen objetos y disfraces de la Pasi\u00f3n de Marsala. A tal hermandad se debe tambi\u00e9n el origen de la procesi\u00f3n (siglo XVIII). Al inicio, los papeles de Cristo y los dem\u00e1s protagonistas de la historia del Evangelio eran representados s\u00f3lo por el clero y la nobleza. Con el tiempo, sin embargo, la puesta en escena se ha convertido en una cuesti\u00f3n de participaci\u00f3n popular. Una novedad que ha transformado a la tradici\u00f3n del ritual. Desde los primeros a\u00f1os del siglo pasado, por otra parte, la representaci\u00f3n tambi\u00e9n incluye algunos di\u00e1logos.<\/p>\n<\/p><\/div>\n<p><\/p>\n","protected":false},"excerpt":{"rendered":"<p>El Via Crucis de Marsala El Jueves Santo, en Marsala, tiene lugar la procesi\u00f3n de los Misterios. Aqu\u00ed, a diferencia de la capital Trapani, donde durante varios siglos las escenas de la Pasi\u00f3n desfilaron por las calles de la ciudad en forma de maravillosos grupos&hellip;<\/p>\n","protected":false},"author":1,"featured_media":0,"parent":5916,"menu_order":0,"comment_status":"closed","ping_status":"closed","template":"","meta":{"footnotes":""},"class_list":["post-6777","page","type-page","status-publish","hentry"],"_links":{"self":[{"href":"https:\/\/digitalhistory.unite.it\/es\/wp-json\/wp\/v2\/pages\/6777","targetHints":{"allow":["GET"]}}],"collection":[{"href":"https:\/\/digitalhistory.unite.it\/es\/wp-json\/wp\/v2\/pages"}],"about":[{"href":"https:\/\/digitalhistory.unite.it\/es\/wp-json\/wp\/v2\/types\/page"}],"author":[{"embeddable":true,"href":"https:\/\/digitalhistory.unite.it\/es\/wp-json\/wp\/v2\/users\/1"}],"replies":[{"embeddable":true,"href":"https:\/\/digitalhistory.unite.it\/es\/wp-json\/wp\/v2\/comments?post=6777"}],"version-history":[{"count":2,"href":"https:\/\/digitalhistory.unite.it\/es\/wp-json\/wp\/v2\/pages\/6777\/revisions"}],"predecessor-version":[{"id":11883,"href":"https:\/\/digitalhistory.unite.it\/es\/wp-json\/wp\/v2\/pages\/6777\/revisions\/11883"}],"up":[{"embeddable":true,"href":"https:\/\/digitalhistory.unite.it\/es\/wp-json\/wp\/v2\/pages\/5916"}],"wp:attachment":[{"href":"https:\/\/digitalhistory.unite.it\/es\/wp-json\/wp\/v2\/media?parent=6777"}],"curies":[{"name":"wp","href":"https:\/\/api.w.org\/{rel}","templated":true}]}}