{"id":6779,"date":"2021-08-20T00:03:58","date_gmt":"2021-08-19T22:03:58","guid":{"rendered":"https:\/\/digitalhistory.unite.it\/la-semana-santa-en-apulia\/"},"modified":"2021-11-23T15:28:48","modified_gmt":"2021-11-23T14:28:48","slug":"la-semana-santa-en-apulia","status":"publish","type":"page","link":"https:\/\/digitalhistory.unite.it\/es\/temas\/fiestas-y-rituales\/la-semana-santa-en-apulia\/","title":{"rendered":"La Semana Santa en Apulia"},"content":{"rendered":"<h1>La Semana Santa en Apulia <\/h1>\n<div class=\"testo\">\n<p style=\"text-align: justify\">Durante la Semana Santa en Apulia se celebran muchas procesiones importantes. Por lo general, las representaciones sagradas comienzan con un desfile de Nuestra Se\u00f1ora de los Dolores, que se celebra el Viernes anterior al Domingo de Ramos. La caracter\u00edstica principal de las ceremonias de Apulia es la compostura con que las cofrad\u00edas desarrollan el rito pasional al comp\u00e1s del l\u00fagubre sonido de las marchas f\u00fanebres. En muchos casos, el Jueves Santo tiene lugar la peregrinaci\u00f3n de los fieles por las iglesias de la ciudad para la adoraci\u00f3n del Sant\u00edsimo Sacramento (una tradici\u00f3n inexacta pero consolidada que se confunde con los Sepulcros). El Viernes Santo, sin embargo, se dedica a la procesi\u00f3n de los <em>Misterios<\/em>: los grupos escult\u00f3ricos que representan la Pasi\u00f3n y Muerte de Cristo. El n\u00famero y el origen hist\u00f3rico de los grupos escult\u00f3ricos var\u00edan seg\u00fan la localidad. En Velenzano (Bari), por ejemplo, las im\u00e1genes procesionales incluso llegan a cuarenta y ocho. Digno de menci\u00f3n son tambi\u00e9n los rituales que tienen lugar en Ruvo di Puglia.<\/p>\n<\/p><\/div>\n<p><\/p>\n","protected":false},"excerpt":{"rendered":"<p>La Semana Santa en Apulia Durante la Semana Santa en Apulia se celebran muchas procesiones importantes. Por lo general, las representaciones sagradas comienzan con un desfile de Nuestra Se\u00f1ora de los Dolores, que se celebra el Viernes anterior al Domingo de Ramos. La caracter\u00edstica principal&hellip;<\/p>\n","protected":false},"author":1,"featured_media":0,"parent":5916,"menu_order":0,"comment_status":"closed","ping_status":"closed","template":"","meta":{"footnotes":""},"class_list":["post-6779","page","type-page","status-publish","hentry"],"_links":{"self":[{"href":"https:\/\/digitalhistory.unite.it\/es\/wp-json\/wp\/v2\/pages\/6779","targetHints":{"allow":["GET"]}}],"collection":[{"href":"https:\/\/digitalhistory.unite.it\/es\/wp-json\/wp\/v2\/pages"}],"about":[{"href":"https:\/\/digitalhistory.unite.it\/es\/wp-json\/wp\/v2\/types\/page"}],"author":[{"embeddable":true,"href":"https:\/\/digitalhistory.unite.it\/es\/wp-json\/wp\/v2\/users\/1"}],"replies":[{"embeddable":true,"href":"https:\/\/digitalhistory.unite.it\/es\/wp-json\/wp\/v2\/comments?post=6779"}],"version-history":[{"count":2,"href":"https:\/\/digitalhistory.unite.it\/es\/wp-json\/wp\/v2\/pages\/6779\/revisions"}],"predecessor-version":[{"id":11887,"href":"https:\/\/digitalhistory.unite.it\/es\/wp-json\/wp\/v2\/pages\/6779\/revisions\/11887"}],"up":[{"embeddable":true,"href":"https:\/\/digitalhistory.unite.it\/es\/wp-json\/wp\/v2\/pages\/5916"}],"wp:attachment":[{"href":"https:\/\/digitalhistory.unite.it\/es\/wp-json\/wp\/v2\/media?parent=6779"}],"curies":[{"name":"wp","href":"https:\/\/api.w.org\/{rel}","templated":true}]}}