{"id":6781,"date":"2021-08-20T00:03:58","date_gmt":"2021-08-19T22:03:58","guid":{"rendered":"https:\/\/digitalhistory.unite.it\/la-semana-santa-en-campania\/"},"modified":"2021-11-23T15:28:48","modified_gmt":"2021-11-23T14:28:48","slug":"la-semana-santa-en-campania","status":"publish","type":"page","link":"https:\/\/digitalhistory.unite.it\/es\/temas\/fiestas-y-rituales\/la-semana-santa-en-campania\/","title":{"rendered":"La Semana Santa en Campania"},"content":{"rendered":"<h1>La Semana Santa en Campania <\/h1>\n<div class=\"testo\">\n<p style=\"text-align: justify\">Los ritos m\u00e1s importantes de la Semana Santa en Campania tienen lugar en la pen\u00ednsula de Sorrento y en la isla de Procida, donde al alba del Viernes Santo tiene lugar la procesi\u00f3n del Cristo Muerto, que se caracteriza por la presencia de un gran n\u00famero de <em>Misterios<\/em>: grupos escult\u00f3ricos de estuco y cart\u00f3n piedra que representan los momentos simb\u00f3licos de la vida y la pasi\u00f3n de Jes\u00fas. De particular inter\u00e9s es la Procesi\u00f3n de los <em>Misterios<\/em> de Sessa Aurunca.<\/p>\n<\/p><\/div>\n<p><\/p>\n","protected":false},"excerpt":{"rendered":"<p>La Semana Santa en Campania Los ritos m\u00e1s importantes de la Semana Santa en Campania tienen lugar en la pen\u00ednsula de Sorrento y en la isla de Procida, donde al alba del Viernes Santo tiene lugar la procesi\u00f3n del Cristo Muerto, que se caracteriza por&hellip;<\/p>\n","protected":false},"author":1,"featured_media":0,"parent":5916,"menu_order":0,"comment_status":"closed","ping_status":"closed","template":"","meta":{"footnotes":""},"class_list":["post-6781","page","type-page","status-publish","hentry"],"_links":{"self":[{"href":"https:\/\/digitalhistory.unite.it\/es\/wp-json\/wp\/v2\/pages\/6781","targetHints":{"allow":["GET"]}}],"collection":[{"href":"https:\/\/digitalhistory.unite.it\/es\/wp-json\/wp\/v2\/pages"}],"about":[{"href":"https:\/\/digitalhistory.unite.it\/es\/wp-json\/wp\/v2\/types\/page"}],"author":[{"embeddable":true,"href":"https:\/\/digitalhistory.unite.it\/es\/wp-json\/wp\/v2\/users\/1"}],"replies":[{"embeddable":true,"href":"https:\/\/digitalhistory.unite.it\/es\/wp-json\/wp\/v2\/comments?post=6781"}],"version-history":[{"count":2,"href":"https:\/\/digitalhistory.unite.it\/es\/wp-json\/wp\/v2\/pages\/6781\/revisions"}],"predecessor-version":[{"id":11894,"href":"https:\/\/digitalhistory.unite.it\/es\/wp-json\/wp\/v2\/pages\/6781\/revisions\/11894"}],"up":[{"embeddable":true,"href":"https:\/\/digitalhistory.unite.it\/es\/wp-json\/wp\/v2\/pages\/5916"}],"wp:attachment":[{"href":"https:\/\/digitalhistory.unite.it\/es\/wp-json\/wp\/v2\/media?parent=6781"}],"curies":[{"name":"wp","href":"https:\/\/api.w.org\/{rel}","templated":true}]}}