{"id":6782,"date":"2021-08-20T00:03:58","date_gmt":"2021-08-19T22:03:58","guid":{"rendered":"https:\/\/digitalhistory.unite.it\/la-semana-santa-en-los-abruzos\/"},"modified":"2021-11-23T15:28:49","modified_gmt":"2021-11-23T14:28:49","slug":"la-semana-santa-en-los-abruzos","status":"publish","type":"page","link":"https:\/\/digitalhistory.unite.it\/es\/temas\/fiestas-y-rituales\/la-semana-santa-en-los-abruzos\/","title":{"rendered":"La Semana Santa en los Abruzos"},"content":{"rendered":"<h1>La Semana Santa en los Abruzos <\/h1>\n<div class=\"testo\">\n<p style=\"text-align: justify\">Las procesiones de Semana Santa m\u00e1s importantes de los Abruzos se celebran en <a href=\"\/es\/temas\/fiestas-y-rituales\/la-semana-santa-en-los-abruzos\/chieti\/\" title=\"Chieti\">Chieti<\/a> y en <a href=\"\/es\/temas\/fiestas-y-rituales\/la-semana-santa-en-los-abruzos\/lanciano\/\" title=\"Lanciano\">Lanciano<\/a>. Protagonistas de los dos desfiles son los s\u00edmbolos de la Pasi\u00f3n, llevados en procesi\u00f3n al ritmo de marchas f\u00fanebres conmovedoras por cofrades encapuchados. La marcha m\u00e1s famosa es el <em><a href=\"\/es\/temas\/conservatorios\/el-miserere\/\" title=\"El Miserere\">Miserere<\/a><\/em> de <a href=\"\/es\/temas\/conservatorios\/selecchy\/\" title=\"Selecchy\">Francesco Saverio Selecchy<\/a> (1703-1788). Esta m\u00fasica se utiliza tambi\u00e9n durante la procesi\u00f3n del Viernes Santo en <a href=\"\/es\/temas\/fiestas-y-rituales\/la-semana-santa-en-los-abruzos\/laquila\/\" title=\"L'Aquila\">L&#8217;Aquila<\/a>: una procesi\u00f3n que destaca sobre las dem\u00e1s por la presencia de s\u00edmbolos y grupos escult\u00f3ricos hechos por un artista contempor\u00e1neo de la talla de <a href=\"#\" class=\"tooltip yellow-tooltip\">Remo Brindisi<span>Remo Brindisi (Roma, 1918 &#8211; Lido de Spina, Ferrara, 1996) fue un pintor italiano de fama internacional. Fue director de la Academia de Bellas Artes de Macerata, presidente de la Trienal de Mil\u00e1n. Entre sus obras, recordamos el ciclo <em>Historia del Fascismo<\/em> (1957-1962).<\/span><\/a>. En los Abruzos, as\u00ed como en <a href=\"\/es\/temas\/fiestas-y-rituales\/la-semana-santa-en-apulia\/\" title=\"La Semana Santa en Apulia\">Apulia<\/a>, el paso lento de los fieles est\u00e1 marcado por el sonido estridente de la <em>raganella<\/em> (en Apulia <em>troccola<\/em>): un instrumento rudimentario de madera utilizado durante el tiempo de la Pascua en vez de las campanas. Las bases sobre las que est\u00e1n apoyados los <em><a href=\"\/es\/temas\/fiestas-y-rituales\/los-misterios\/\" title=\"Los Misterios\">Misterios<\/a><\/em> de la Pasi\u00f3n y otras estatuas de la Semana Santa, conocidas en <a href=\"\/es\/temas\/fiestas-y-rituales\/la-semana-santa-en-sicilia\/\" title=\"La Semana Santa en Sicilia\">Sicilia<\/a> como las <em>vare<\/em> y en Espa\u00f1a como los pasos, en los Abruzos se llaman <em>talami<\/em>. Es famosa la hom\u00f3nima procesi\u00f3n, que tiene lugar en <a href=\"#\" class=\"tooltip yellow-tooltip\">Orsogna<span>La procesi\u00f3n sagrada de los <em>Talami<\/em> de Orsogna (Chieti) consiste en la representaci\u00f3n de los seis episodios b\u00edblicos por parte de los personajes en vivo colocados sobre plataformas de madera (en el pasado llevadas a hombros, hoy con la ayuda de tractores agr\u00edcolas).<\/span><\/a>, en la provincia de Chieti, el Martes de Pascua. Digna de menci\u00f3n es tambi\u00e9n la <a href=\"#\" class=\"tooltip yellow-tooltip\">Semana Santa de Sulmona<span>El evento m\u00e1s importante que se desarrolla en la ciudad de Ovidio es, sin duda, el rito pascual de la <em>Madonna che scappa<\/em> (la Virgen que escapa). Con tal ocasi\u00f3n, la Cofrad\u00eda de Santa Mar\u00eda de Loreto pone en escena, en el sugestivo escenario de la Plaza del Mercado, la fren\u00e9tica carrera de la Virgen, que incr\u00e9dula va al encuentro con el Cristo Resucitado.<\/span><\/a>. Cabe destacar tambi\u00e9n el rito de la Desolada de <a href=\"\/es\/temas\/fiestas-y-rituales\/la-semana-santa-en-los-abruzos\/teramo\/\" title=\"Teramo\">Teramo<\/a>, que tiene lugar en una atm\u00f3sfera sugestiva al alba del Viernes Santo, y la representaci\u00f3n viviente de la Pasi\u00f3n de Cristo que se representa en el escenario espectacular y real\u00edstico de Gessopalena (Chieti).<\/p>\n<ul>\n<li><a href=\"\/es\/temas\/fiestas-y-rituales\/la-semana-santa-en-los-abruzos\/la-procesion-del-viernes-santo-en-chieti\/\" title=\"La Procesi\u00f3n del Viernes Santo en Chieti\">La Procesi\u00f3n del Viernes Santo en Chieti<\/a><\/li>\n<li><a href=\"\/es\/temas\/fiestas-y-rituales\/la-semana-santa-en-los-abruzos\/la-procesion-de-los-misterios-de-lanciano-chieti\/\" title=\"La Procesi\u00f3n de los Misterios de Lanciano (Chieti)\">La Procesi\u00f3n de los <em>Misterios<\/em> de Lanciano (Chieti)<\/a><\/li>\n<\/ul><\/div>\n<p><\/p>\n","protected":false},"excerpt":{"rendered":"<p>La Semana Santa en los Abruzos Las procesiones de Semana Santa m\u00e1s importantes de los Abruzos se celebran en Chieti y en Lanciano. Protagonistas de los dos desfiles son los s\u00edmbolos de la Pasi\u00f3n, llevados en procesi\u00f3n al ritmo de marchas f\u00fanebres conmovedoras por cofrades&hellip;<\/p>\n","protected":false},"author":1,"featured_media":0,"parent":5916,"menu_order":0,"comment_status":"closed","ping_status":"closed","template":"","meta":{"footnotes":""},"class_list":["post-6782","page","type-page","status-publish","hentry"],"_links":{"self":[{"href":"https:\/\/digitalhistory.unite.it\/es\/wp-json\/wp\/v2\/pages\/6782","targetHints":{"allow":["GET"]}}],"collection":[{"href":"https:\/\/digitalhistory.unite.it\/es\/wp-json\/wp\/v2\/pages"}],"about":[{"href":"https:\/\/digitalhistory.unite.it\/es\/wp-json\/wp\/v2\/types\/page"}],"author":[{"embeddable":true,"href":"https:\/\/digitalhistory.unite.it\/es\/wp-json\/wp\/v2\/users\/1"}],"replies":[{"embeddable":true,"href":"https:\/\/digitalhistory.unite.it\/es\/wp-json\/wp\/v2\/comments?post=6782"}],"version-history":[{"count":2,"href":"https:\/\/digitalhistory.unite.it\/es\/wp-json\/wp\/v2\/pages\/6782\/revisions"}],"predecessor-version":[{"id":11897,"href":"https:\/\/digitalhistory.unite.it\/es\/wp-json\/wp\/v2\/pages\/6782\/revisions\/11897"}],"up":[{"embeddable":true,"href":"https:\/\/digitalhistory.unite.it\/es\/wp-json\/wp\/v2\/pages\/5916"}],"wp:attachment":[{"href":"https:\/\/digitalhistory.unite.it\/es\/wp-json\/wp\/v2\/media?parent=6782"}],"curies":[{"name":"wp","href":"https:\/\/api.w.org\/{rel}","templated":true}]}}