{"id":6784,"date":"2021-08-20T00:03:58","date_gmt":"2021-08-19T22:03:58","guid":{"rendered":"https:\/\/digitalhistory.unite.it\/fiesta-de-san-isidro-madrid\/"},"modified":"2021-11-23T15:28:47","modified_gmt":"2021-11-23T14:28:47","slug":"fiesta-de-san-isidro-madrid","status":"publish","type":"page","link":"https:\/\/digitalhistory.unite.it\/es\/temas\/fiestas-y-rituales\/fiesta-de-san-isidro-madrid\/","title":{"rendered":"La Fiesta de San Isidro Labrador (Madrid)"},"content":{"rendered":"<h1>La Fiesta de San Isidro Labrador (Madrid) <\/h1>\n<div class=\"testo\">\n<p style=\"text-align: justify\">[english version]&nbsp;&nbsp; [<a href=\"\/temi\/feste-e-rituali\/la-festa-di-san-isidro-a-madrid\/\" title=\"La Festa di San Isidro a Madrid\">italian version<\/a>]<\/p>\n<p style=\"text-align: center\"><strong>San Isidro: labrador medieval, santo barroco y patr\u00f3n actual de Madrid<\/strong><\/p>\n<\/p>\n<p style=\"text-align: justify\">Isidro fue uno de los muchos cristianos que abandonaron la ciudad de <a href=\"\/es\/territorios\/itinerarios-urbanos\/valladolid\/iglesia-de-san-pablo\/madrid\/\" title=\"Madrid\">Madrid<\/a> por la conquista de los almor\u00e1vides en el siglo XII. Huy\u00f3 a Torrelaguna, localidad al norte de Madrid, para trabajar como criado de labranza. Isidro se cas\u00f3 con Mar\u00eda de la Cabeza y tuvieron un hijo. Entre historia y leyenda se cuenta el gran milagro: un d\u00eda Mar\u00eda, su mujer, se acerc\u00f3 a un pozo teniendo cogido a su hijo, y el ni\u00f1o en un descuido se cay\u00f3 al pozo que ten\u00eda mucha profundidad. Mar\u00eda se puso a llorar y gritar desconsolada pensando que ya no recuperar\u00eda a su hijo con vida. Isidro al regresar del campo se enter\u00f3 de lo sucedido y ambos se pusieron a rezar pidiendo a la Virgen que les consolase. En ese momento las aguas del pozo crecieron hasta traer al ni\u00f1o con vida a la superficie. Otro milagro atribuido al Santo es la ayuda que Isidro recib\u00eda cada d\u00eda en su labor como campesino por parte de los \u00e1ngeles enviados por la Virgen. En el a\u00f1o 1619 llegaba la beatificaci\u00f3n de Isidro y en 1622 su canonizaci\u00f3n. A partir de entonces se convirti\u00f3 en un modelo de la sociedad del Barroco, siendo alabadas tres virtudes del Santo: su continua oraci\u00f3n, su esfuerzo en el trabajo y su gran caridad. El pueblo de Madrid ped\u00eda la intercesi\u00f3n de San Isidro para que hubiera una buena cosecha de sembrados, mientras que los monarcas espa\u00f1oles y la nobleza ped\u00edan al Santo la curaci\u00f3n de diversas fiebres y dolores de cabeza.<\/p>\n<p style=\"text-align: justify\">Desde su canonizaci\u00f3n, el cuerpo de San Isidro fue venerado, y declarado &#8220;incorrupto&#8221; por las autoridades eclesi\u00e1sticas, abriendo la caja para comprobar el estado del cuerpo en varias ocasiones. Su cuerpo permanece en una urna regalo de la reina <a href=\"\/es\/temas\/fiestas-y-rituales\/fiesta-de-san-isidro-madrid\/mariana-de-neoburgo\/\" title=\"Mariana de Neoburgo\">Mariana de Neoburgo<\/a> en 1692, que es muy apreciada art\u00edsticamente por su madera de nogal y su rica decoraci\u00f3n de filigrana. Asimismo, la veneraci\u00f3n de los reyes de la dinast\u00eda de los Austrias impuls\u00f3 la idea de construir una gran capilla donde adorar el cuerpo incorrupto de San Isidro. En 1657, <a href=\"\/es\/territorios\/itinerarios-urbanos\/valladolid\/iglesia-de-san-pablo\/felipe-iv\/\" title=\"Felipe IV\">Felipe IV<\/a> acud\u00eda a la colocaci\u00f3n de la primera piedra de la gran Capilla de San Isidro. No obstante, en 1767, con la expulsi\u00f3n de los <a href=\"\/es\/territorios\/itinerarios-urbanos\/lecce\/seminario\/la-compania-de-jesus\/\" title=\"La Compa\u00f1\u00eda de Jes\u00fas\">Jesuitas<\/a> quedaron vac\u00edas muchas Iglesias jesu\u00edticas, entre ellas la Iglesia del colegio Imperial de Madrid situado en la calle Toledo. Se decidi\u00f3 entonces trasladar el cuerpo de San Isidro a esta Iglesia barroca de la Compa\u00f1\u00eda (cuya construcci\u00f3n data del a\u00f1o 1622) convirti\u00e9ndose en la Catedral de San Isidro de Madrid. La fachada de la Iglesia es de las m\u00e1s importantes y grandiosas de Madrid, consta de tres puertas entre cuatro medias columnas con pedestales y dos pilastras en cada extremo. Sobre las columnas est\u00e1 la cornisa y encima una balaustrada. En la parte central de la fachada hay un nicho que alberga las im\u00e1genes de San Isidro y <a href=\"#\" class=\"tooltip yellow-tooltip\">Santa Mar\u00eda de la Cabeza<span>Era natural de Uceda. El sobrenombre de &#8220;la Cabeza&#8221; no es su apellido sino que se debe a que su cabeza fue venerada como reliquia que obraba constantes milagros. Se cas\u00f3 con Isidro, y ambos fueron muy devotos de la Virgen. El culto a Santa Mar\u00eda de la Cabeza fue aprobado por el papa Inocencio XII en 1697.<\/span><\/a>. En la actualidad, como en el siglo XVII, se celebra una procesi\u00f3n solemne cada 15 de mayo, d\u00eda de San Isidro Labrador. Hoy salen las esculturas, primero de Santa Mar\u00eda de la Cabeza y luego de San Isidro, de la Catedral del Santo recorriendo los alrededores del templo, tal y como se muestra en el video. Es, sin duda, una de la fiestas m\u00e1s celebradas por los madrile\u00f1os.<\/p>\n<p style=\"text-align: justify\"><a href=\"\/es\/temas\/fiestas-y-rituales\/\" title=\"Fiestas y rituales\">&lt;&lt;&lt;&#8212;\u00cdndice<\/a>&nbsp;&nbsp; <a href=\"\/es\/temas\/fiestas-y-rituales\/fiesta-de-san-isidro-madrid\/celebracion-de-la-fiesta-de-san-isidro\/\" title=\"Celebraci\u00f3n de la fiesta de San Isidro\">p\u00e1gina siguiente&#8212;&gt;&gt;&gt;<\/a><\/p>\n<\/p><\/div>\n<p><\/p>\n","protected":false},"excerpt":{"rendered":"<p>La Fiesta de San Isidro Labrador (Madrid) [english version]&nbsp;&nbsp; [italian version] San Isidro: labrador medieval, santo barroco y patr\u00f3n actual de Madrid Isidro fue uno de los muchos cristianos que abandonaron la ciudad de Madrid por la conquista de los almor\u00e1vides en el siglo XII.&hellip;<\/p>\n","protected":false},"author":1,"featured_media":0,"parent":5916,"menu_order":0,"comment_status":"closed","ping_status":"closed","template":"","meta":{"footnotes":""},"class_list":["post-6784","page","type-page","status-publish","hentry"],"_links":{"self":[{"href":"https:\/\/digitalhistory.unite.it\/es\/wp-json\/wp\/v2\/pages\/6784","targetHints":{"allow":["GET"]}}],"collection":[{"href":"https:\/\/digitalhistory.unite.it\/es\/wp-json\/wp\/v2\/pages"}],"about":[{"href":"https:\/\/digitalhistory.unite.it\/es\/wp-json\/wp\/v2\/types\/page"}],"author":[{"embeddable":true,"href":"https:\/\/digitalhistory.unite.it\/es\/wp-json\/wp\/v2\/users\/1"}],"replies":[{"embeddable":true,"href":"https:\/\/digitalhistory.unite.it\/es\/wp-json\/wp\/v2\/comments?post=6784"}],"version-history":[{"count":2,"href":"https:\/\/digitalhistory.unite.it\/es\/wp-json\/wp\/v2\/pages\/6784\/revisions"}],"predecessor-version":[{"id":11884,"href":"https:\/\/digitalhistory.unite.it\/es\/wp-json\/wp\/v2\/pages\/6784\/revisions\/11884"}],"up":[{"embeddable":true,"href":"https:\/\/digitalhistory.unite.it\/es\/wp-json\/wp\/v2\/pages\/5916"}],"wp:attachment":[{"href":"https:\/\/digitalhistory.unite.it\/es\/wp-json\/wp\/v2\/media?parent=6784"}],"curies":[{"name":"wp","href":"https:\/\/api.w.org\/{rel}","templated":true}]}}