{"id":6785,"date":"2021-08-20T00:03:58","date_gmt":"2021-08-19T22:03:58","guid":{"rendered":"https:\/\/digitalhistory.unite.it\/los-muebles-barrocos\/"},"modified":"2021-11-23T15:28:55","modified_gmt":"2021-11-23T14:28:55","slug":"los-muebles-barrocos","status":"publish","type":"page","link":"https:\/\/digitalhistory.unite.it\/es\/temas\/vida-material\/muebles\/los-muebles-barrocos\/","title":{"rendered":"Los muebles barrocos y su pervivencia hoy"},"content":{"rendered":"<h1>Los muebles barrocos y su pervivencia hoy <\/h1>\n<div class=\"testo\">\n<p style=\"text-align: justify\">Los muebles son parte fundamental del patrimonio cultural del barroco espa\u00f1ol, reflejan las costumbres, los gustos y los intereses de la sociedad del momento, no obstante, mucho del mobiliario barroco ha desaparecido al ser considerado objetos de uso com\u00fan, por lo que no merecieron el cuidado y la atenci\u00f3n similar a la que tuvo la pintura o escultura.<\/p>\n<p style=\"text-align: justify\"><img loading=\"lazy\" decoding=\"async\" src=\"https:\/\/digitalhistory.unite.it\/wp-content\/uploads\/2021\/08\/clip_image001_226x339.jpg\" width=\"226\" height=\"339\" alt=\"Silla de mano\" align=\"left\">Por otra parte, la vulnerabilidad de los materiales con que fueron realizados estos muebles, aument\u00f3 la dificultad de su conservaci\u00f3n. Las colecciones privadas y los museos han permitido rescatarlos, preservarlos y restaurarlos hasta nuestros d\u00edas, para posibilitar, mediante su estudio y an\u00e1lisis, la creaci\u00f3n de una mayor conciencia en la defensa del patrimonio mobiliario que tambi\u00e9n es parte de nuestro legado hist\u00f3rico. Todav\u00eda hoy podemos contemplar mobiliario barroco en numerosos museos y palacios espa\u00f1oles, entre otros, el <a href=\"#\" class=\"tooltip yellow-tooltip\">Museo Nacional de Artes Decorativas<span>En este museo se expone la cultura material de la sociedad espa\u00f1ola que permite interpretar las ideas y valores de su Historia. Se sit\u00faa en Madrid, en la calle Montalb\u00e1n<\/span><\/a> de <a href=\"\/es\/territorios\/itinerarios-urbanos\/valladolid\/iglesia-de-san-pablo\/madrid\/\" title=\"Madrid\">Madrid<\/a> y el de <a href=\"\/es\/temas\/vida-material\/muebles\/los-muebles-barrocos\/barcelona\/\" title=\"Barcelona\">Barcelona<\/a>, el Museo Arqueol\u00f3gico Nacional, el Museo de la Ciudad de Barcelona, los museos privados como el L\u00e1zaro Galdiano o el Cerralbo, y otros palacios y residencias nobiliarias repartidos por toda Espa\u00f1a y abiertos al p\u00fablico.<\/p>\n<p style=\"text-align: justify\">Con todo, es preciso aclarar que los muebles conservados pertenec\u00edan, la inmensa mayor\u00eda, a la nobleza, la hidalgu\u00eda o a la familia real espa\u00f1ola, siendo objetos \u00fatiles en las casas barrocas, pero tambi\u00e9n piezas que mostraban a las visitas el poder y la riqueza de la familia que los pose\u00eda, m\u00e1s a\u00fan cuando esos muebles eran importados de otros pa\u00edses &#8211; como Italia, Francia o Alemania, con un estilo y una decoraci\u00f3n muy particulares &#8211; o de otras culturas totalmente diferentes como era la oriental.&nbsp;<\/p>\n<p style=\"text-align: justify\">Los muebles que se presentan en este recorrido no pod\u00edan faltar en ninguna casa noble de \u00e9poca barroca: camas, escritorios, sillas, l\u00e1mparas, braseros, espejos, etc., objetos que todav\u00eda hoy mantienen muchas de sus formas y decoraciones o se reproducen en las casas actuales imitando el estilo barroco. Todas las im\u00e1genes que aparecen han sido cedidas o fotografiadas con la colaboraci\u00f3n del Museo Nacional de Artes Decorativas de Madrid.<\/p>\n<p style=\"text-align: justify\"><a href=\"\/es\/temas\/vida-material\/\" title=\"Vida material\">&lt;&lt;&lt;&#8212;\u00cdndice<\/a><span>&nbsp;&nbsp;&nbsp;<\/span> <a href=\"\/es\/temas\/vida-material\/muebles\/papeleras-y-escritorios\/\" title=\"Papeleras y escritorios\">p\u00e1gina siguiente&#8212;&gt;&gt;&gt;<\/a><a href=\"\/es\/temas\/conservatorios\/conservatorios\/\" title=\"Conservatorios\"><\/a><\/p>\n<\/p><\/div>\n<p><\/p>\n","protected":false},"excerpt":{"rendered":"<p>Los muebles barrocos y su pervivencia hoy Los muebles son parte fundamental del patrimonio cultural del barroco espa\u00f1ol, reflejan las costumbres, los gustos y los intereses de la sociedad del momento, no obstante, mucho del mobiliario barroco ha desaparecido al ser considerado objetos de uso&hellip;<\/p>\n","protected":false},"author":1,"featured_media":0,"parent":7626,"menu_order":0,"comment_status":"closed","ping_status":"closed","template":"","meta":{"footnotes":""},"class_list":["post-6785","page","type-page","status-publish","hentry"],"_links":{"self":[{"href":"https:\/\/digitalhistory.unite.it\/es\/wp-json\/wp\/v2\/pages\/6785","targetHints":{"allow":["GET"]}}],"collection":[{"href":"https:\/\/digitalhistory.unite.it\/es\/wp-json\/wp\/v2\/pages"}],"about":[{"href":"https:\/\/digitalhistory.unite.it\/es\/wp-json\/wp\/v2\/types\/page"}],"author":[{"embeddable":true,"href":"https:\/\/digitalhistory.unite.it\/es\/wp-json\/wp\/v2\/users\/1"}],"replies":[{"embeddable":true,"href":"https:\/\/digitalhistory.unite.it\/es\/wp-json\/wp\/v2\/comments?post=6785"}],"version-history":[{"count":2,"href":"https:\/\/digitalhistory.unite.it\/es\/wp-json\/wp\/v2\/pages\/6785\/revisions"}],"predecessor-version":[{"id":11962,"href":"https:\/\/digitalhistory.unite.it\/es\/wp-json\/wp\/v2\/pages\/6785\/revisions\/11962"}],"up":[{"embeddable":true,"href":"https:\/\/digitalhistory.unite.it\/es\/wp-json\/wp\/v2\/pages\/7626"}],"wp:attachment":[{"href":"https:\/\/digitalhistory.unite.it\/es\/wp-json\/wp\/v2\/media?parent=6785"}],"curies":[{"name":"wp","href":"https:\/\/api.w.org\/{rel}","templated":true}]}}