{"id":6786,"date":"2021-08-20T00:03:59","date_gmt":"2021-08-19T22:03:59","guid":{"rendered":"https:\/\/digitalhistory.unite.it\/papeleras-y-escritorios\/"},"modified":"2021-11-23T15:28:54","modified_gmt":"2021-11-23T14:28:54","slug":"papeleras-y-escritorios","status":"publish","type":"page","link":"https:\/\/digitalhistory.unite.it\/es\/temas\/vida-material\/muebles\/papeleras-y-escritorios\/","title":{"rendered":"Guardando la documentaci\u00f3n secreta: las papeleras y escritorios de \u00e9poca barroca"},"content":{"rendered":"<h1>Guardando la documentaci\u00f3n secreta: las papeleras y escritorios de \u00e9poca barroca <\/h1>\n<div class=\"testo\">\n<p style=\"text-align: justify\"><img loading=\"lazy\" decoding=\"async\" src=\"https:\/\/digitalhistory.unite.it\/wp-content\/uploads\/2021\/08\/clip_image001_251x157.jpg\" width=\"251\" height=\"157\" alt=\"Papelera 1\" align=\"left\">Las papeleras (muebles para guardar documentos) y los escritorios resultaban, para la sociedad espa\u00f1ola del Barroco, un mobiliario esencial de su cultura material. Estos muebles, conservados en museos, palacios y casas nobiliarias, serv\u00edan para ocultar y ordenar los pensamientos secretos, las cartas privadas, documentos oficiales. Ciertamente, pertenecen al \u00e1mbito de la escritura y del pensamiento y por ello, se trata de mobiliario perteneciente a la aristocracia que era quienes ten\u00edan el poder adquisitivo, no s\u00f3lo para comprar estos objetos de lujo, sino tambi\u00e9n para recibir una educaci\u00f3n que les permitiera utilizarlos plasmando por escrito sus ideas. De esta manera, la sala donde se situaban estos muebles reflejaba un lugar de trabajo.<\/p>\n<p style=\"text-align: justify\">Son piezas de mobiliario que se datan ya en \u00e9poca romana, pero que fue en \u00e9poca moderna cuando adquieren un alto grado de perfecci\u00f3n en su manufactura y se documenta todo un comercio, tanto interior como exterior, que permit\u00eda que su presencia se encontrase en cualquier casa o palacio nobiliario o real.<\/p>\n<p style=\"text-align: justify\"><img loading=\"lazy\" decoding=\"async\" src=\"https:\/\/digitalhistory.unite.it\/wp-content\/uploads\/2021\/08\/clip_image002_251x159.jpg\" width=\"251\" height=\"159\" alt=\"Papelera 2\" align=\"left\">Las papeleras eran cajas rectangulares, normalmente sin tapa, con un frente dividido en numerosos compartimentos o cajones y sin tablero extra\u00edble por lo que carec\u00edan de espacio para escribir, s\u00f3lo serv\u00edan para guardar documentos (ver imagen 1, <a href=\"#\" class=\"tooltip yellow-tooltip\">Museo Nacional de Artes Decorativas<span>En este museo se expone la cultura material de la sociedad espa\u00f1ola que permite interpretar las ideas y valores de su Historia. Se sit\u00faa en Madrid, en la calle Montalb\u00e1n<\/span><\/a> de <a href=\"\/es\/territorios\/itinerarios-urbanos\/valladolid\/iglesia-de-san-pablo\/madrid\/\" title=\"Madrid\">Madrid<\/a>), sin embargo, los escritorios sol\u00edan tener una forma muy parecida a las papeleras, pero con el tiempo fueron asemej\u00e1ndose m\u00e1s a las mesas-escritorio, que facilitaban la escritura y segu\u00edan presentando gavetas o estantes, pero menos numerosas que en las papeleras (ver imagen 2, Museo Nacional Artes Decorativas de Madrid). A veces ten\u00edan cajones con llave, que se sol\u00edan llamar &#8220;secretos&#8221;, pues s\u00f3lo el propietario acced\u00eda a su interior. La madera utilizada en el barroco espa\u00f1ol fue la de con\u00edferas (pino) y la de nogal. Casi todos estos muebles ten\u00edan unas asas a los lados que facilitan su transporte y que les da el car\u00e1cter m\u00f3vil de estos muebles del barroco pues en numerosas ocasiones acompa\u00f1aban a sus propietarios, como era el caso de los virreyes. Las diferentes formas de estos muebles permiten datarlos con precisi\u00f3n, a lo que se a\u00f1ade la evoluci\u00f3n de las decoraciones y t\u00e9cnicas y las preferencias &#8211; dependiendo de la \u00e9poca &#8211; de unas u otras maderas. En el siglo XVII se constata todo un intercambio de tipolog\u00edas de muebles, que va a caracterizar cada uno de estos muebles dependiendo de su regi\u00f3n. Por ejemplo, muchos de estos muebles presentaban una decoraci\u00f3n de marqueter\u00eda &#8220;alemana&#8221;, o mezclaban la decoraci\u00f3n vegetal t\u00edpicamente oriental sobre materiales o formas de escritorios o papeleras occidentales. Tambi\u00e9n se difundi\u00f3 por Espa\u00f1a la decoraci\u00f3n con chapeado de concha de tortuga combinada con placas de hueso que caracteriz\u00f3 la producci\u00f3n espa\u00f1ola e italiana (sobre todo de <a href=\"\/es\/territorios\/itinerarios-urbanos\/lecce\/plaza-de-san-oronzo\/napoles\/\" title=\"N\u00e1poles\">N\u00e1poles<\/a>) de la segunda mitad del siglo XVII.<\/p>\n<p style=\"text-align: justify\"><a href=\"\/es\/temas\/vida-material\/muebles\/los-muebles-barrocos\/\" title=\"Los muebles barrocos\">&lt;&lt;&lt;&#8212;p\u00e1gina precedente<\/a><span>&nbsp;&nbsp;&nbsp;<\/span> <span>&nbsp;<\/span> <a href=\"\/es\/temas\/vida-material\/muebles\/camas\/\" title=\"Camas\">p\u00e1gina siguiente&#8212;&gt;&gt;&gt;<\/a><a href=\"\/es\/temas\/conservatorios\/alessandro-scarlatti\/\" title=\"Alessandro Scarlatti\"><\/a><\/p>\n<\/p><\/div>\n<p><\/p>\n","protected":false},"excerpt":{"rendered":"<p>Guardando la documentaci\u00f3n secreta: las papeleras y escritorios de \u00e9poca barroca Las papeleras (muebles para guardar documentos) y los escritorios resultaban, para la sociedad espa\u00f1ola del Barroco, un mobiliario esencial de su cultura material. Estos muebles, conservados en museos, palacios y casas nobiliarias, serv\u00edan para&hellip;<\/p>\n","protected":false},"author":1,"featured_media":0,"parent":7626,"menu_order":0,"comment_status":"closed","ping_status":"closed","template":"","meta":{"footnotes":""},"class_list":["post-6786","page","type-page","status-publish","hentry"],"_links":{"self":[{"href":"https:\/\/digitalhistory.unite.it\/es\/wp-json\/wp\/v2\/pages\/6786","targetHints":{"allow":["GET"]}}],"collection":[{"href":"https:\/\/digitalhistory.unite.it\/es\/wp-json\/wp\/v2\/pages"}],"about":[{"href":"https:\/\/digitalhistory.unite.it\/es\/wp-json\/wp\/v2\/types\/page"}],"author":[{"embeddable":true,"href":"https:\/\/digitalhistory.unite.it\/es\/wp-json\/wp\/v2\/users\/1"}],"replies":[{"embeddable":true,"href":"https:\/\/digitalhistory.unite.it\/es\/wp-json\/wp\/v2\/comments?post=6786"}],"version-history":[{"count":2,"href":"https:\/\/digitalhistory.unite.it\/es\/wp-json\/wp\/v2\/pages\/6786\/revisions"}],"predecessor-version":[{"id":11961,"href":"https:\/\/digitalhistory.unite.it\/es\/wp-json\/wp\/v2\/pages\/6786\/revisions\/11961"}],"up":[{"embeddable":true,"href":"https:\/\/digitalhistory.unite.it\/es\/wp-json\/wp\/v2\/pages\/7626"}],"wp:attachment":[{"href":"https:\/\/digitalhistory.unite.it\/es\/wp-json\/wp\/v2\/media?parent=6786"}],"curies":[{"name":"wp","href":"https:\/\/api.w.org\/{rel}","templated":true}]}}