{"id":6787,"date":"2021-08-20T00:03:59","date_gmt":"2021-08-19T22:03:59","guid":{"rendered":"https:\/\/digitalhistory.unite.it\/camas\/"},"modified":"2021-11-23T15:28:54","modified_gmt":"2021-11-23T14:28:54","slug":"camas","status":"publish","type":"page","link":"https:\/\/digitalhistory.unite.it\/es\/temas\/vida-material\/muebles\/camas\/","title":{"rendered":"El descanso pl\u00e1cido durante el barroco espa\u00f1ol: las camas"},"content":{"rendered":"<h1>El descanso pl\u00e1cido durante el barroco espa\u00f1ol: las camas <\/h1>\n<div class=\"testo\">\n<p style=\"text-align: justify\"><img loading=\"lazy\" decoding=\"async\" src=\"https:\/\/digitalhistory.unite.it\/wp-content\/uploads\/2021\/08\/clip_image002_251x184.jpg\" width=\"251\" height=\"184\" alt=\"Camas\" align=\"left\">En \u00e9poca moderna, las camas adem\u00e1s de ser el lugar de descanso del hombre, eran tambi\u00e9n un s\u00edmbolo de riqueza y prestigio &#8211; se\u00f1alando el poder de quien las ocupaba -, tanto era as\u00ed, que se sol\u00edan heredar de padres a hijos. Aparec\u00edan tambi\u00e9n en los inventarios de dotes de las mujeres de la nobleza. En funci\u00f3n de su dimensi\u00f3n, materiales, decoraci\u00f3n, naturaleza del colch\u00f3n y calidad de las s\u00e1banas pod\u00edan pertenecer a familias m\u00e1s o menos poderosas. Pero la cama tambi\u00e9n ten\u00eda gran simbolismo religioso, pues era el lugar a donde la persona padec\u00eda una enfermedad y, incluso, le llegaba su hora de muerte, convirti\u00e9ndose a veces, en peque\u00f1os altares temporales donde reposaba el difunto. Las camas de uso individual de peque\u00f1as dimensiones se popularizaron en el siglo XVII a consecuencia de la estricta ortodoxia de la Iglesia, efecto de una sociedad religiosa que trataba, por todos los medios, de evitar el contacto f\u00edsico entre personas que pod\u00eda llevar al pecado y a la promiscuidad.<\/p>\n<p style=\"text-align: justify\">Existieron fundamentalmente tres tipos de cama, dependiendo de su forma, durante el barroco espa\u00f1ol; por un lado la cama con dosel, de inspiraci\u00f3n italiana, con columnas salom\u00f3nicas apoyadas sobre plintos, y por el otro, la cama con cuatro postes o columnas a media altura, rematadas con bolas o pin\u00e1culos (imagen. <a href=\"#\" class=\"tooltip yellow-tooltip\">Museo Nacional de Artes Decorativas<span>En este museo se expone la cultura material de la sociedad espa\u00f1ola que permite interpretar las ideas y valores de su Historia. Se sit\u00faa en Madrid, en la calle Montalb\u00e1n<\/span><\/a> de <a href=\"\/es\/territorios\/itinerarios-urbanos\/valladolid\/iglesia-de-san-pablo\/madrid\/\" title=\"Madrid\">Madrid<\/a>), y carentes de dosel, tipolog\u00eda que tambi\u00e9n era italiana. Y por \u00faltimo, la cama con columnas sin dosel pero con cabecero, normalmente con forma triangular, en el que pod\u00eda tallarse el motivo her\u00e1ldico de la familia o decorarse con temas florales o geom\u00e9tricos. Las columnas, independientemente de que fueran a media altura o sujetaran los doseles, sol\u00edan presentar una decoraci\u00f3n escult\u00f3rica de \u00e1ngeles, cari\u00e1tides o flores. A partir de los a\u00f1os 20 del siglo XVII llegaron de <a href=\"\/es\/territorios\/itinerarios-urbanos\/lecce\/plaza-de-san-oronzo\/napoles\/\" title=\"N\u00e1poles\">N\u00e1poles<\/a> las camas con columnas entorchadas o retorcidas, con decoraci\u00f3n escult\u00f3rica y acabado dorado o plateado. La madera utilizada en las camas barrocas espa\u00f1olas era de nogal o pino. La mayor\u00eda de los colchones de esa \u00e9poca han desaparecido, pero sol\u00edan ser de lana y se apoyaban sobre somieres con tablas de madera. Los pies de la cama sol\u00edan tener forma de jarr\u00f3n o de garras de animal. En cuanto al ajuar, se fueron introduciendo nuevos tejidos como el algod\u00f3n en s\u00e1banas y fundas.<\/p>\n<p style=\"text-align: justify\"><a href=\"\/es\/temas\/vida-material\/muebles\/papeleras-y-escritorios\/\" title=\"Papeleras y escritorios\">&lt;&lt;&lt;&#8212;p\u00e1gina precedente<\/a><span>&nbsp;&nbsp;&nbsp;<\/span> <span>&nbsp;<\/span> <a href=\"\/es\/temas\/vida-material\/muebles\/sillas-sillones-y-sillas-de-mano\/\" title=\"Sillas, sillones y sillas de mano\">p\u00e1gina siguiente&#8212;&gt;&gt;&gt;<\/a><a href=\"\/es\/temas\/conservatorios\/alessandro-scarlatti\/\" title=\"Alessandro Scarlatti\"><\/a><\/p>\n<\/p><\/div>\n<p><\/p>\n","protected":false},"excerpt":{"rendered":"<p>El descanso pl\u00e1cido durante el barroco espa\u00f1ol: las camas En \u00e9poca moderna, las camas adem\u00e1s de ser el lugar de descanso del hombre, eran tambi\u00e9n un s\u00edmbolo de riqueza y prestigio &#8211; se\u00f1alando el poder de quien las ocupaba -, tanto era as\u00ed, que se&hellip;<\/p>\n","protected":false},"author":1,"featured_media":0,"parent":7626,"menu_order":0,"comment_status":"closed","ping_status":"closed","template":"","meta":{"footnotes":""},"class_list":["post-6787","page","type-page","status-publish","hentry"],"_links":{"self":[{"href":"https:\/\/digitalhistory.unite.it\/es\/wp-json\/wp\/v2\/pages\/6787","targetHints":{"allow":["GET"]}}],"collection":[{"href":"https:\/\/digitalhistory.unite.it\/es\/wp-json\/wp\/v2\/pages"}],"about":[{"href":"https:\/\/digitalhistory.unite.it\/es\/wp-json\/wp\/v2\/types\/page"}],"author":[{"embeddable":true,"href":"https:\/\/digitalhistory.unite.it\/es\/wp-json\/wp\/v2\/users\/1"}],"replies":[{"embeddable":true,"href":"https:\/\/digitalhistory.unite.it\/es\/wp-json\/wp\/v2\/comments?post=6787"}],"version-history":[{"count":2,"href":"https:\/\/digitalhistory.unite.it\/es\/wp-json\/wp\/v2\/pages\/6787\/revisions"}],"predecessor-version":[{"id":11960,"href":"https:\/\/digitalhistory.unite.it\/es\/wp-json\/wp\/v2\/pages\/6787\/revisions\/11960"}],"up":[{"embeddable":true,"href":"https:\/\/digitalhistory.unite.it\/es\/wp-json\/wp\/v2\/pages\/7626"}],"wp:attachment":[{"href":"https:\/\/digitalhistory.unite.it\/es\/wp-json\/wp\/v2\/media?parent=6787"}],"curies":[{"name":"wp","href":"https:\/\/api.w.org\/{rel}","templated":true}]}}