{"id":6789,"date":"2021-08-20T00:03:59","date_gmt":"2021-08-19T22:03:59","guid":{"rendered":"https:\/\/digitalhistory.unite.it\/braseros-lamparas-y-espejos\/"},"modified":"2021-11-23T15:28:55","modified_gmt":"2021-11-23T14:28:55","slug":"braseros-lamparas-y-espejos","status":"publish","type":"page","link":"https:\/\/digitalhistory.unite.it\/es\/temas\/vida-material\/muebles\/braseros-lamparas-y-espejos\/","title":{"rendered":"Peque\u00f1os muebles: braseros, l\u00e1mparas y espejos"},"content":{"rendered":"<h1>Peque\u00f1os muebles: braseros, l\u00e1mparas y espejos <\/h1>\n<div class=\"testo\">\n<p style=\"text-align: justify\"><img loading=\"lazy\" decoding=\"async\" src=\"https:\/\/digitalhistory.unite.it\/wp-content\/uploads\/2021\/08\/clip_image001_252x168.jpg\" width=\"252\" height=\"168\" alt=\"Brasero 1\" align=\"left\">Durante el Barroco espa\u00f1ol los braseros o braserillos ostentaban la categor\u00eda de muebles, como elementos \u00fatiles pero tambi\u00e9n ornamentales de gran riqueza y valor (ver imagen 1. <a href=\"#\" class=\"tooltip yellow-tooltip\">Museo Nacional de Artes Decorativas<span>En este museo se expone la cultura material de la sociedad espa\u00f1ola que permite interpretar las ideas y valores de su Historia. Se sit\u00faa en Madrid, en la calle Montalb\u00e1n<\/span><\/a> de <a href=\"\/es\/territorios\/itinerarios-urbanos\/valladolid\/iglesia-de-san-pablo\/madrid\/\" title=\"Madrid\">Madrid<\/a>). Estos objetos, relacionados con la calefacci\u00f3n del hogar, en los que se echaba la lumbre, hac\u00edan m\u00e1s confortables las casas y ofrec\u00edan mayor distinci\u00f3n al patr\u00f3n de la casa, de cara al momento de recibir las visitas, convirti\u00e9ndose en un elemento decorativo pero tambi\u00e9n imprescindible en toda reuni\u00f3n social durante el invierno. Frente al gran uso del hierro de \u00e9pocas anteriores, ahora tender\u00e1 a imponerse el uso del bronce y la plata. En cuanto a la forma de los braseros y braserillos la m\u00e1s com\u00fan ser\u00e1 la de hex\u00e1gono u octogonal. Tambi\u00e9n proliferaron en este momento las chofetas &#8211; de metal o cer\u00e1mica &#8211; que eran peque\u00f1os braserillos para calentarse las manos o quemar hierbas arom\u00e1ticas.<\/p>\n<p style=\"text-align: justify\">Los objetos lum\u00ednicos tend\u00edan a realizarse en plata, y si se hac\u00edan en hierro o bronce se doraban o plateaban para dar mayor distinci\u00f3n al objeto. Pod\u00edan ser de mesa como candeleros, candelabros, o de pared como apliques para sujetar las velas, o l\u00e1mparas de techo, de mayor tama\u00f1o, que sol\u00edan ser de plata con copete campaniforme que se sujetaba a la techumbre, del que sal\u00edan entre seis y ocho cadenas que sujetaban el plato decorado con formas vegetales o geom\u00e9tricas. \u00c9stas \u00faltimas de fabricaci\u00f3n andaluza. &nbsp;<\/p>\n<p style=\"text-align: justify\"><img loading=\"lazy\" decoding=\"async\" src=\"https:\/\/digitalhistory.unite.it\/wp-content\/uploads\/2021\/08\/clip_image001_252x272.jpg\" width=\"252\" height=\"272\" alt=\"Espejo\" align=\"left\">Los espejos fueron menos frecuentes en el siglo XVII que en el siglo XVIII. Ciertamente, aparecen en casi todos los testamentos del siglo XVIII, lo que manifiesta un cambio de costumbres en la higiene personal y una mayor preocupaci\u00f3n por el vestuario y el aspecto personal. El espejo proclama el triunfo de la imagen y la apariencia, en definitiva, un mayor individualismo. No obstante el Barroco es el siglo del juego con espejos y las experimentaciones cat\u00f3ptricas que despertaron el inter\u00e9s de la sociedad europea en general. En el caso espa\u00f1ol, en diversas pinturas barrocas aparecen peque\u00f1os espejos que reflejan las cosas y personas situadas fuera de las pinturas, siendo <em><a href=\"\/es\/temas\/vida-material\/muebles\/braseros-lamparas-y-espejos\/las-meninas-de-velazquez\/\" title=\"Las Meninas de Vel\u00e1zquez\">Las Meninas<\/a><\/em> de <a href=\"\/es\/temas\/vida-material\/muebles\/braseros-lamparas-y-espejos\/velazquez\/\" title=\"Vel\u00e1zquez\">Vel\u00e1zquez<\/a> el ejemplo m\u00e1s conocido, cuya t\u00e9cnica permite ver el interior y exterior del cuadro, desde diversas perspectivas. La multiplicaci\u00f3n de espejos en la decoraci\u00f3n de las casas nobiliarias y en los palacios (baste recordar el sal\u00f3n de espejos del <a href=\"\/es\/territorios\/itinerarios-regionales\/monasterios\/conventos-femeninos-en-epoca-barroca\/alcazar\/\" title=\"Alc\u00e1zar\">Alc\u00e1zar<\/a> madrile\u00f1o), sirvi\u00f3 a un doble prop\u00f3sito: los <a href=\"\/es\/territorios\/itinerarios-urbanos\/valladolid\/iglesia-de-san-pablo\/corte\/\" title=\"Corte\">cortesanos<\/a> pod\u00edan sentirse como espectadores y personajes teatrales. Los espejos que proliferaron en el barroco espa\u00f1ol sol\u00edan ser tener forma cuadrada o rectangular, y el material de los marcos de los espejos era muy variado: desde madera dorada o sin dorar, de lat\u00f3n o bronce (ver imagen 2. Museo Nacional Artes Decorativas de Madrid).<\/p>\n<p style=\"text-align: justify\"><a href=\"\/es\/temas\/vida-material\/muebles\/sillas-sillones-y-sillas-de-mano\/\" title=\"Sillas, sillones y sillas de mano\">&lt;&lt;&lt;&#8212;p\u00e1gina precedente<\/a><span>&nbsp;&nbsp;&nbsp;<\/span> <span>&nbsp;<\/span> <a href=\"\/es\/temas\/vida-material\/\" title=\"Vida material\">\u00cdndice&#8212;&gt;&gt;&gt;<\/a><a href=\"\/es\/temas\/conservatorios\/\" title=\"Conservatorios\"><\/a><\/p>\n<\/p><\/div>\n<p><\/p>\n","protected":false},"excerpt":{"rendered":"<p>Peque\u00f1os muebles: braseros, l\u00e1mparas y espejos Durante el Barroco espa\u00f1ol los braseros o braserillos ostentaban la categor\u00eda de muebles, como elementos \u00fatiles pero tambi\u00e9n ornamentales de gran riqueza y valor (ver imagen 1. Museo Nacional de Artes DecorativasEn este museo se expone la cultura material&hellip;<\/p>\n","protected":false},"author":1,"featured_media":0,"parent":7626,"menu_order":0,"comment_status":"closed","ping_status":"closed","template":"","meta":{"footnotes":""},"class_list":["post-6789","page","type-page","status-publish","hentry"],"_links":{"self":[{"href":"https:\/\/digitalhistory.unite.it\/es\/wp-json\/wp\/v2\/pages\/6789","targetHints":{"allow":["GET"]}}],"collection":[{"href":"https:\/\/digitalhistory.unite.it\/es\/wp-json\/wp\/v2\/pages"}],"about":[{"href":"https:\/\/digitalhistory.unite.it\/es\/wp-json\/wp\/v2\/types\/page"}],"author":[{"embeddable":true,"href":"https:\/\/digitalhistory.unite.it\/es\/wp-json\/wp\/v2\/users\/1"}],"replies":[{"embeddable":true,"href":"https:\/\/digitalhistory.unite.it\/es\/wp-json\/wp\/v2\/comments?post=6789"}],"version-history":[{"count":2,"href":"https:\/\/digitalhistory.unite.it\/es\/wp-json\/wp\/v2\/pages\/6789\/revisions"}],"predecessor-version":[{"id":11963,"href":"https:\/\/digitalhistory.unite.it\/es\/wp-json\/wp\/v2\/pages\/6789\/revisions\/11963"}],"up":[{"embeddable":true,"href":"https:\/\/digitalhistory.unite.it\/es\/wp-json\/wp\/v2\/pages\/7626"}],"wp:attachment":[{"href":"https:\/\/digitalhistory.unite.it\/es\/wp-json\/wp\/v2\/media?parent=6789"}],"curies":[{"name":"wp","href":"https:\/\/api.w.org\/{rel}","templated":true}]}}