{"id":6799,"date":"2021-08-20T00:04:00","date_gmt":"2021-08-19T22:04:00","guid":{"rendered":"https:\/\/digitalhistory.unite.it\/i-borromeo\/"},"modified":"2021-11-23T15:27:11","modified_gmt":"2021-11-23T14:27:11","slug":"i-borromeo","status":"publish","type":"page","link":"https:\/\/digitalhistory.unite.it\/es\/territori\/percorsi-regionali\/ville-e-giardini-nella-lombardia-barocca\/isola-bella-borromeo-e-il-suo-palazzo\/i-borromeo\/","title":{"rendered":"I Borromeo"},"content":{"rendered":"<h1>I Borromeo <\/h1>\n<div class=\"testo\">\n<p style=\"text-align: justify\"><img loading=\"lazy\" decoding=\"async\" src=\"https:\/\/digitalhistory.unite.it\/wp-content\/uploads\/2021\/08\/san_carlo_borromeo_226x301.jpg\" width=\"226\" height=\"301\" alt=\"Carlo Borromeo\" align=\"left\">I Borromeo sono una delle pi\u00f9 importanti famiglie della storia di Milano, potenti dal punto di vista sia politico che economico e tuttora proprietari di vasti possedimenti immobiliari in tutto il Nord Italia. Le prime notizie della famiglia risalgono alla fine del XIII secolo, quando i &#8220;Buon Romei&#8221;, originari di Roma, conobbero una rapida fortuna economica (basata soprattutto sull&#8217;attivit\u00e0 di banchieri), legandosi anche alla potente famiglia dei Visconti. Si trasferirono a Milano e a Padova nella seconda met\u00e0 del Trecento, e proprio a Padova, dal matrimonio tra Giacomo Vitaliani e Margherita Borromeo, nacque Vitaliano I, adottato dallo zio materno Giovanni Borromeo a patto di prenderne il cognome e diventato cos\u00ec il capostipite della grande famiglia milanese. Tra gli esponenti del clan, spiccano due nomi di primo piano nella storia religiosa dell&#8217;Italia cinque-seicentesca e in particolare del milanese: i cardinali Carlo Borromeo (1538-1584), arcivescovo di Milano dal 1564 fino alla morte e in seguito canonizzato da Paolo V nel 1610 (foto), e Federico Borromeo (1564-1631), anche lui arcivescovo di Milano dal 1595 fino alla morte. Carlo III Borromeo, invece,&nbsp;spos\u00f2 Isabella d&#8217;Adda e avvi\u00f2 i lavori di trasformazione dell&#8217;Isola Bella sul Lago Maggiore. Tra le varie propriet\u00e0 dei diversi rami della famiglia, ricordiamo, oltre all&#8217;Isola Bella, i palazzi Borromeo d&#8217;Adda in via Manzoni a Milano, Arese Borromeo a Cesano Maderno e Gabrielli-Borromeo a Roma; Villa Visconti Borromeo Arese Litta a Lainate; i castelli di Camairago, Cassano d&#8217;Adda, Corneliano Bertario, Origgio, Peschiera Borromeo e Rocca di Angera.<\/p>\n<p style=\"text-align: justify\">Per saperne di pi\u00f9:<\/p>\n<ul>\n<li>\n<div style=\"text-align: justify\">H. Jedin, <em>Carlo Borromeo<\/em>, Roma 1971.<\/div>\n<\/li>\n<li>\n<div style=\"text-align: justify\">W. de Boer, <em>The conquest of the soul. Confession, discipline, and public order in counter reformation Milan<\/em>, Leiden 2001.<\/div>\n<\/li>\n<\/ul>\n<\/div>\n<p><\/p>\n","protected":false},"excerpt":{"rendered":"<p>I Borromeo I Borromeo sono una delle pi\u00f9 importanti famiglie della storia di Milano, potenti dal punto di vista sia politico che economico e tuttora proprietari di vasti possedimenti immobiliari in tutto il Nord Italia. Le prime notizie della famiglia risalgono alla fine del XIII&hellip;<\/p>\n","protected":false},"author":1,"featured_media":0,"parent":5992,"menu_order":0,"comment_status":"closed","ping_status":"closed","template":"","meta":{"footnotes":""},"class_list":["post-6799","page","type-page","status-publish","hentry"],"_links":{"self":[{"href":"https:\/\/digitalhistory.unite.it\/es\/wp-json\/wp\/v2\/pages\/6799","targetHints":{"allow":["GET"]}}],"collection":[{"href":"https:\/\/digitalhistory.unite.it\/es\/wp-json\/wp\/v2\/pages"}],"about":[{"href":"https:\/\/digitalhistory.unite.it\/es\/wp-json\/wp\/v2\/types\/page"}],"author":[{"embeddable":true,"href":"https:\/\/digitalhistory.unite.it\/es\/wp-json\/wp\/v2\/users\/1"}],"replies":[{"embeddable":true,"href":"https:\/\/digitalhistory.unite.it\/es\/wp-json\/wp\/v2\/comments?post=6799"}],"version-history":[{"count":3,"href":"https:\/\/digitalhistory.unite.it\/es\/wp-json\/wp\/v2\/pages\/6799\/revisions"}],"predecessor-version":[{"id":10847,"href":"https:\/\/digitalhistory.unite.it\/es\/wp-json\/wp\/v2\/pages\/6799\/revisions\/10847"}],"up":[{"embeddable":true,"href":"https:\/\/digitalhistory.unite.it\/es\/wp-json\/wp\/v2\/pages\/5992"}],"wp:attachment":[{"href":"https:\/\/digitalhistory.unite.it\/es\/wp-json\/wp\/v2\/media?parent=6799"}],"curies":[{"name":"wp","href":"https:\/\/api.w.org\/{rel}","templated":true}]}}