{"id":6800,"date":"2021-08-20T00:04:00","date_gmt":"2021-08-19T22:04:00","guid":{"rendered":"https:\/\/digitalhistory.unite.it\/regno-di-napoli\/"},"modified":"2021-11-23T15:26:59","modified_gmt":"2021-11-23T14:26:59","slug":"regno-di-napoli","status":"publish","type":"page","link":"https:\/\/digitalhistory.unite.it\/es\/territori\/percorsi-regionali\/il-barocco-in-provincia-de-laquila\/castel-di-sangro\/regno-di-napoli\/","title":{"rendered":"Regno di Napoli"},"content":{"rendered":"<h1>Regno di Napoli <\/h1>\n<div class=\"testo\">\n<p style=\"text-align: justify\"><img loading=\"lazy\" decoding=\"async\" src=\"https:\/\/digitalhistory.unite.it\/wp-content\/uploads\/2021\/08\/regno_di_napoli_225x307.jpg\" width=\"225\" height=\"307\" alt=\"Regno di Napoli\" align=\"left\">Il regno di Napoli divenne un&#8217;entit\u00e0 autonoma con la divisione in due del Regno di Sicilia, conseguenza della rivolta dei Vespri e della guerra che ne segu\u00ec (1282-1302). Gli Angioini, che dal 1266 regnavano sulla Sicilia e su Napoli, persero l&#8217;Isola, sconfitti dagli Aragonesi, ma mantennero la parte peninsulare del regno. Nel 1442 Alfonso V il Magnanimo d&#8217;Aragona (1396-1458) sconfisse definitivamente gli Angioini, conquist\u00f2 Napoli e riunific\u00f2 i due stati sotto uno stesso sovrano. I due regni, tuttavia, conservarono la distinzione nominale che sar\u00e0 superata solo nel 1816, con la nascita del Regno delle Due Sicilie. Dopo una breve occupazione francese (iniziata nel 1494), a partire dal 1503 il regno di Napoli segu\u00ec le sorti della Spagna, che ne affid\u00f2 il governo ad un vicer\u00e9. Nel 1647 scoppi\u00f2 la rivolta popolare, poi detta di Masaniello, che venne sedata con le armi solo nell&#8217;aprile dell&#8217;anno successivo. Durante la Guerra di Successione spagnola (1701-1713), il regno di Napoli pass\u00f2 agli Asburgo d&#8217;Austria. Nel 1734, Carlo di Borbone (1716-1788, figlio di Filippo V di Spagna) riconquist\u00f2 la capitale. Il trattato di Vienna (1738) riconobbe Carlo come re di Napoli e Sicilia, segnando cos\u00ec le premesse per la costituzione di un regno indipendente.<\/p>\n<p style=\"text-align: justify\">Per saperne di pi\u00f9:<\/p>\n<ul>\n<li>G. Galasso, <em>Storia del Regno di Napoli<\/em>, 6 voll., Torino 2006.<\/li>\n<\/ul>\n<\/div>\n<p><\/p>\n","protected":false},"excerpt":{"rendered":"<p>Regno di Napoli Il regno di Napoli divenne un&#8217;entit\u00e0 autonoma con la divisione in due del Regno di Sicilia, conseguenza della rivolta dei Vespri e della guerra che ne segu\u00ec (1282-1302). Gli Angioini, che dal 1266 regnavano sulla Sicilia e su Napoli, persero l&#8217;Isola, sconfitti&hellip;<\/p>\n","protected":false},"author":1,"featured_media":0,"parent":6033,"menu_order":0,"comment_status":"closed","ping_status":"closed","template":"","meta":{"footnotes":""},"class_list":["post-6800","page","type-page","status-publish","hentry"],"_links":{"self":[{"href":"https:\/\/digitalhistory.unite.it\/es\/wp-json\/wp\/v2\/pages\/6800","targetHints":{"allow":["GET"]}}],"collection":[{"href":"https:\/\/digitalhistory.unite.it\/es\/wp-json\/wp\/v2\/pages"}],"about":[{"href":"https:\/\/digitalhistory.unite.it\/es\/wp-json\/wp\/v2\/types\/page"}],"author":[{"embeddable":true,"href":"https:\/\/digitalhistory.unite.it\/es\/wp-json\/wp\/v2\/users\/1"}],"replies":[{"embeddable":true,"href":"https:\/\/digitalhistory.unite.it\/es\/wp-json\/wp\/v2\/comments?post=6800"}],"version-history":[{"count":3,"href":"https:\/\/digitalhistory.unite.it\/es\/wp-json\/wp\/v2\/pages\/6800\/revisions"}],"predecessor-version":[{"id":10722,"href":"https:\/\/digitalhistory.unite.it\/es\/wp-json\/wp\/v2\/pages\/6800\/revisions\/10722"}],"up":[{"embeddable":true,"href":"https:\/\/digitalhistory.unite.it\/es\/wp-json\/wp\/v2\/pages\/6033"}],"wp:attachment":[{"href":"https:\/\/digitalhistory.unite.it\/es\/wp-json\/wp\/v2\/media?parent=6800"}],"curies":[{"name":"wp","href":"https:\/\/api.w.org\/{rel}","templated":true}]}}