{"id":6801,"date":"2021-08-19T22:04:00","date_gmt":"2021-08-19T20:04:00","guid":{"rendered":"https:\/\/digitalhistory.unite.it\/la-sicilia-spagnola-e-la-palermo-dei-vicere\/"},"modified":"2021-11-23T15:27:29","modified_gmt":"2021-11-23T14:27:29","slug":"la-sicilia-spagnola-e-la-palermo-dei-vicere","status":"publish","type":"page","link":"https:\/\/digitalhistory.unite.it\/es\/territori\/percorsi-urbani\/la-sicilia-spagnola-e-la-palermo-dei-vicere\/","title":{"rendered":"La Sicilia spagnola e la Palermo dei vicer\u00e9"},"content":{"rendered":"<h1>La Sicilia spagnola e la Palermo dei vicer\u00e9 <\/h1>\n<div class=\"testo\">\n<ul>\n<li style=\"text-align: justify\"><a href=\"\/territori\/percorsi-urbani\/la-sicilia-spagnola-e-la-palermo-dei-vicere\/a-spasso-con-il-vicere\/\" title=\"A spasso con il vicer\u00e9\">A spasso con il vicer\u00e9<\/a><\/li>\n<li style=\"text-align: justify\"><a href=\"\/territori\/percorsi-urbani\/la-sicilia-spagnola-e-la-palermo-dei-vicere\/lingresso-in-citta-il-cassaro-e-porta-felice\/\" title=\"L'ingresso in citt\u00e0: il Cassaro e Porta Felice\">L&#8217;ingresso in citt\u00e0: il Cassaro e Porta Felice<\/a><\/li>\n<li style=\"text-align: justify\"><a href=\"\/territori\/percorsi-urbani\/la-sicilia-spagnola-e-la-palermo-dei-vicere\/palazzo-delle-aquile-e-fontana-pretoria\/\" title=\"Palazzo delle Aquile e Fontana Pretoria\">Nostra Signora della Catena, Nostra Signora di Portosalvo, il Palazzo delle Aquile e la Fontana Pretoria<\/a><\/li>\n<li style=\"text-align: justify\"><a href=\"\/territori\/percorsi-urbani\/la-sicilia-spagnola-e-la-palermo-dei-vicere\/piazza-bologni-la-cattedrale-e-il-palazzo-arcivescovile\/\" title=\"Piazza Bologni, la Cattedrale e il Palazzo Arcivescovile\">Piazza Bologni, la Cattedrale e il Palazzo Arcivescovile<\/a><\/li>\n<li style=\"text-align: justify\"><a href=\"\/territori\/percorsi-urbani\/la-sicilia-spagnola-e-la-palermo-dei-vicere\/porta-nuova-il-palazzo-dei-normanni-e-i-quattro-canti\/\" title=\"Porta Nuova, il Palazzo dei Normanni e i Quattro canti\">Porta Nuova, il Palazzo dei Normanni e i Quattro canti<\/a><\/li>\n<li style=\"text-align: justify\"><a href=\"\/territori\/percorsi-urbani\/la-sicilia-spagnola-e-la-palermo-dei-vicere\/piazza-marina-e-la-partenza-del-vicere\/\" title=\"Piazza Marina e la partenza del vicer\u00e9\">Piazza Marina e la partenza del vicer\u00e9<\/a><\/li>\n<\/ul>\n<\/div>\n<p><\/p>\n","protected":false},"excerpt":{"rendered":"<p>La Sicilia spagnola e la Palermo dei vicer\u00e9 A spasso con il vicer\u00e9 L&#8217;ingresso in citt\u00e0: il Cassaro e Porta Felice Nostra Signora della Catena, Nostra Signora di Portosalvo, il Palazzo delle Aquile e la Fontana Pretoria Piazza Bologni, la Cattedrale e il Palazzo Arcivescovile&hellip;<\/p>\n","protected":false},"author":1,"featured_media":0,"parent":5812,"menu_order":0,"comment_status":"closed","ping_status":"closed","template":"","meta":{"footnotes":""},"class_list":["post-6801","page","type-page","status-publish","hentry"],"_links":{"self":[{"href":"https:\/\/digitalhistory.unite.it\/es\/wp-json\/wp\/v2\/pages\/6801","targetHints":{"allow":["GET"]}}],"collection":[{"href":"https:\/\/digitalhistory.unite.it\/es\/wp-json\/wp\/v2\/pages"}],"about":[{"href":"https:\/\/digitalhistory.unite.it\/es\/wp-json\/wp\/v2\/types\/page"}],"author":[{"embeddable":true,"href":"https:\/\/digitalhistory.unite.it\/es\/wp-json\/wp\/v2\/users\/1"}],"replies":[{"embeddable":true,"href":"https:\/\/digitalhistory.unite.it\/es\/wp-json\/wp\/v2\/comments?post=6801"}],"version-history":[{"count":3,"href":"https:\/\/digitalhistory.unite.it\/es\/wp-json\/wp\/v2\/pages\/6801\/revisions"}],"predecessor-version":[{"id":11029,"href":"https:\/\/digitalhistory.unite.it\/es\/wp-json\/wp\/v2\/pages\/6801\/revisions\/11029"}],"up":[{"embeddable":true,"href":"https:\/\/digitalhistory.unite.it\/es\/wp-json\/wp\/v2\/pages\/5812"}],"wp:attachment":[{"href":"https:\/\/digitalhistory.unite.it\/es\/wp-json\/wp\/v2\/media?parent=6801"}],"curies":[{"name":"wp","href":"https:\/\/api.w.org\/{rel}","templated":true}]}}