{"id":6807,"date":"2021-08-19T22:04:01","date_gmt":"2021-08-19T20:04:01","guid":{"rendered":"https:\/\/digitalhistory.unite.it\/toledo\/"},"modified":"2021-11-23T17:44:54","modified_gmt":"2021-11-23T16:44:54","slug":"toledo","status":"publish","type":"page","link":"https:\/\/digitalhistory.unite.it\/es\/temi\/feste-e-rituali\/i-giganti-in-spagna\/toledo\/","title":{"rendered":"Toledo"},"content":{"rendered":"<h1>Toledo <\/h1>\n<div class=\"testo\">\n<p style=\"text-align: justify\"><img loading=\"lazy\" decoding=\"async\" src=\"https:\/\/digitalhistory.unite.it\/wp-content\/uploads\/2021\/08\/toledo__fileminimizer__342x163.jpg\" width=\"342\" height=\"163\" alt=\"Toledo\" align=\"left\">Antica capitale del regno visigoto, Toledo venne assoggettata al dominio mussulmano nel 711. Riconquistata dalle forze cristiane nell&#8217;XI secolo, divenne un centro fiorente a livello economico e culturale. La felice sintesi tra cultura cristiana, araba e ebraica cominci\u00f2 a venir meno con l&#8217;espulsione degli Ebrei decretata nel 1492. Ingrandita e abbellita per volere dei Re Cattolici, la citt\u00e0 ospit\u00f2 la cerimonia di proclamazione di Filippo I &#8220;il Bello&#8221; (1478-1506) e Giovanna &#8220;la Pazza&#8221; (1479-1555) come eredi della Corona di Castiglia (1502). Dopo aver partecipato alla Rivolta dei <em>Comuneros<\/em> (1520-21) contro il potere del giovane sovrano Carlo I (Carlo V imperatore, 1500-1558), divenne una delle citt\u00e0 pi\u00f9 importanti dell&#8217;impero asburgico, sede di una delle famiglie aristocratiche pi\u00f9 potenti della Spagna di et\u00e0 moderna, gli \u00c1lvarez de Toledo. Con il definitivo trasferimento della corte a Madrid deciso da Filippo II (1527-1598), e con la rovina della sua industria tessile, la citt\u00e0 perse peso politico ed entr\u00f2 in un periodo di recessione economica che dur\u00f2, come in tutta la Castiglia, anche nel XVII secolo.<\/p>\n<\/div>\n<p><\/p>\n","protected":false},"excerpt":{"rendered":"<p>Toledo Antica capitale del regno visigoto, Toledo venne assoggettata al dominio mussulmano nel 711. Riconquistata dalle forze cristiane nell&#8217;XI secolo, divenne un centro fiorente a livello economico e culturale. La felice sintesi tra cultura cristiana, araba e ebraica cominci\u00f2 a venir meno con l&#8217;espulsione degli&hellip;<\/p>\n","protected":false},"author":1,"featured_media":0,"parent":6181,"menu_order":0,"comment_status":"closed","ping_status":"closed","template":"","meta":{"footnotes":""},"class_list":["post-6807","page","type-page","status-publish","hentry"],"_links":{"self":[{"href":"https:\/\/digitalhistory.unite.it\/es\/wp-json\/wp\/v2\/pages\/6807","targetHints":{"allow":["GET"]}}],"collection":[{"href":"https:\/\/digitalhistory.unite.it\/es\/wp-json\/wp\/v2\/pages"}],"about":[{"href":"https:\/\/digitalhistory.unite.it\/es\/wp-json\/wp\/v2\/types\/page"}],"author":[{"embeddable":true,"href":"https:\/\/digitalhistory.unite.it\/es\/wp-json\/wp\/v2\/users\/1"}],"replies":[{"embeddable":true,"href":"https:\/\/digitalhistory.unite.it\/es\/wp-json\/wp\/v2\/comments?post=6807"}],"version-history":[{"count":3,"href":"https:\/\/digitalhistory.unite.it\/es\/wp-json\/wp\/v2\/pages\/6807\/revisions"}],"predecessor-version":[{"id":10509,"href":"https:\/\/digitalhistory.unite.it\/es\/wp-json\/wp\/v2\/pages\/6807\/revisions\/10509"}],"up":[{"embeddable":true,"href":"https:\/\/digitalhistory.unite.it\/es\/wp-json\/wp\/v2\/pages\/6181"}],"wp:attachment":[{"href":"https:\/\/digitalhistory.unite.it\/es\/wp-json\/wp\/v2\/media?parent=6807"}],"curies":[{"name":"wp","href":"https:\/\/api.w.org\/{rel}","templated":true}]}}