{"id":6808,"date":"2021-08-20T00:04:01","date_gmt":"2021-08-19T22:04:01","guid":{"rendered":"https:\/\/digitalhistory.unite.it\/re-cattolici\/"},"modified":"2021-11-23T17:44:56","modified_gmt":"2021-11-23T16:44:56","slug":"re-cattolici","status":"publish","type":"page","link":"https:\/\/digitalhistory.unite.it\/es\/territori\/percorsi-regionali\/le-plazas-mayores-spagnole-e-il-barocco\/lorigine-e-le-funzioni-delle-plazas-mayores\/re-cattolici\/","title":{"rendered":"Re Cattolici"},"content":{"rendered":"<h1>Re Cattolici <\/h1>\n<div class=\"testo\">\n<p style=\"text-align: justify\"><img loading=\"lazy\" decoding=\"async\" src=\"https:\/\/digitalhistory.unite.it\/wp-content\/uploads\/2021\/08\/reyes_cat_licos_y_col_n_en_el_alc_zar_de_c_rdoba__fileminimizer__278x185.jpg\" width=\"278\" height=\"185\" alt=\"Re cattolici\" align=\"left\">Ferdinando II d&#8217;Aragona (1452-1516) e Isabella I di Castiglia (1451-1504) si sposarono il 19 ottobre 1469 a Valladolid. Il loro matrimonio sanc\u00ec l&#8217;unione dinastica dei due regni, anche se essi mantennero ordinamenti e amministrazione indipendenti. Ferdinando e Isabella erano entrambi membri della Casa di Trast\u00e1mara, discendenti di Giovanni I di Castiglia, e per unirsi in matrimonio ebbero bisogno della dispensa papale di Sisto IV. Un altro pontefice, Alessandro VI, confer\u00ec loro il titolo di &#8220;Re Cattolici&#8221;. Durante il loro regno si registrarono alcuni eventi di fondamentale importanza: la scoperta dell&#8217;America (1492) e la fine del plurisecolare processo di <em>Reconquista<\/em>, ultimato con la sconfitta dell&#8217;ultimo regno mussulmano della penisola iberica, il regno nasride di Granada (1492). Carica di conseguenze per la storia della Spagna fu anche la decisione di espellere gli ebrei (1492) e di procedere alle conversioni forzate di migliaia di mussulmani, da quel momento identificati con il termine <em>Moriscos<\/em>. Il confessore dei Re Cattolici, il domenicano Tom\u00e1s de Torquemada, fu il primo Inquisitore generale a capo dell&#8217;Inquisizione spagnola. Tra i loro figli, l&#8217;unico maschio, Giovanni delle Asturie, mor\u00ec prima del suoi genitori (1497) e fu cos\u00ec Giovanna, sposata con Filippo I d&#8217;Asburgo, a raccogliere l&#8217;eredit\u00e0 dei Re Cattolici. Dal matrimonio tra Giovanna e Filippo sarebbe nato il futuro imperatore Carlo V (1500-1558).<\/p>\n<p style=\"text-align: justify\">Per saperne di pi\u00f9:<\/p>\n<ul>\n<li style=\"text-align: justify\">E. Belenguer Cebri\u00e0, <em>Fernando el Cat\u00f3lico. Un monarca decisivo en las encrucijadas de su \u00e9poca<\/em>, Barcelona 2001.<\/li>\n<li style=\"text-align: justify\">A. Alvar Ezquerra, <em>Isabel la&nbsp;Cat\u00f3lica. Una reina vencedora, una mujer derrotada<\/em>, Madrid 2004.<\/li>\n<li style=\"text-align: justify\">E. Belenguer Cebri\u00e0, <em>Ferdinando e Isabella. I&nbsp;Re Cattolici nella politica europea del Rinascimento<\/em>, Roma 2001.<\/li>\n<\/ul>\n<\/div>\n<p><\/p>\n","protected":false},"excerpt":{"rendered":"<p>Re Cattolici Ferdinando II d&#8217;Aragona (1452-1516) e Isabella I di Castiglia (1451-1504) si sposarono il 19 ottobre 1469 a Valladolid. Il loro matrimonio sanc\u00ec l&#8217;unione dinastica dei due regni, anche se essi mantennero ordinamenti e amministrazione indipendenti. Ferdinando e Isabella erano entrambi membri della Casa&hellip;<\/p>\n","protected":false},"author":1,"featured_media":0,"parent":6009,"menu_order":0,"comment_status":"closed","ping_status":"closed","template":"","meta":{"footnotes":""},"class_list":["post-6808","page","type-page","status-publish","hentry"],"_links":{"self":[{"href":"https:\/\/digitalhistory.unite.it\/es\/wp-json\/wp\/v2\/pages\/6808","targetHints":{"allow":["GET"]}}],"collection":[{"href":"https:\/\/digitalhistory.unite.it\/es\/wp-json\/wp\/v2\/pages"}],"about":[{"href":"https:\/\/digitalhistory.unite.it\/es\/wp-json\/wp\/v2\/types\/page"}],"author":[{"embeddable":true,"href":"https:\/\/digitalhistory.unite.it\/es\/wp-json\/wp\/v2\/users\/1"}],"replies":[{"embeddable":true,"href":"https:\/\/digitalhistory.unite.it\/es\/wp-json\/wp\/v2\/comments?post=6808"}],"version-history":[{"count":3,"href":"https:\/\/digitalhistory.unite.it\/es\/wp-json\/wp\/v2\/pages\/6808\/revisions"}],"predecessor-version":[{"id":10803,"href":"https:\/\/digitalhistory.unite.it\/es\/wp-json\/wp\/v2\/pages\/6808\/revisions\/10803"}],"up":[{"embeddable":true,"href":"https:\/\/digitalhistory.unite.it\/es\/wp-json\/wp\/v2\/pages\/6009"}],"wp:attachment":[{"href":"https:\/\/digitalhistory.unite.it\/es\/wp-json\/wp\/v2\/media?parent=6808"}],"curies":[{"name":"wp","href":"https:\/\/api.w.org\/{rel}","templated":true}]}}