{"id":6820,"date":"2021-08-20T00:04:02","date_gmt":"2021-08-19T22:04:02","guid":{"rendered":"https:\/\/digitalhistory.unite.it\/francesco-saverio\/"},"modified":"2021-11-23T15:27:22","modified_gmt":"2021-11-23T14:27:22","slug":"francesco-saverio","status":"publish","type":"page","link":"https:\/\/digitalhistory.unite.it\/es\/territori\/percorsi-urbani\/alcala-de-henares-e-le-tracce-di-un-barocco-gesuitico\/la-chiesa-dei-gesuiti\/francesco-saverio\/","title":{"rendered":"Francesco Saverio"},"content":{"rendered":"<h1>Francesco Saverio <\/h1>\n<div class=\"testo\">\n<p style=\"text-align: justify\">Francisco de Jasso Azpilcueta Atondo y Aznares de Javier, noto in Italia come Francesco Saverio (1506-1552) proveniva da una nobile famiglia della Navarra. Era parte del ristretto gruppo che, a Parigi, si strinse attorno a Ignazio di Loyola (1491-1556) per dare vita alla Compagnia di Ges\u00f9 (1534). Ordinato sacerdote nel 1537, part\u00ec quattro anni dopo, su richiesta di Giovanni III del Portogallo (1502-1557) e su indicazione di Ignazio, verso l&#8217;Estremo Oriente. La sua attivit\u00e0 missionaria lo port\u00f2 in India, Cina, Giappone e isole Molucche. Mor\u00ec di malattia nel 1552. Il suo corpo fu sepolto nella chiesa dei Gesuiti di Goa, ma il braccio destro venne inviato a Roma, dove \u00e8 tuttora conservato in un reliquiario della Chiesa del Ges\u00f9. Francesco Saverio venne proclamato santo da Gregorio XV (1554-1623) nel 1622, assieme a Ignazio di Loyola.<\/p>\n<\/div>\n<p><\/p>\n","protected":false},"excerpt":{"rendered":"<p>Francesco Saverio Francisco de Jasso Azpilcueta Atondo y Aznares de Javier, noto in Italia come Francesco Saverio (1506-1552) proveniva da una nobile famiglia della Navarra. Era parte del ristretto gruppo che, a Parigi, si strinse attorno a Ignazio di Loyola (1491-1556) per dare vita alla&hellip;<\/p>\n","protected":false},"author":1,"featured_media":0,"parent":5935,"menu_order":0,"comment_status":"closed","ping_status":"closed","template":"","meta":{"footnotes":""},"class_list":["post-6820","page","type-page","status-publish","hentry"],"_links":{"self":[{"href":"https:\/\/digitalhistory.unite.it\/es\/wp-json\/wp\/v2\/pages\/6820","targetHints":{"allow":["GET"]}}],"collection":[{"href":"https:\/\/digitalhistory.unite.it\/es\/wp-json\/wp\/v2\/pages"}],"about":[{"href":"https:\/\/digitalhistory.unite.it\/es\/wp-json\/wp\/v2\/types\/page"}],"author":[{"embeddable":true,"href":"https:\/\/digitalhistory.unite.it\/es\/wp-json\/wp\/v2\/users\/1"}],"replies":[{"embeddable":true,"href":"https:\/\/digitalhistory.unite.it\/es\/wp-json\/wp\/v2\/comments?post=6820"}],"version-history":[{"count":3,"href":"https:\/\/digitalhistory.unite.it\/es\/wp-json\/wp\/v2\/pages\/6820\/revisions"}],"predecessor-version":[{"id":10963,"href":"https:\/\/digitalhistory.unite.it\/es\/wp-json\/wp\/v2\/pages\/6820\/revisions\/10963"}],"up":[{"embeddable":true,"href":"https:\/\/digitalhistory.unite.it\/es\/wp-json\/wp\/v2\/pages\/5935"}],"wp:attachment":[{"href":"https:\/\/digitalhistory.unite.it\/es\/wp-json\/wp\/v2\/media?parent=6820"}],"curies":[{"name":"wp","href":"https:\/\/api.w.org\/{rel}","templated":true}]}}