{"id":6831,"date":"2021-08-20T00:04:02","date_gmt":"2021-08-19T22:04:02","guid":{"rendered":"https:\/\/digitalhistory.unite.it\/caravaggio\/"},"modified":"2021-11-23T15:27:17","modified_gmt":"2021-11-23T14:27:17","slug":"caravaggio","status":"publish","type":"page","link":"https:\/\/digitalhistory.unite.it\/es\/territori\/percorsi-trans-nazionali\/pittura-barocca\/ritratto-francesco-i\/caravaggio\/","title":{"rendered":"Michelangelo Merisi, detto il Caravaggio"},"content":{"rendered":"<h1>Michelangelo Merisi, detto il Caravaggio <\/h1>\n<div class=\"testo\">\n<p style=\"text-align: justify\"><img loading=\"lazy\" decoding=\"async\" src=\"https:\/\/digitalhistory.unite.it\/wp-content\/uploads\/2021\/08\/bild-ottavio_leoni__caravaggio_228x303.jpg\" width=\"228\" height=\"303\" alt=\"Caravaggio\" align=\"left\">Michelangelo Merisi, detto il Caravaggio (1571-1610) \u00e8 stato uno dei pi\u00f9 grandi protagonisti della storia dell&#8217;arte internazionale. Nato a Milano, giunse a Roma verso il 1592-93, trovando nel cardinale Francesco Maria del Monte il suo primo potente protettore. Lavor\u00f2 per le pi\u00f9 importanti famiglie romane, come i Giustiniani, i Barberini, i Borghese, i Mattei e i Patrizi, oltre che per varie chiese. Dopo aver compiuto un omicidio il 29 maggio 1606, il Caravaggio lasci\u00f2 Roma e si rifugi\u00f2, negli anni seguenti, a Napoli, a Malta, in Sicilia e di nuovo a Napoli. Mor\u00ec di polmonite o di dissenteria il 18 luglio 1610, proprio quando si era sparsa la voce che il papa era pronto a perdonargli l&#8217;omicidio romano. Molte delle opere del Caravaggio godono di una notoriet\u00e0 a livello mondiale e raggiungono i vertici dell&#8217;arte europea del Cinque-Seicento, soprattutto grazie all&#8217;uso magistrale della luce. Alcuni esempi: la <em>Vocazione di San Matteo<\/em>, la <em>Crocifissione di San Pietro<\/em>, la <em>Deposizione<\/em>, <em>Canestro di frutta<\/em>, <em>Bacco<\/em>, la <em>Cena in Emmaus<\/em>, il <em>Martirio di Sant&#8217;Orsola<\/em>, <em>David con la testa di Golia<\/em>, le <em>Sette opere di misericordia<\/em>, la <em>Flagellazione di Cristo<\/em>, <em>Amor vincit omnia<\/em>, la <em>Conversione di San Paolo<\/em>, <em>Giuditta che taglia la testa a Oloferne<\/em>.<\/p>\n<\/div>\n<p><\/p>\n","protected":false},"excerpt":{"rendered":"<p>Michelangelo Merisi, detto il Caravaggio Michelangelo Merisi, detto il Caravaggio (1571-1610) \u00e8 stato uno dei pi\u00f9 grandi protagonisti della storia dell&#8217;arte internazionale. Nato a Milano, giunse a Roma verso il 1592-93, trovando nel cardinale Francesco Maria del Monte il suo primo potente protettore. Lavor\u00f2 per&hellip;<\/p>\n","protected":false},"author":1,"featured_media":0,"parent":6077,"menu_order":0,"comment_status":"closed","ping_status":"closed","template":"","meta":{"footnotes":""},"class_list":["post-6831","page","type-page","status-publish","hentry"],"_links":{"self":[{"href":"https:\/\/digitalhistory.unite.it\/es\/wp-json\/wp\/v2\/pages\/6831","targetHints":{"allow":["GET"]}}],"collection":[{"href":"https:\/\/digitalhistory.unite.it\/es\/wp-json\/wp\/v2\/pages"}],"about":[{"href":"https:\/\/digitalhistory.unite.it\/es\/wp-json\/wp\/v2\/types\/page"}],"author":[{"embeddable":true,"href":"https:\/\/digitalhistory.unite.it\/es\/wp-json\/wp\/v2\/users\/1"}],"replies":[{"embeddable":true,"href":"https:\/\/digitalhistory.unite.it\/es\/wp-json\/wp\/v2\/comments?post=6831"}],"version-history":[{"count":3,"href":"https:\/\/digitalhistory.unite.it\/es\/wp-json\/wp\/v2\/pages\/6831\/revisions"}],"predecessor-version":[{"id":10912,"href":"https:\/\/digitalhistory.unite.it\/es\/wp-json\/wp\/v2\/pages\/6831\/revisions\/10912"}],"up":[{"embeddable":true,"href":"https:\/\/digitalhistory.unite.it\/es\/wp-json\/wp\/v2\/pages\/6077"}],"wp:attachment":[{"href":"https:\/\/digitalhistory.unite.it\/es\/wp-json\/wp\/v2\/media?parent=6831"}],"curies":[{"name":"wp","href":"https:\/\/api.w.org\/{rel}","templated":true}]}}