{"id":6833,"date":"2021-08-20T00:04:03","date_gmt":"2021-08-19T22:04:03","guid":{"rendered":"https:\/\/digitalhistory.unite.it\/ramiro-nunez-de-guzman-duca-di-medina-de-las-torres\/"},"modified":"2021-11-23T15:27:24","modified_gmt":"2021-11-23T14:27:24","slug":"ramiro-nunez-de-guzman-duca-di-medina-de-las-torres","status":"publish","type":"page","link":"https:\/\/digitalhistory.unite.it\/es\/territori\/percorsi-urbani\/cosimo-fanzago-e-la-napoli-barocca\/i-palazzi\/ramiro-nunez-de-guzman-duca-di-medina-de-las-torres\/","title":{"rendered":"Ramiro N\u00fa\u00f1ez de Guzm\u00e1n, duca di Medina de las Torres"},"content":{"rendered":"<h1>Ramiro N\u00fa\u00f1ez de Guzm\u00e1n, duca di Medina de las Torres <\/h1>\n<div class=\"testo\">\n<p style=\"text-align: justify\"><img loading=\"lazy\" decoding=\"async\" src=\"https:\/\/digitalhistory.unite.it\/wp-content\/uploads\/2021\/08\/palazzo_donn_anna_251x188.jpg\" width=\"251\" height=\"188\" alt=\"Palazzi\" align=\"left\">Ramiro N\u00fa\u00f1ez de Guzm\u00e1n (1600-1668), secondo duca di Medina de las Torres, pot\u00e8 costruire una solida carriera politica grazie all&#8217;appoggio del conte-duca di Olivares, favorito di re Filippo IV nonch\u00e9 padre della sua prima moglie. Dopo la morte di quest&#8217;ultima, il secondo matrimonio con la ricca ereditiera Anna Carafa della Stadera (1607-1644), principessa di Stigliano, segn\u00f2 una svolta per la sua ascesa politica. Come parte decisiva nelle complicate trattative matrimoniali, il duca ottenne anche l&#8217;incarico di vicer\u00e8 di Napoli, che esercit\u00f2 dal 1637 al 1644. Dopo la morte di Anna Carafa, si spos\u00f2 una terza volta con Catalina V\u00e9lez Ladr\u00f3n de Guevara, figlia di un altro aristocratico spagnolo che ricopr\u00ec l&#8217;incarico di vicer\u00e8 di Napoli, vale a dire il conte di O\u00f1ate. La relazione adulterina con la celebre attrice Mar\u00eda In\u00e9s Calder\u00f3n, conosciuta come <em>La Calderona<\/em>, dest\u00f2 inoltre sospetti sulla reale paternit\u00e0 di don Giovanni d&#8217;Austria, figlio illegittimo di Filippo IV e della stessa attrice. Nel 1665, alla morte di Filippo IV, Medina de las Torres incass\u00f2 una grave sconfitta politica, non essendo stato inserito nel consiglio di reggenza che avrebbe dovuto aiutare nel governo la regina Mariana de Austria fino alla maggiore et\u00e0 di Carlo II. (foto: Palazzo Donn&#8217;Anna, costruito a Napoli per volere di Anna Carafa, seconda moglie del duca).<\/p>\n<p style=\"text-align: justify\">Per saperne di pi\u00f9:<\/p>\n<ul>\n<li>\n<div style=\"text-align: justify\">R.A. Stradling, <em>A Spanish Statesman of Appeasement: Medina de las Torres and Spanish Policy, 1639-1670<\/em>, in \u00abHistorical Journal\u00bb, 19 (1976), pp.&nbsp;1-31<\/div>\n<\/li>\n<li>\n<div style=\"text-align: justify\">G. Galasso<em>, Storia del Regno di<\/em> Napoli, v. 3<em>, Il&nbsp;Mezzogiorno spagnolo e austriaco (1622-1734),<\/em> Torino 2006<em>.&nbsp;<\/em><\/div>\n<\/li>\n<\/ul>\n<\/div>\n<p><\/p>\n","protected":false},"excerpt":{"rendered":"<p>Ramiro N\u00fa\u00f1ez de Guzm\u00e1n, duca di Medina de las Torres Ramiro N\u00fa\u00f1ez de Guzm\u00e1n (1600-1668), secondo duca di Medina de las Torres, pot\u00e8 costruire una solida carriera politica grazie all&#8217;appoggio del conte-duca di Olivares, favorito di re Filippo IV nonch\u00e9 padre della sua prima moglie.&hellip;<\/p>\n","protected":false},"author":1,"featured_media":0,"parent":5956,"menu_order":0,"comment_status":"closed","ping_status":"closed","template":"","meta":{"footnotes":""},"class_list":["post-6833","page","type-page","status-publish","hentry"],"_links":{"self":[{"href":"https:\/\/digitalhistory.unite.it\/es\/wp-json\/wp\/v2\/pages\/6833","targetHints":{"allow":["GET"]}}],"collection":[{"href":"https:\/\/digitalhistory.unite.it\/es\/wp-json\/wp\/v2\/pages"}],"about":[{"href":"https:\/\/digitalhistory.unite.it\/es\/wp-json\/wp\/v2\/types\/page"}],"author":[{"embeddable":true,"href":"https:\/\/digitalhistory.unite.it\/es\/wp-json\/wp\/v2\/users\/1"}],"replies":[{"embeddable":true,"href":"https:\/\/digitalhistory.unite.it\/es\/wp-json\/wp\/v2\/comments?post=6833"}],"version-history":[{"count":3,"href":"https:\/\/digitalhistory.unite.it\/es\/wp-json\/wp\/v2\/pages\/6833\/revisions"}],"predecessor-version":[{"id":10982,"href":"https:\/\/digitalhistory.unite.it\/es\/wp-json\/wp\/v2\/pages\/6833\/revisions\/10982"}],"up":[{"embeddable":true,"href":"https:\/\/digitalhistory.unite.it\/es\/wp-json\/wp\/v2\/pages\/5956"}],"wp:attachment":[{"href":"https:\/\/digitalhistory.unite.it\/es\/wp-json\/wp\/v2\/media?parent=6833"}],"curies":[{"name":"wp","href":"https:\/\/api.w.org\/{rel}","templated":true}]}}