{"id":6834,"date":"2021-08-20T00:04:03","date_gmt":"2021-08-19T22:04:03","guid":{"rendered":"https:\/\/digitalhistory.unite.it\/conte-di-onate\/"},"modified":"2021-11-23T15:27:05","modified_gmt":"2021-11-23T14:27:05","slug":"conte-di-onate","status":"publish","type":"page","link":"https:\/\/digitalhistory.unite.it\/es\/territori\/percorsi-regionali\/calabria\/paola\/conte-di-onate\/","title":{"rendered":"I\u00f1igo V\u00e9lez de Guevara, conte di O\u00f1ate"},"content":{"rendered":"<h1>I\u00f1igo V\u00e9lez de Guevara, conte di O\u00f1ate <\/h1>\n<div class=\"testo\">\n<p style=\"text-align: justify\">I\u00f1igo V\u00e9lez de Guevara (1597-1658) detto <em>el mozo<\/em> per distinguerlo dal padre omonimo, fu il settimo conte di O\u00f1ate e quarto conte di Villamediana, personaggio di spicco del regno di Filippo IV d&#8217;Asburgo (1605-1665). Fu protagonista di un&#8217;intensa carriera politica che lo vide ricoprire gli incarichi di ambasciatore in Inghilterra e a Roma e di vicer\u00e8 a Napoli. Dopo aver pacificato il regno partenopeo reduce dalla rivolta di Masaniello (1647-48), torn\u00f2 in Spagna, entr\u00f2 nel Consiglio di Stato e ricevette il titolo di marchese di Guevara. Nominato governatore del ducato di Milano nel 1658, mor\u00ec poco dopo senza avere la possibilit\u00e0 di esercitare l&#8217;incarico.<\/p>\n<p style=\"text-align: justify\">Per saperne di pi\u00f9:<\/p>\n<ul>\n<li>\n<div style=\"text-align: justify\">\n<p>G. Galasso, <em>Napoli spagnola dopo Masaniello<\/em>. <em>Politica<\/em>, <em>cultura<\/em>, <em>societ\u00e0<\/em> , Firenze 1982.<\/p>\n<\/p><\/div>\n<\/li>\n<li>\n<div style=\"text-align: justify\">\n<p>A. Minguito Palomares, <em>N\u00e1poles y el virrey conde de O\u00f1ate. La estrategia del poder y el resurgir del reino (1648-1653)<\/em>, Madrid 2011.<\/p>\n<\/p><\/div>\n<\/li>\n<\/ul>\n<\/div>\n<p><\/p>\n","protected":false},"excerpt":{"rendered":"<p>I\u00f1igo V\u00e9lez de Guevara, conte di O\u00f1ate I\u00f1igo V\u00e9lez de Guevara (1597-1658) detto el mozo per distinguerlo dal padre omonimo, fu il settimo conte di O\u00f1ate e quarto conte di Villamediana, personaggio di spicco del regno di Filippo IV d&#8217;Asburgo (1605-1665). Fu protagonista di un&#8217;intensa&hellip;<\/p>\n","protected":false},"author":1,"featured_media":0,"parent":6045,"menu_order":0,"comment_status":"closed","ping_status":"closed","template":"","meta":{"footnotes":""},"class_list":["post-6834","page","type-page","status-publish","hentry"],"_links":{"self":[{"href":"https:\/\/digitalhistory.unite.it\/es\/wp-json\/wp\/v2\/pages\/6834","targetHints":{"allow":["GET"]}}],"collection":[{"href":"https:\/\/digitalhistory.unite.it\/es\/wp-json\/wp\/v2\/pages"}],"about":[{"href":"https:\/\/digitalhistory.unite.it\/es\/wp-json\/wp\/v2\/types\/page"}],"author":[{"embeddable":true,"href":"https:\/\/digitalhistory.unite.it\/es\/wp-json\/wp\/v2\/users\/1"}],"replies":[{"embeddable":true,"href":"https:\/\/digitalhistory.unite.it\/es\/wp-json\/wp\/v2\/comments?post=6834"}],"version-history":[{"count":3,"href":"https:\/\/digitalhistory.unite.it\/es\/wp-json\/wp\/v2\/pages\/6834\/revisions"}],"predecessor-version":[{"id":10780,"href":"https:\/\/digitalhistory.unite.it\/es\/wp-json\/wp\/v2\/pages\/6834\/revisions\/10780"}],"up":[{"embeddable":true,"href":"https:\/\/digitalhistory.unite.it\/es\/wp-json\/wp\/v2\/pages\/6045"}],"wp:attachment":[{"href":"https:\/\/digitalhistory.unite.it\/es\/wp-json\/wp\/v2\/media?parent=6834"}],"curies":[{"name":"wp","href":"https:\/\/api.w.org\/{rel}","templated":true}]}}