{"id":6835,"date":"2021-08-20T00:04:03","date_gmt":"2021-08-19T22:04:03","guid":{"rendered":"https:\/\/digitalhistory.unite.it\/innocenzo-x\/"},"modified":"2021-11-23T15:27:17","modified_gmt":"2021-11-23T14:27:17","slug":"innocenzo-x","status":"publish","type":"page","link":"https:\/\/digitalhistory.unite.it\/es\/territori\/percorsi-trans-nazionali\/pittura-barocca\/velazquez-in-italia\/innocenzo-x\/","title":{"rendered":"Innocenzo X"},"content":{"rendered":"<h1>Innocenzo X <\/h1>\n<div class=\"testo\">\n<p style=\"text-align: justify\"><img loading=\"lazy\" decoding=\"async\" src=\"https:\/\/digitalhistory.unite.it\/wp-content\/uploads\/2021\/08\/innocent-x-velazquez_227x276.jpg\" width=\"227\" height=\"276\" alt=\"Innocenzo X - Velazquez\" align=\"left\">Giovanni Battista Pamphilj (1574-1655) apparteneva ad una nobile famiglia romana, originaria di Gubbio. Laureato in legge, fu protagonista di una brillante carriera in Curia prima di essere consacrato vescovo (1627) e di essere creato cardinale da Urbano VIII (1630). Alla morte del pontefice, Pamphilj venne eletto come suo successore nel conclave del 1644, scegliendo il nome di Innocenzo X. Abile politico, protest\u00f2 invano contro la Pace di Vestfalia, che poneva fine alla Guerra dei Trent&#8217;anni e, soprattuto, alle ambizioni universalistiche della Chiesa cattolica. Nel 1649, Innocenzo X decise, a seguito dell&#8217;omicidio del vescovo locale, l&#8217;invasione del ducato di Castro e la successiva distruzione della citt\u00e0 (seconda guerra di Castro). Fu inoltre il papa che convoc\u00f2 il XIV giubileo, che condann\u00f2 ufficialmente la dottrina giansenista, che affid\u00f2 al Bernini la definitiva sistemazione di piazza Navona. Lo stretto rapporto del pontefice con la cognata, Olimpia Maidalchini, fu inoltre fonte di critiche e di voci malevoli.<\/p>\n<\/div>\n<p><\/p>\n","protected":false},"excerpt":{"rendered":"<p>Innocenzo X Giovanni Battista Pamphilj (1574-1655) apparteneva ad una nobile famiglia romana, originaria di Gubbio. Laureato in legge, fu protagonista di una brillante carriera in Curia prima di essere consacrato vescovo (1627) e di essere creato cardinale da Urbano VIII (1630). Alla morte del pontefice,&hellip;<\/p>\n","protected":false},"author":1,"featured_media":0,"parent":6075,"menu_order":0,"comment_status":"closed","ping_status":"closed","template":"","meta":{"footnotes":""},"class_list":["post-6835","page","type-page","status-publish","hentry"],"_links":{"self":[{"href":"https:\/\/digitalhistory.unite.it\/es\/wp-json\/wp\/v2\/pages\/6835","targetHints":{"allow":["GET"]}}],"collection":[{"href":"https:\/\/digitalhistory.unite.it\/es\/wp-json\/wp\/v2\/pages"}],"about":[{"href":"https:\/\/digitalhistory.unite.it\/es\/wp-json\/wp\/v2\/types\/page"}],"author":[{"embeddable":true,"href":"https:\/\/digitalhistory.unite.it\/es\/wp-json\/wp\/v2\/users\/1"}],"replies":[{"embeddable":true,"href":"https:\/\/digitalhistory.unite.it\/es\/wp-json\/wp\/v2\/comments?post=6835"}],"version-history":[{"count":3,"href":"https:\/\/digitalhistory.unite.it\/es\/wp-json\/wp\/v2\/pages\/6835\/revisions"}],"predecessor-version":[{"id":10908,"href":"https:\/\/digitalhistory.unite.it\/es\/wp-json\/wp\/v2\/pages\/6835\/revisions\/10908"}],"up":[{"embeddable":true,"href":"https:\/\/digitalhistory.unite.it\/es\/wp-json\/wp\/v2\/pages\/6075"}],"wp:attachment":[{"href":"https:\/\/digitalhistory.unite.it\/es\/wp-json\/wp\/v2\/media?parent=6835"}],"curies":[{"name":"wp","href":"https:\/\/api.w.org\/{rel}","templated":true}]}}