{"id":6838,"date":"2021-08-20T00:04:03","date_gmt":"2021-08-19T22:04:03","guid":{"rendered":"https:\/\/digitalhistory.unite.it\/la-festa-di-san-gennaro-a-napoli\/"},"modified":"2021-11-23T15:26:52","modified_gmt":"2021-11-23T14:26:52","slug":"la-festa-di-san-gennaro-a-napoli","status":"publish","type":"page","link":"https:\/\/digitalhistory.unite.it\/es\/temi\/feste-e-rituali\/le-feste-patronali-fercoli-vare-e-candelore-in-campania\/la-festa-di-san-gennaro-a-napoli\/","title":{"rendered":"La Festa di San Gennaro a Napoli"},"content":{"rendered":"<h1>La Festa di San Gennaro a Napoli <\/h1>\n<div class=\"testo\">\n<p style=\"text-align: justify\">La storia di San Gennaro ed il culto che la citt\u00e0 di <a href=\"\/territori\/percorsi-regionali\/il-barocco-in-provincia-de-laquila\/bugnara\/napoli\/\" title=\"Napoli\">Napoli<\/a> gli tributa da secoli sono noti in tutto il mondo. Ci basti ricordare che i napoletani dedicano alla figura di San Gennaro e al miracolo della liquefazione del suo sangue ben tre ricorrenze: il primo sabato di maggio (la data in cui si celebra la prima traslazione delle reliquie), il 19 settembre (il giorno in cui si ricorda il martirio di Gennaro avvenuto a Pozzuoli, nel 305 d.C., ad opera delle autorit\u00e0 romane) ed il 16 dicembre (la data in cui si commemora l&#8217;intervento miracoloso del Santo, che <a href=\"\/territori\/percorsi-urbani\/cosimo-fanzago-e-la-napoli-barocca\/le-chiese-di-napoli-e-alcuni-simboli-della-citta\/\" title=\"Le chiese di Napoli e alcuni simboli della citt\u00e0\">nel 1631 avrebbe salvato la citt\u00e0 minacciata dall&#8217;eruzione del Vesuvio<\/a>). La cerimonia pi\u00f9 importante, quella che si tiene ogni anno il 19 settembre nel <a href=\"\/territori\/percorsi-urbani\/la-napoli-di-ascanio-filomarino\/palazzo-arcivescovile-e-duomo\/\" title=\"Palazzo arcivescovile e Duomo\">Duomo di Napoli<\/a>, \u00e8 stata istituita da papa <a href=\"\/temi\/feste-e-rituali\/le-feste-patronali-fercoli-vare-e-candelore-in-campania\/la-festa-di-san-gennaro-a-napoli\/sisto-v\/\" title=\"Sisto V\">Sisto V<\/a> nel 1586.<\/p>\n<p style=\"text-align: justify\">In questa sede, pi\u00f9 che ricostruire nel dettaglio la storia di una tra le feste patronali pi\u00f9 sentite in Italia, ci soffermaremo sulle differenze tra le celebrazioni del passato e quelle dei nostri tempi. In particolare, attireremo l&#8217;attenzione sulla diversit\u00e0 tra il <a href=\"\/temi\/feste-e-rituali\/le-feste-patronali-fercoli-vare-e-candelore-in-campania\/la-festa-di-san-gennaro-a-napoli\/la-festa-di-san-gennaro-oggi\/\" title=\"La Festa di San Gennaro oggi\">rituale odierno<\/a> ed il culto di San Gennaro in et\u00e0 moderna. La traslazione delle reliquie di Gennaro a Napoli alle soglie dell&#8217;evo moderno (1497) segna l&#8217;inizio di un periodo di rafforzamento del culto, che culminer\u00e0 durante l&#8217;et\u00e0 barocca. \u00c8 questa, infatti, l&#8217;epoca in cui si intensifica la produzione artistico-letteraria sulla figura del vescovo martire (agiografie, raffigurazioni pittoriche e rappresentazioni teatrali) e le celebrazioni in suo onore acquisiscono un <a href=\"\/temi\/feste-e-rituali\/le-feste-patronali-fercoli-vare-e-candelore-in-campania\/la-festa-di-san-gennaro-a-napoli\/le-macchine-di-san-gennaro\/\" title=\"Le &quot;macchine&quot; di San Gennaro\">carattere spettacolare<\/a>&nbsp;e <a href=\"\/temi\/feste-e-rituali\/le-feste-patronali-fercoli-vare-e-candelore-in-campania\/la-festa-di-san-gennaro-a-napoli\/gli-apparati-scenici-nella-ricorrenza-del-martirio\/\" title=\"Gli apparati scenici nella ricorrenza del martirio\">scenografico<\/a>. \u00c8 nella seconda met\u00e0 del XVII secolo, inoltre, che, grazie all&#8217;intervento dell&#8217;arcivescovo <a href=\"\/territori\/percorsi-urbani\/la-napoli-di-ascanio-filomarino\/\" title=\"La Napoli di Ascanio Filomarino\">Ascanio Filomarino<\/a>, Gennaro viene riconosciuto come Patrono del <a href=\"\/territori\/percorsi-regionali\/il-barocco-in-provincia-de-laquila\/castel-di-sangro\/regno-di-napoli\/\" title=\"Regno di Napoli\">Regno di Napoli<\/a> (1663): un ruolo che allora gli veniva conteso da San Domenico, il cui patrocinio era stato proclamato nel 1640 da <a href=\"\/temi\/conservatori\/quarantore\/urbano-viii\/\" title=\"Urbano VIII\">Urbano VIII<\/a> (su sollecitazione del <a href=\"\/territori\/percorsi-urbani\/cosimo-fanzago-e-la-napoli-barocca\/i-palazzi\/ramiro-nunez-de-guzman-duca-di-medina-de-las-torres\/\" title=\"Ramiro N\u00fa\u00f1ez de Guzm\u00e1n, duca di Medina de las Torres\">vicer\u00e9 duca di Medina de Las Torres<\/a>). Qualche decennio pi\u00f9 tardi (1676), la Chiesa di Roma iscriver\u00e0 la commemorazione del martire napoletano nel calendario liturgico universale. Sono questi gli anni della <a href=\"\/territori\/percorsi-urbani\/la-napoli-di-ascanio-filomarino\/filomarino-e-la-rivolta-di-masaniello\/\" title=\"Filomarino e la rivolta di Masaniello\">rivolta di Masaniello<\/a> (1648) e della peste (1656-1657), gli anni in cui la <a href=\"\/temi\/feste-e-rituali\/la-settimana-santa-di-siviglia\/la-storia-antica-della-settimana-santa-di-siviglia\/controriforma\/\" title=\"Controriforma\">Chiesa confroriformistica<\/a> fa leva sui rituali religiosi per riaffermare il suo controllo sulla societ\u00e0.<\/p>\n<p style=\"text-align: justify\"><a href=\"\/temi\/feste-e-rituali\/le-feste-patronali-fercoli-vare-e-candelore-in-campania\/\" title=\"Le Feste Patronali (fercoli, vare e candelore) in Campania\">&lt;&lt;&lt;&#8212;torna a Le Feste Patronali in Campania<\/a><\/p>\n<\/div>\n<p><\/p>\n","protected":false},"excerpt":{"rendered":"<p>La Festa di San Gennaro a Napoli La storia di San Gennaro ed il culto che la citt\u00e0 di Napoli gli tributa da secoli sono noti in tutto il mondo. Ci basti ricordare che i napoletani dedicano alla figura di San Gennaro e al miracolo&hellip;<\/p>\n","protected":false},"author":1,"featured_media":0,"parent":6208,"menu_order":0,"comment_status":"closed","ping_status":"closed","template":"","meta":{"footnotes":""},"class_list":["post-6838","page","type-page","status-publish","hentry"],"_links":{"self":[{"href":"https:\/\/digitalhistory.unite.it\/es\/wp-json\/wp\/v2\/pages\/6838","targetHints":{"allow":["GET"]}}],"collection":[{"href":"https:\/\/digitalhistory.unite.it\/es\/wp-json\/wp\/v2\/pages"}],"about":[{"href":"https:\/\/digitalhistory.unite.it\/es\/wp-json\/wp\/v2\/types\/page"}],"author":[{"embeddable":true,"href":"https:\/\/digitalhistory.unite.it\/es\/wp-json\/wp\/v2\/users\/1"}],"replies":[{"embeddable":true,"href":"https:\/\/digitalhistory.unite.it\/es\/wp-json\/wp\/v2\/comments?post=6838"}],"version-history":[{"count":3,"href":"https:\/\/digitalhistory.unite.it\/es\/wp-json\/wp\/v2\/pages\/6838\/revisions"}],"predecessor-version":[{"id":10644,"href":"https:\/\/digitalhistory.unite.it\/es\/wp-json\/wp\/v2\/pages\/6838\/revisions\/10644"}],"up":[{"embeddable":true,"href":"https:\/\/digitalhistory.unite.it\/es\/wp-json\/wp\/v2\/pages\/6208"}],"wp:attachment":[{"href":"https:\/\/digitalhistory.unite.it\/es\/wp-json\/wp\/v2\/media?parent=6838"}],"curies":[{"name":"wp","href":"https:\/\/api.w.org\/{rel}","templated":true}]}}