{"id":6849,"date":"2021-08-20T00:04:03","date_gmt":"2021-08-19T22:04:03","guid":{"rendered":"https:\/\/digitalhistory.unite.it\/francesco-borromini\/"},"modified":"2021-11-23T15:27:00","modified_gmt":"2021-11-23T14:27:00","slug":"francesco-borromini","status":"publish","type":"page","link":"https:\/\/digitalhistory.unite.it\/es\/territori\/percorsi-regionali\/il-barocco-in-provincia-de-laquila\/sulmona-2\/francesco-borromini\/","title":{"rendered":"Francesco Borromini"},"content":{"rendered":"<h1>Francesco Borromini <\/h1>\n<div class=\"testo\">\n<p style=\"text-align: justify\"><img loading=\"lazy\" decoding=\"async\" src=\"https:\/\/digitalhistory.unite.it\/wp-content\/uploads\/2021\/08\/borromini_226x305.jpg\" width=\"226\" height=\"305\" alt=\"Borromini\" align=\"left\">Francesco Castelli, meglio noto come Francesco Borromini (1599-1667) nacque a Bissone, nel Canton Ticino. Inizi\u00f2 la sua attivit\u00e0 a Milano, dove probabilmente lavor\u00f2 come scalpellino nel cantiere della Fabbrica del Duomo. A partire dalla fine del 1619 \u00e8 attestata la sua presenza a Roma, dove si sarebbe imposto come autore di alcuni fra i pi\u00f9 originali capolavori dell&#8217;arte barocca. In contrapposizione al naturalismo e allo storicismo del Bernini, Borromini si propose di rifondare l&#8217;architettura come disciplina rigorosa, carica di tensioni etiche e di significati simbolici. Con le sue opere introdusse inedite &#8220;invenzioni&#8221; spaziali, come la planimetria ellittica, la modulazione delle pareti e la disposizione scenografica delle fonti luminose. Tra i suoi capolavori, ricordiamo il San Carlino alle Quattro Fontane, l&#8217;oratorio dei Filippini, le chiese di Sant&#8217;Ivo alla Sapienza e di Sant&#8217;Agnese in piazza Navona, il palazzo di <em>Propaganda Fide<\/em>, la cupola e il campanile di Sant&#8217;Andrea delle Fratte. Su incarico di Innocenzo X lavor\u00f2 inoltre al restauro della Basilica di San Giovanni in Laterano.&nbsp;<\/p>\n<\/div>\n<p><\/p>\n","protected":false},"excerpt":{"rendered":"<p>Francesco Borromini Francesco Castelli, meglio noto come Francesco Borromini (1599-1667) nacque a Bissone, nel Canton Ticino. Inizi\u00f2 la sua attivit\u00e0 a Milano, dove probabilmente lavor\u00f2 come scalpellino nel cantiere della Fabbrica del Duomo. A partire dalla fine del 1619 \u00e8 attestata la sua presenza a&hellip;<\/p>\n","protected":false},"author":1,"featured_media":0,"parent":6029,"menu_order":0,"comment_status":"closed","ping_status":"closed","template":"","meta":{"footnotes":""},"class_list":["post-6849","page","type-page","status-publish","hentry"],"_links":{"self":[{"href":"https:\/\/digitalhistory.unite.it\/es\/wp-json\/wp\/v2\/pages\/6849","targetHints":{"allow":["GET"]}}],"collection":[{"href":"https:\/\/digitalhistory.unite.it\/es\/wp-json\/wp\/v2\/pages"}],"about":[{"href":"https:\/\/digitalhistory.unite.it\/es\/wp-json\/wp\/v2\/types\/page"}],"author":[{"embeddable":true,"href":"https:\/\/digitalhistory.unite.it\/es\/wp-json\/wp\/v2\/users\/1"}],"replies":[{"embeddable":true,"href":"https:\/\/digitalhistory.unite.it\/es\/wp-json\/wp\/v2\/comments?post=6849"}],"version-history":[{"count":3,"href":"https:\/\/digitalhistory.unite.it\/es\/wp-json\/wp\/v2\/pages\/6849\/revisions"}],"predecessor-version":[{"id":10726,"href":"https:\/\/digitalhistory.unite.it\/es\/wp-json\/wp\/v2\/pages\/6849\/revisions\/10726"}],"up":[{"embeddable":true,"href":"https:\/\/digitalhistory.unite.it\/es\/wp-json\/wp\/v2\/pages\/6029"}],"wp:attachment":[{"href":"https:\/\/digitalhistory.unite.it\/es\/wp-json\/wp\/v2\/media?parent=6849"}],"curies":[{"name":"wp","href":"https:\/\/api.w.org\/{rel}","templated":true}]}}