{"id":6889,"date":"2021-08-20T00:04:06","date_gmt":"2021-08-19T22:04:06","guid":{"rendered":"https:\/\/digitalhistory.unite.it\/valencia\/"},"modified":"2021-11-23T17:44:57","modified_gmt":"2021-11-23T16:44:57","slug":"valencia","status":"publish","type":"page","link":"https:\/\/digitalhistory.unite.it\/es\/territories\/regional-routes\/duke-of-lerma\/denia-and-the-rise-of-its-marquis\/valencia\/","title":{"rendered":"Valencia"},"content":{"rendered":"<h1>Valencia <\/h1>\n<div class=\"testo\">\n<p style=\"text-align: justify\"><img loading=\"lazy\" decoding=\"async\" src=\"https:\/\/digitalhistory.unite.it\/wp-content\/uploads\/2021\/08\/catedral_valencia__fileminimizer__251x188.jpg\" width=\"251\" height=\"188\" alt=\"Valencia\" align=\"left\">Strappata al controllo mussulmano nel 1238 gazie all&#8217;esercito di Jaime I d&#8217;Aragona, Valencia visse un&#8217;autentica et\u00e0 dell&#8217;oro nel XV secolo, di cui erano segnali tanto il benessere economico quanto la ricchezza culturale e artistica. Citt\u00e0 pi\u00f9 popolosa dell&#8217;intera Corona d&#8217;Aragona, Valencia rimase sede di una corte vicereale anche dopo l&#8217;unione con la Corona di Castiglia, ma perse progressivamente la sua prosperit\u00e0 economica. Lo slittamento dei commerci internazionali verso l&#8217;oceano Atlantico e il divieto per i sudditi della Corona d&#8217;Aragona di prendere parte ai commerci con le colonie castigliane in America colpirono infatti gli interessi della citt\u00e0. Un altro duro colpo all&#8217;economia locale deriv\u00f2 dall&#8217;espulsione della numerosa comunit\u00e0 di <em>Moriscos<\/em> (1609-1614) decisa dal re Filippo III. Privato all&#8217;improvviso di quasi un terzo della sua intera popolazione, il regno di Valencia and\u00f2 incontro a un periodo di grave crisi economica, accentuato anche dall&#8217;invio di truppe e denaro a Filippo IV per domare la rivolta della Catalogna (1640-1652). Con la Guerra di Successione spagnola (1701-1713), in cui Valencia parteggi\u00f2 per Carlo d&#8217;Asburgo, la citt\u00e0 perse il suo regno. Il nuovo re, Filippo V di Borbone, ordin\u00f2 infatti l&#8217;abolizione dei <em>Fueros<\/em> valenciani (le leggi entrate in vigore gi\u00e0 al tempo di Jaime I) e con i decreti della <em>Nueva Planta<\/em> impose anche a Valencia le leggi castigliane.<\/p>\n<\/div>\n<p><\/p>\n","protected":false},"excerpt":{"rendered":"<p>Valencia Strappata al controllo mussulmano nel 1238 gazie all&#8217;esercito di Jaime I d&#8217;Aragona, Valencia visse un&#8217;autentica et\u00e0 dell&#8217;oro nel XV secolo, di cui erano segnali tanto il benessere economico quanto la ricchezza culturale e artistica. Citt\u00e0 pi\u00f9 popolosa dell&#8217;intera Corona d&#8217;Aragona, Valencia rimase sede di&hellip;<\/p>\n","protected":false},"author":1,"featured_media":0,"parent":6393,"menu_order":0,"comment_status":"closed","ping_status":"closed","template":"","meta":{"footnotes":""},"class_list":["post-6889","page","type-page","status-publish","hentry"],"_links":{"self":[{"href":"https:\/\/digitalhistory.unite.it\/es\/wp-json\/wp\/v2\/pages\/6889","targetHints":{"allow":["GET"]}}],"collection":[{"href":"https:\/\/digitalhistory.unite.it\/es\/wp-json\/wp\/v2\/pages"}],"about":[{"href":"https:\/\/digitalhistory.unite.it\/es\/wp-json\/wp\/v2\/types\/page"}],"author":[{"embeddable":true,"href":"https:\/\/digitalhistory.unite.it\/es\/wp-json\/wp\/v2\/users\/1"}],"replies":[{"embeddable":true,"href":"https:\/\/digitalhistory.unite.it\/es\/wp-json\/wp\/v2\/comments?post=6889"}],"version-history":[{"count":2,"href":"https:\/\/digitalhistory.unite.it\/es\/wp-json\/wp\/v2\/pages\/6889\/revisions"}],"predecessor-version":[{"id":11080,"href":"https:\/\/digitalhistory.unite.it\/es\/wp-json\/wp\/v2\/pages\/6889\/revisions\/11080"}],"up":[{"embeddable":true,"href":"https:\/\/digitalhistory.unite.it\/es\/wp-json\/wp\/v2\/pages\/6393"}],"wp:attachment":[{"href":"https:\/\/digitalhistory.unite.it\/es\/wp-json\/wp\/v2\/media?parent=6889"}],"curies":[{"name":"wp","href":"https:\/\/api.w.org\/{rel}","templated":true}]}}