{"id":6910,"date":"2021-08-20T00:04:07","date_gmt":"2021-08-19T22:04:07","guid":{"rendered":"https:\/\/digitalhistory.unite.it\/conte-duca-di-olivares\/"},"modified":"2021-11-23T15:27:18","modified_gmt":"2021-11-23T14:27:18","slug":"conte-duca-di-olivares","status":"publish","type":"page","link":"https:\/\/digitalhistory.unite.it\/es\/territori\/percorsi-trans-nazionali\/statue-equestri-di-sovrani-spagnoli\/filippo-iv-e-la-plaza-de-oriente-a-madrid\/conte-duca-di-olivares\/","title":{"rendered":"Gaspar de Guzm\u00e1n, conte-duca di Olivares"},"content":{"rendered":"<h1>Gaspar de Guzm\u00e1n, conte-duca di Olivares <\/h1>\n<div class=\"testo\">\n<p style=\"text-align: justify\"><img loading=\"lazy\" decoding=\"async\" src=\"https:\/\/digitalhistory.unite.it\/wp-content\/uploads\/2021\/08\/olivares_252x328.jpg\" width=\"252\" height=\"328\" alt=\"Olivares\" align=\"left\">Gaspar de Guzm\u00e1n, conte di Olivares e duca di Sanl\u00facar (1587-1645) fu il favorito, o <em>valido<\/em>, del re di Spagna Filippo IV (1605-1665). Inizialmente destinato alla carriera ecclesiastica, dopo la morte del fratello maggiore si stabil\u00ec nella corte di Filippo III, entrando in breve tempo tra il personale al servizio dell&#8217;erede al trono. Il legame costruito in quegli anni con il futuro Filippo IV si rivel\u00f2 fondamentale alla morte di Filippo III (1621): assieme allo zio, l&#8217;esperto diplomatico Baltasar de Z\u00fa\u00f1iga, Olivares guid\u00f2 le prime mosse del giovane re, in particolare nella campagna di moralizzazione che venne imbastita per cancellare qualsiasi traccia del passato governo del duca di Lerma. Dopo la morte di Z\u00fa\u00f1iga, Olivares rest\u00f2 l&#8217;unico favorito di Filippo IV per oltre un ventennio. Il re lo riemp\u00ec di onori, tra cui il titolo ducale di Sanl\u00facar, mentre Olivares cerc\u00f2 di guidare la Monarchia asburgica alla ricerca del prestigio e della potenza militare che sembrava aver smarrito. Alle prese con il gravoso impegno bellico costituito dalla Guerra dei Trent&#8217;anni, Olivares tent\u00f2 di non far gravare il peso del conflitto esclusivamente sui sudditti castigliani, proponendo una ridistribuzione del carico fiscale tra i diversi regni (&#8220;Unione degli eserciti&#8221;, 1624). La sua politica, tuttavia, dest\u00f2 l&#8217;opposizione delle <em>\u00e9lites<\/em> locali, gelose dei propri privilegi, e anche di larga parte dell&#8217;aristocrazia castigliana. In seguito alle rivolte di Portogallo e Catalogna nel 1640 e alle sconfitte rimediate contro i Francesi nella Guerra dei Trent&#8217;anni, Olivares venne sollevato dall&#8217;incarico nel 1643.<\/p>\n<p style=\"text-align: justify\">Per saperne di pi\u00f9:<\/p>\n<ul>\n<li>\n<div style=\"text-align: justify\">J.H. Elliott, <em>Richelieu and Olivares<\/em>, Cambridge 1984.<\/div>\n<\/li>\n<li>\n<div style=\"text-align: justify\">J.H. Elliott, <em>The Count-Duke of Olivares.&nbsp;The Statesman in an Age of Decline<\/em>, New Haven-London, 1986.<\/div>\n<\/li>\n<li>\n<div style=\"text-align: justify\">J.H. Elliott, L.W.B.&nbsp;Brockliss (a cura di), <em>The World of the Favourite<\/em>, New Haven-London 1999.<\/div>\n<\/li>\n<\/ul>\n<\/div>\n<p><\/p>\n","protected":false},"excerpt":{"rendered":"<p>Gaspar de Guzm\u00e1n, conte-duca di Olivares Gaspar de Guzm\u00e1n, conte di Olivares e duca di Sanl\u00facar (1587-1645) fu il favorito, o valido, del re di Spagna Filippo IV (1605-1665). Inizialmente destinato alla carriera ecclesiastica, dopo la morte del fratello maggiore si stabil\u00ec nella corte di&hellip;<\/p>\n","protected":false},"author":1,"featured_media":0,"parent":6054,"menu_order":0,"comment_status":"closed","ping_status":"closed","template":"","meta":{"footnotes":""},"class_list":["post-6910","page","type-page","status-publish","hentry"],"_links":{"self":[{"href":"https:\/\/digitalhistory.unite.it\/es\/wp-json\/wp\/v2\/pages\/6910","targetHints":{"allow":["GET"]}}],"collection":[{"href":"https:\/\/digitalhistory.unite.it\/es\/wp-json\/wp\/v2\/pages"}],"about":[{"href":"https:\/\/digitalhistory.unite.it\/es\/wp-json\/wp\/v2\/types\/page"}],"author":[{"embeddable":true,"href":"https:\/\/digitalhistory.unite.it\/es\/wp-json\/wp\/v2\/users\/1"}],"replies":[{"embeddable":true,"href":"https:\/\/digitalhistory.unite.it\/es\/wp-json\/wp\/v2\/comments?post=6910"}],"version-history":[{"count":3,"href":"https:\/\/digitalhistory.unite.it\/es\/wp-json\/wp\/v2\/pages\/6910\/revisions"}],"predecessor-version":[{"id":10921,"href":"https:\/\/digitalhistory.unite.it\/es\/wp-json\/wp\/v2\/pages\/6910\/revisions\/10921"}],"up":[{"embeddable":true,"href":"https:\/\/digitalhistory.unite.it\/es\/wp-json\/wp\/v2\/pages\/6054"}],"wp:attachment":[{"href":"https:\/\/digitalhistory.unite.it\/es\/wp-json\/wp\/v2\/media?parent=6910"}],"curies":[{"name":"wp","href":"https:\/\/api.w.org\/{rel}","templated":true}]}}