{"id":6917,"date":"2021-08-20T00:04:08","date_gmt":"2021-08-19T22:04:08","guid":{"rendered":"https:\/\/digitalhistory.unite.it\/cordoba\/"},"modified":"2021-11-23T17:44:56","modified_gmt":"2021-11-23T16:44:56","slug":"cordoba","status":"publish","type":"page","link":"https:\/\/digitalhistory.unite.it\/es\/territori\/percorsi-regionali\/le-plazas-mayores-spagnole-e-il-barocco\/la-plaza-de-la-corredera-di-cordoba\/cordoba\/","title":{"rendered":"Cordoba"},"content":{"rendered":"<h1>Cordoba <\/h1>\n<div class=\"testo\">\n<p style=\"text-align: justify\"><img loading=\"lazy\" decoding=\"async\" src=\"https:\/\/digitalhistory.unite.it\/wp-content\/uploads\/2021\/08\/c_rdoba__espana__fileminimizer__251x168.jpg\" width=\"251\" height=\"168\" alt=\"Cordoba\" align=\"left\">Splendida capitale del regno mussulmano in Spagna e uno dei pi\u00f9 importanti centri di cultura dell&#8217;Europa medievale, Cordoba non conobbe in et\u00e0 moderna altrettanta gloria. La sua mancata adesione alla rivolta dei <em>Comuneros<\/em> ne mise in evidenza la lealt\u00e0 verso il giovane monarca Carlo V. Durante il regno di Filippo II, la citt\u00e0 funse da base delle operazioni per sedare la seconda rivolta delle Alpujarras, e contemporaneamente registr\u00f2 l&#8217;arrivo di alcuni dei <em>Moriscos<\/em> allontanati dall&#8217;antico regno di Granada. Lo stesso Filippo II visit\u00f2 la citt\u00e0 nel 1570. Durante il regno del suo successore, vennero espulsi da Cordoba, a partire dal febbraio 1610, pi\u00f9 di 4.000 <em>Moriscos<\/em>. Con l&#8217;ascesa al trono di Filippo IV (1621) cominci\u00f2 un lungo periodo di crisi, frutto delle ingenti campagne militari intraprese dalla Monarchia spagnola e lautamente finanziate dalla citt\u00e0, con truppe e denaro, fin oltre la morte di Carlo II (1700). Guerre, epidemie e carestie provocarono inoltre una drastica riduzione del numero di abitanti.<\/p>\n<\/div>\n<p><\/p>\n","protected":false},"excerpt":{"rendered":"<p>Cordoba Splendida capitale del regno mussulmano in Spagna e uno dei pi\u00f9 importanti centri di cultura dell&#8217;Europa medievale, Cordoba non conobbe in et\u00e0 moderna altrettanta gloria. La sua mancata adesione alla rivolta dei Comuneros ne mise in evidenza la lealt\u00e0 verso il giovane monarca Carlo&hellip;<\/p>\n","protected":false},"author":1,"featured_media":0,"parent":6012,"menu_order":0,"comment_status":"closed","ping_status":"closed","template":"","meta":{"footnotes":""},"class_list":["post-6917","page","type-page","status-publish","hentry"],"_links":{"self":[{"href":"https:\/\/digitalhistory.unite.it\/es\/wp-json\/wp\/v2\/pages\/6917","targetHints":{"allow":["GET"]}}],"collection":[{"href":"https:\/\/digitalhistory.unite.it\/es\/wp-json\/wp\/v2\/pages"}],"about":[{"href":"https:\/\/digitalhistory.unite.it\/es\/wp-json\/wp\/v2\/types\/page"}],"author":[{"embeddable":true,"href":"https:\/\/digitalhistory.unite.it\/es\/wp-json\/wp\/v2\/users\/1"}],"replies":[{"embeddable":true,"href":"https:\/\/digitalhistory.unite.it\/es\/wp-json\/wp\/v2\/comments?post=6917"}],"version-history":[{"count":3,"href":"https:\/\/digitalhistory.unite.it\/es\/wp-json\/wp\/v2\/pages\/6917\/revisions"}],"predecessor-version":[{"id":10806,"href":"https:\/\/digitalhistory.unite.it\/es\/wp-json\/wp\/v2\/pages\/6917\/revisions\/10806"}],"up":[{"embeddable":true,"href":"https:\/\/digitalhistory.unite.it\/es\/wp-json\/wp\/v2\/pages\/6012"}],"wp:attachment":[{"href":"https:\/\/digitalhistory.unite.it\/es\/wp-json\/wp\/v2\/media?parent=6917"}],"curies":[{"name":"wp","href":"https:\/\/api.w.org\/{rel}","templated":true}]}}