{"id":6925,"date":"2021-08-20T00:04:08","date_gmt":"2021-08-19T22:04:08","guid":{"rendered":"https:\/\/digitalhistory.unite.it\/granada\/"},"modified":"2021-11-23T15:27:10","modified_gmt":"2021-11-23T14:27:10","slug":"granada","status":"publish","type":"page","link":"https:\/\/digitalhistory.unite.it\/es\/territori\/percorsi-regionali\/storia-araba-e-gusto-barocco\/granada-e-jaen\/granada\/","title":{"rendered":"Granada"},"content":{"rendered":"<h1>Granada <\/h1>\n<div class=\"testo\">\n<p style=\"text-align: justify\"><img loading=\"lazy\" decoding=\"async\" src=\"https:\/\/digitalhistory.unite.it\/wp-content\/uploads\/2021\/08\/granada_from_above__fileminimizer__250x182.jpg\" width=\"250\" height=\"182\" alt=\"Granada\" align=\"left\">Il regno di Granada fu l&#8217;ultima parte del dominio mussulmano in Spagna a cadere sotto il controllo cristiano, nel 1492. La successiva, difficile convivenza tra vincitori e sconfitti fu causa di tensioni mai sopite, mentre il volto arabo della citt\u00e0 lasciava progressivamente il posto ai simboli della cultura cristiana. L&#8217;abbattimento delle principali moschee di Granada, o la loro riconversione in chiese cristiane, fu il simbolo pi\u00f9 evidente di tale politica. In seguito alla seconda rivolta delle Alpujarras, la numerosa comunit\u00e0 dei <em>Moriscos<\/em> venne dispersa in tutta la penisola iberica. L&#8217;arrivo di &#8220;coloni&#8221; cristiani provenienti da altre regioni della Spagna non bilanci\u00f2 la perdita subita, soprattutto in termini di attivit\u00e0 economiche e produttivit\u00e0. Una serie di catastrofi naturali e di epidemie contribuirono a ridurre costantemente la popolazione della citt\u00e0 nel corso del Seicento. Solo nel XVIII secolo sarebbe tornato un periodo di rinascita economica e urbanistica.<\/p>\n<\/div>\n<p><\/p>\n","protected":false},"excerpt":{"rendered":"<p>Granada Il regno di Granada fu l&#8217;ultima parte del dominio mussulmano in Spagna a cadere sotto il controllo cristiano, nel 1492. La successiva, difficile convivenza tra vincitori e sconfitti fu causa di tensioni mai sopite, mentre il volto arabo della citt\u00e0 lasciava progressivamente il posto&hellip;<\/p>\n","protected":false},"author":1,"featured_media":0,"parent":6023,"menu_order":0,"comment_status":"closed","ping_status":"closed","template":"","meta":{"footnotes":""},"class_list":["post-6925","page","type-page","status-publish","hentry"],"_links":{"self":[{"href":"https:\/\/digitalhistory.unite.it\/es\/wp-json\/wp\/v2\/pages\/6925","targetHints":{"allow":["GET"]}}],"collection":[{"href":"https:\/\/digitalhistory.unite.it\/es\/wp-json\/wp\/v2\/pages"}],"about":[{"href":"https:\/\/digitalhistory.unite.it\/es\/wp-json\/wp\/v2\/types\/page"}],"author":[{"embeddable":true,"href":"https:\/\/digitalhistory.unite.it\/es\/wp-json\/wp\/v2\/users\/1"}],"replies":[{"embeddable":true,"href":"https:\/\/digitalhistory.unite.it\/es\/wp-json\/wp\/v2\/comments?post=6925"}],"version-history":[{"count":3,"href":"https:\/\/digitalhistory.unite.it\/es\/wp-json\/wp\/v2\/pages\/6925\/revisions"}],"predecessor-version":[{"id":10831,"href":"https:\/\/digitalhistory.unite.it\/es\/wp-json\/wp\/v2\/pages\/6925\/revisions\/10831"}],"up":[{"embeddable":true,"href":"https:\/\/digitalhistory.unite.it\/es\/wp-json\/wp\/v2\/pages\/6023"}],"wp:attachment":[{"href":"https:\/\/digitalhistory.unite.it\/es\/wp-json\/wp\/v2\/media?parent=6925"}],"curies":[{"name":"wp","href":"https:\/\/api.w.org\/{rel}","templated":true}]}}