{"id":6928,"date":"2021-08-20T00:04:08","date_gmt":"2021-08-19T22:04:08","guid":{"rendered":"https:\/\/digitalhistory.unite.it\/arciduca-carlo-dasburgo\/"},"modified":"2021-11-23T15:27:11","modified_gmt":"2021-11-23T14:27:11","slug":"arciduca-carlo-dasburgo","status":"publish","type":"page","link":"https:\/\/digitalhistory.unite.it\/es\/territori\/percorsi-regionali\/storia-araba-e-gusto-barocco\/valencia\/arciduca-carlo-dasburgo\/","title":{"rendered":"Arciduca Carlo d&#8217;Asburgo &#8211; imperatore Carlo VI"},"content":{"rendered":"<h1>Arciduca Carlo d&#8217;Asburgo &#8211; imperatore Carlo VI <\/h1>\n<div class=\"testo\">\n<p style=\"text-align: justify\"><img loading=\"lazy\" decoding=\"async\" src=\"https:\/\/digitalhistory.unite.it\/wp-content\/uploads\/2021\/08\/portrait_of_charles_iii_of_habsburg_226x336.jpg\" width=\"226\" height=\"336\" alt=\"Carlo VI d'Asburgo\" align=\"left\">Carlo d&#8217;Asburgo (1685-1740) era il figlio secondogenito dell&#8217;imperatore Leopoldo I. Nel 1700, alla morte senza eredi di Carlo II d&#8217;Asburgo, si autoproclam\u00f2 re di Spagna per riaffermare la posizione della famiglia sul trono iberico. Ne deriv\u00f2 la Guerra di Successione spagnola, nella quale gli venne contrapposto Filippo d&#8217;Angi\u00f2, nipote di Luigi XIV di Francia ed erede al trono designato dallo stesso sovrano defunto. Sostenuto da una coalizione internazionale contraria all&#8217;insediamento dei Borbone sul trono di Spagna, l&#8217;arciduca giunse in Spagna nel 1704 come re Carlo III e vi rimase nei sette anni successivi. Nel 1711, alla morte del fratello maggiore Giuseppe I, dovette per\u00f2 tornare in Germania per essere incoronato Sacro Romano Imperatore come Carlo VI. Persa la Corona spagnola in seguito ai trattati di Utrecht (1713) e Rastadt (1714), Carlo sar\u00e0, molti anni dopo, all&#8217;origine di un&#8217;altra Guerra di Successione: la sua morte senza eredi maschi scaten\u00f2 un duro conflitto, al termine del quale sarebbe salita sul trono d&#8217;Austria la sua figlia primogenita Maria Teresa d&#8217;Asburgo (Guerra di Successione austriaca, 1741-1748).<\/p>\n<p style=\"text-align: justify\">Per saperne di pi\u00f9:<\/p>\n<ul>\n<li>\n<div style=\"text-align: justify\">P. Alatri, <em>L&#8217;Europa delle successioni (1731-1748)<\/em>, Palermo 1989.<\/div>\n<\/li>\n<li>\n<div style=\"text-align: justify\">R. Browning, <em>The War of the Austrian Succession<\/em>, London 1995.<\/div>\n<\/li>\n<\/ul>\n<\/div>\n<p><\/p>\n","protected":false},"excerpt":{"rendered":"<p>Arciduca Carlo d&#8217;Asburgo &#8211; imperatore Carlo VI Carlo d&#8217;Asburgo (1685-1740) era il figlio secondogenito dell&#8217;imperatore Leopoldo I. Nel 1700, alla morte senza eredi di Carlo II d&#8217;Asburgo, si autoproclam\u00f2 re di Spagna per riaffermare la posizione della famiglia sul trono iberico. Ne deriv\u00f2 la Guerra&hellip;<\/p>\n","protected":false},"author":1,"featured_media":0,"parent":6027,"menu_order":0,"comment_status":"closed","ping_status":"closed","template":"","meta":{"footnotes":""},"class_list":["post-6928","page","type-page","status-publish","hentry"],"_links":{"self":[{"href":"https:\/\/digitalhistory.unite.it\/es\/wp-json\/wp\/v2\/pages\/6928","targetHints":{"allow":["GET"]}}],"collection":[{"href":"https:\/\/digitalhistory.unite.it\/es\/wp-json\/wp\/v2\/pages"}],"about":[{"href":"https:\/\/digitalhistory.unite.it\/es\/wp-json\/wp\/v2\/types\/page"}],"author":[{"embeddable":true,"href":"https:\/\/digitalhistory.unite.it\/es\/wp-json\/wp\/v2\/users\/1"}],"replies":[{"embeddable":true,"href":"https:\/\/digitalhistory.unite.it\/es\/wp-json\/wp\/v2\/comments?post=6928"}],"version-history":[{"count":2,"href":"https:\/\/digitalhistory.unite.it\/es\/wp-json\/wp\/v2\/pages\/6928\/revisions"}],"predecessor-version":[{"id":10842,"href":"https:\/\/digitalhistory.unite.it\/es\/wp-json\/wp\/v2\/pages\/6928\/revisions\/10842"}],"up":[{"embeddable":true,"href":"https:\/\/digitalhistory.unite.it\/es\/wp-json\/wp\/v2\/pages\/6027"}],"wp:attachment":[{"href":"https:\/\/digitalhistory.unite.it\/es\/wp-json\/wp\/v2\/media?parent=6928"}],"curies":[{"name":"wp","href":"https:\/\/api.w.org\/{rel}","templated":true}]}}