{"id":6931,"date":"2021-08-20T00:04:08","date_gmt":"2021-08-19T22:04:08","guid":{"rendered":"https:\/\/digitalhistory.unite.it\/pietro-fantoni\/"},"modified":"2021-11-23T15:27:00","modified_gmt":"2021-11-23T14:27:00","slug":"pietro-fantoni","status":"publish","type":"page","link":"https:\/\/digitalhistory.unite.it\/es\/territori\/percorsi-regionali\/il-barocco-in-provincia-de-laquila\/sulmona\/pietro-fantoni\/","title":{"rendered":"Pietro Fantoni"},"content":{"rendered":"<h1>Pietro Fantoni <\/h1>\n<div class=\"testo\">\n<p style=\"text-align: justify\">Originario del bergamasco, di Pietro Fantoni non si conoscono le date di nascita e di morte, ma \u00e8 noto principalmente per la sua attivit\u00e0 a Sulmona, dove la presenza di colonie organizzate di maestranze lombarde \u00e8 documentata con una certa continuit\u00e0 sin dal XVI secolo. In particolare, Fantoni prese parte all&#8217;intensa opera di ricostruzione della citt\u00e0 dopo il disastroso terremoto del 1706. Lavor\u00f2 certamente alla riedificazione della chiesa del Monastero di Santa Chiara e della chiesa della Santissima Annunziata. Le tracce della sua presenza a Sulmona si perdono nel 1716, quando figura, assieme ad altri artisti lombardi quali Giovan Battista Pianezza e Francesco del Zoppo, nei lavori di restauro delle cattedrale di San Panfilo.<\/p>\n<\/div>\n<p><\/p>\n","protected":false},"excerpt":{"rendered":"<p>Pietro Fantoni Originario del bergamasco, di Pietro Fantoni non si conoscono le date di nascita e di morte, ma \u00e8 noto principalmente per la sua attivit\u00e0 a Sulmona, dove la presenza di colonie organizzate di maestranze lombarde \u00e8 documentata con una certa continuit\u00e0 sin dal&hellip;<\/p>\n","protected":false},"author":1,"featured_media":0,"parent":6028,"menu_order":0,"comment_status":"closed","ping_status":"closed","template":"","meta":{"footnotes":""},"class_list":["post-6931","page","type-page","status-publish","hentry"],"_links":{"self":[{"href":"https:\/\/digitalhistory.unite.it\/es\/wp-json\/wp\/v2\/pages\/6931","targetHints":{"allow":["GET"]}}],"collection":[{"href":"https:\/\/digitalhistory.unite.it\/es\/wp-json\/wp\/v2\/pages"}],"about":[{"href":"https:\/\/digitalhistory.unite.it\/es\/wp-json\/wp\/v2\/types\/page"}],"author":[{"embeddable":true,"href":"https:\/\/digitalhistory.unite.it\/es\/wp-json\/wp\/v2\/users\/1"}],"replies":[{"embeddable":true,"href":"https:\/\/digitalhistory.unite.it\/es\/wp-json\/wp\/v2\/comments?post=6931"}],"version-history":[{"count":3,"href":"https:\/\/digitalhistory.unite.it\/es\/wp-json\/wp\/v2\/pages\/6931\/revisions"}],"predecessor-version":[{"id":10730,"href":"https:\/\/digitalhistory.unite.it\/es\/wp-json\/wp\/v2\/pages\/6931\/revisions\/10730"}],"up":[{"embeddable":true,"href":"https:\/\/digitalhistory.unite.it\/es\/wp-json\/wp\/v2\/pages\/6028"}],"wp:attachment":[{"href":"https:\/\/digitalhistory.unite.it\/es\/wp-json\/wp\/v2\/media?parent=6931"}],"curies":[{"name":"wp","href":"https:\/\/api.w.org\/{rel}","templated":true}]}}