{"id":6932,"date":"2021-08-20T00:04:08","date_gmt":"2021-08-19T22:04:08","guid":{"rendered":"https:\/\/digitalhistory.unite.it\/domenico-antonio-vaccaro\/"},"modified":"2021-11-23T15:26:59","modified_gmt":"2021-11-23T14:26:59","slug":"domenico-antonio-vaccaro","status":"publish","type":"page","link":"https:\/\/digitalhistory.unite.it\/es\/territori\/percorsi-regionali\/il-barocco-in-provincia-de-laquila\/castel-di-sangro\/domenico-antonio-vaccaro\/","title":{"rendered":"Domenico Antonio Vaccaro"},"content":{"rendered":"<h1>Domenico Antonio Vaccaro <\/h1>\n<div class=\"testo\">\n<p style=\"text-align: justify\">Domenico Antonio Vaccaro (1678-1745) fu un artista tra i pi\u00f9 rappresentativi del barocco e del rococ\u00f2 napoletano tra XVII e XVIII secolo. Formatosi come scultore presso il padre Lorenzo, fu in seguito allievo di Francesco Solimena, sotto il cui magistero cominci\u00f2 a dedicarsi anche alla pittura. Aderendo perfettamente al trionfale decorativismo della pittura rococ\u00f2, la sua opera pi\u00f9 celebre in questo ambito artistico \u00e8 forse la <em>Gloria della Vergine<\/em>, oggi conservata al Museo di Capodimonte a Napoli. Imponente fu soprattutto la sua attivit\u00e0 come architetto e scultore nel territorio napoletano. Da segnalare, in particolare, la Cappella del Rosario nella Certosa di San Martino a Napoli, la chiesa della Concezione a Montecalvario, le chiese delle Anime del Purgatorio e di Santa Sofia a Giugliano e il chiostro delle Clarisse in Santa Chiara, ancora a Napoli.<\/p>\n<\/div>\n<p><\/p>\n","protected":false},"excerpt":{"rendered":"<p>Domenico Antonio Vaccaro Domenico Antonio Vaccaro (1678-1745) fu un artista tra i pi\u00f9 rappresentativi del barocco e del rococ\u00f2 napoletano tra XVII e XVIII secolo. Formatosi come scultore presso il padre Lorenzo, fu in seguito allievo di Francesco Solimena, sotto il cui magistero cominci\u00f2 a&hellip;<\/p>\n","protected":false},"author":1,"featured_media":0,"parent":6033,"menu_order":0,"comment_status":"closed","ping_status":"closed","template":"","meta":{"footnotes":""},"class_list":["post-6932","page","type-page","status-publish","hentry"],"_links":{"self":[{"href":"https:\/\/digitalhistory.unite.it\/es\/wp-json\/wp\/v2\/pages\/6932","targetHints":{"allow":["GET"]}}],"collection":[{"href":"https:\/\/digitalhistory.unite.it\/es\/wp-json\/wp\/v2\/pages"}],"about":[{"href":"https:\/\/digitalhistory.unite.it\/es\/wp-json\/wp\/v2\/types\/page"}],"author":[{"embeddable":true,"href":"https:\/\/digitalhistory.unite.it\/es\/wp-json\/wp\/v2\/users\/1"}],"replies":[{"embeddable":true,"href":"https:\/\/digitalhistory.unite.it\/es\/wp-json\/wp\/v2\/comments?post=6932"}],"version-history":[{"count":3,"href":"https:\/\/digitalhistory.unite.it\/es\/wp-json\/wp\/v2\/pages\/6932\/revisions"}],"predecessor-version":[{"id":10720,"href":"https:\/\/digitalhistory.unite.it\/es\/wp-json\/wp\/v2\/pages\/6932\/revisions\/10720"}],"up":[{"embeddable":true,"href":"https:\/\/digitalhistory.unite.it\/es\/wp-json\/wp\/v2\/pages\/6033"}],"wp:attachment":[{"href":"https:\/\/digitalhistory.unite.it\/es\/wp-json\/wp\/v2\/media?parent=6932"}],"curies":[{"name":"wp","href":"https:\/\/api.w.org\/{rel}","templated":true}]}}