{"id":6948,"date":"2021-08-20T00:04:10","date_gmt":"2021-08-19T22:04:10","guid":{"rendered":"https:\/\/digitalhistory.unite.it\/richelieu\/"},"modified":"2021-11-23T15:27:05","modified_gmt":"2021-11-23T14:27:05","slug":"richelieu","status":"publish","type":"page","link":"https:\/\/digitalhistory.unite.it\/es\/territori\/percorsi-regionali\/calabria\/stilo\/richelieu\/","title":{"rendered":"Armand-Jean du Plessis, duca e cardinale di Richelieu"},"content":{"rendered":"<h1>Armand-Jean du Plessis, duca e cardinale di Richelieu <\/h1>\n<div class=\"testo\">\n<p style=\"text-align: justify\"><img loading=\"lazy\" decoding=\"async\" src=\"https:\/\/digitalhistory.unite.it\/wp-content\/uploads\/2021\/08\/portrait_of_the_cardinal_richelieu__1585-1642__of_bernini_227x268.jpg\" width=\"227\" height=\"268\" alt=\"Richelieu\" align=\"left\">Armand-Jean du Plessis, duca e cardinale di Richelieu (1585-1642) fu il ministro favorito del re Luigi XIII di Francia (1601-1643) dal 1624 sino alla sua morte. Destinato alla carriera ecclesiastica (divenne vescovo di Lu\u00e7on nel 1607 e cardinale nel 1622), Richelieu si dimostr\u00f2 forse il pi\u00f9 grande statista del suo tempo, capace di imporre la Francia come principale potenza a livello continentale a danno della Spagna e degli Asburgo, e di sanare il regno dalle profonde fratture religiose e politiche che lo dividevano. La conquista della fortezza di La Rochelle (1628), dopo 14 mesi di assedio, segn\u00f2 la fine del potere dei calvinisti francesi, detti ugonotti, mentre l&#8217;ingresso nella Guerra dei Trent&#8217;anni (1635) sanc\u00ec l&#8217;inizio dello scontro aperto, e alla fine vittorioso, contro la Spagna. Us\u00f2 il pugno di ferro contro la grande nobilt\u00e0, contraria a riconoscere la superiore autorit\u00e0 del re, e in generale durante il governo di Richelieu si posero le basi di quello che sarebbe stato il potere assoluto dei re di Francia da Luigi XIV (1638-1715) in poi. La vasta opposizione che suscit\u00f2 la sua politica fu all&#8217;origine di diversi attentati e congiure contro la sua persona, tutti per\u00f2 sventati.<\/p>\n<\/div>\n<p><\/p>\n","protected":false},"excerpt":{"rendered":"<p>Armand-Jean du Plessis, duca e cardinale di Richelieu Armand-Jean du Plessis, duca e cardinale di Richelieu (1585-1642) fu il ministro favorito del re Luigi XIII di Francia (1601-1643) dal 1624 sino alla sua morte. Destinato alla carriera ecclesiastica (divenne vescovo di Lu\u00e7on nel 1607 e&hellip;<\/p>\n","protected":false},"author":1,"featured_media":0,"parent":6044,"menu_order":0,"comment_status":"closed","ping_status":"closed","template":"","meta":{"footnotes":""},"class_list":["post-6948","page","type-page","status-publish","hentry"],"_links":{"self":[{"href":"https:\/\/digitalhistory.unite.it\/es\/wp-json\/wp\/v2\/pages\/6948","targetHints":{"allow":["GET"]}}],"collection":[{"href":"https:\/\/digitalhistory.unite.it\/es\/wp-json\/wp\/v2\/pages"}],"about":[{"href":"https:\/\/digitalhistory.unite.it\/es\/wp-json\/wp\/v2\/types\/page"}],"author":[{"embeddable":true,"href":"https:\/\/digitalhistory.unite.it\/es\/wp-json\/wp\/v2\/users\/1"}],"replies":[{"embeddable":true,"href":"https:\/\/digitalhistory.unite.it\/es\/wp-json\/wp\/v2\/comments?post=6948"}],"version-history":[{"count":3,"href":"https:\/\/digitalhistory.unite.it\/es\/wp-json\/wp\/v2\/pages\/6948\/revisions"}],"predecessor-version":[{"id":10783,"href":"https:\/\/digitalhistory.unite.it\/es\/wp-json\/wp\/v2\/pages\/6948\/revisions\/10783"}],"up":[{"embeddable":true,"href":"https:\/\/digitalhistory.unite.it\/es\/wp-json\/wp\/v2\/pages\/6044"}],"wp:attachment":[{"href":"https:\/\/digitalhistory.unite.it\/es\/wp-json\/wp\/v2\/media?parent=6948"}],"curies":[{"name":"wp","href":"https:\/\/api.w.org\/{rel}","templated":true}]}}