{"id":6961,"date":"2021-08-20T00:04:12","date_gmt":"2021-08-19T22:04:12","guid":{"rendered":"https:\/\/digitalhistory.unite.it\/rivolta-di-palermo\/"},"modified":"2021-11-23T15:27:18","modified_gmt":"2021-11-23T14:27:18","slug":"rivolta-di-palermo","status":"publish","type":"page","link":"https:\/\/digitalhistory.unite.it\/es\/territori\/percorsi-trans-nazionali\/statue-equestri-di-sovrani-spagnoli\/filippo-iv-e-la-plaza-de-oriente-a-madrid\/rivolta-di-palermo\/","title":{"rendered":"Rivolta di Palermo"},"content":{"rendered":"<h1>Rivolta di Palermo <\/h1>\n<div class=\"testo\">\n<p style=\"text-align: justify\">Tra Cinque e Seicento Palermo rinunci\u00f2 ai suoi privilegi di autogoverno per ospitare la corte del vicer\u00e9 spagnolo e imporre sulla rivale Messina il proprio ruolo di capitale dell&#8217;Isola. I rapporti con Madrid, tuttavia, non furono sempre tranquilli. La rivolta, scoppiata nel 1647, ebbe per tema il cambiamento della politica fiscale e il rispetto delle prerogative del regno di Sicilia. Gli eventi palermitani vanno comunque inseriti nel quadro pi\u00f9 ampio delle &#8220;rivoluzioni contemporanee&#8221; di met\u00e0 Seicento, che coinvolsero i domini della monarchia spagnola (la Catalogna e il Portogallo dal 1640 e Napoli tra il 1647 e il 1648), la Francia (la Fronda, 1648-1653), l&#8217;Inghilterra (la prima rivoluzione inglese, 1640-1649), cui va aggiunta anche l&#8217;ultima fase della lunga lotta per l&#8217;indipendenza dalla Spagna delle Province Unite. Tali eventi si intrecciarono con la Guerra dei Trent&#8217;anni (1618-1648) e con i conflitti religiosi tra cattolici e protestanti, ma ebbero come denominatore comune la critica e l&#8217;opposizione violenta al sistema di governo straordinario e di guerra messo in pratica dai ministri del re nelle pi\u00f9 importanti monarchie europee. A Palermo, la rivolta popolare prese corpo dopo la decisione del vicer\u00e9 spagnolo e dell&#8217;amministrazione civica di aumentare il prezzo del grano (che risentiva del cattivo raccolto del 1647). L&#8217;insurrezione fu domata nel 1649, grazie anche alla lealt\u00e0 di gran parte della nobilt\u00e0 siciliana e della citt\u00e0 di Messina: il capitano generale del popolo fu ucciso e gli Spagnoli ripresero il controllo della citt\u00e0. La rivolta, tuttavia, non fu vana: contribu\u00ec a porre dei limiti allo strapotere dei nobili nel governo della citt\u00e0.<\/p>\n<\/div>\n<p><\/p>\n","protected":false},"excerpt":{"rendered":"<p>Rivolta di Palermo Tra Cinque e Seicento Palermo rinunci\u00f2 ai suoi privilegi di autogoverno per ospitare la corte del vicer\u00e9 spagnolo e imporre sulla rivale Messina il proprio ruolo di capitale dell&#8217;Isola. I rapporti con Madrid, tuttavia, non furono sempre tranquilli. La rivolta, scoppiata nel&hellip;<\/p>\n","protected":false},"author":1,"featured_media":0,"parent":6054,"menu_order":0,"comment_status":"closed","ping_status":"closed","template":"","meta":{"footnotes":""},"class_list":["post-6961","page","type-page","status-publish","hentry"],"_links":{"self":[{"href":"https:\/\/digitalhistory.unite.it\/es\/wp-json\/wp\/v2\/pages\/6961","targetHints":{"allow":["GET"]}}],"collection":[{"href":"https:\/\/digitalhistory.unite.it\/es\/wp-json\/wp\/v2\/pages"}],"about":[{"href":"https:\/\/digitalhistory.unite.it\/es\/wp-json\/wp\/v2\/types\/page"}],"author":[{"embeddable":true,"href":"https:\/\/digitalhistory.unite.it\/es\/wp-json\/wp\/v2\/users\/1"}],"replies":[{"embeddable":true,"href":"https:\/\/digitalhistory.unite.it\/es\/wp-json\/wp\/v2\/comments?post=6961"}],"version-history":[{"count":3,"href":"https:\/\/digitalhistory.unite.it\/es\/wp-json\/wp\/v2\/pages\/6961\/revisions"}],"predecessor-version":[{"id":10924,"href":"https:\/\/digitalhistory.unite.it\/es\/wp-json\/wp\/v2\/pages\/6961\/revisions\/10924"}],"up":[{"embeddable":true,"href":"https:\/\/digitalhistory.unite.it\/es\/wp-json\/wp\/v2\/pages\/6054"}],"wp:attachment":[{"href":"https:\/\/digitalhistory.unite.it\/es\/wp-json\/wp\/v2\/media?parent=6961"}],"curies":[{"name":"wp","href":"https:\/\/api.w.org\/{rel}","templated":true}]}}