{"id":6980,"date":"2021-08-20T00:04:13","date_gmt":"2021-08-19T22:04:13","guid":{"rendered":"https:\/\/digitalhistory.unite.it\/duca-di-osuna\/"},"modified":"2021-11-23T15:27:16","modified_gmt":"2021-11-23T14:27:16","slug":"duca-di-osuna","status":"publish","type":"page","link":"https:\/\/digitalhistory.unite.it\/es\/territori\/percorsi-trans-nazionali\/pittura-barocca\/caravaggio-e-ribera\/duca-di-osuna\/","title":{"rendered":"Pedro T\u00e9llez Gir\u00f3n, III duca di Osuna"},"content":{"rendered":"<h1>Pedro T\u00e9llez Gir\u00f3n, III duca di Osuna <\/h1>\n<div class=\"testo\">\n<p style=\"text-align: justify\"><img loading=\"lazy\" decoding=\"async\" src=\"https:\/\/digitalhistory.unite.it\/wp-content\/uploads\/2021\/08\/pedro_t_llez-gir_n_y_velasco_227x418.jpg\" width=\"227\" height=\"418\" alt=\"Osuna\" align=\"left\">Pedro T\u00e9llez Gir\u00f3n, III duca di Osuna (1574-1624) fu un importante protagonista politico e militare della storia della Monarchia spagnola nel primo ventennio del XVII secolo. Dopo essersi distinto sui campi di battaglia delle Fiandre, inizi\u00f2 una rapida ascesa politica, favorita dai solidi legami familiari: Osuna concord\u00f2 ben presto il matrimonio del suo primogenito con una della figlie del duca di Uceda, erede del duca di Lerma, potente favorito del re Filippo III. Osuna fu cos\u00ec nominato prima vicer\u00e8 di Sicilia (1610-1616) e poi vicer\u00e8 di Napoli (1616-1620). Sia a Palermo che a Napoli, tuttavia, il duca suscit\u00f2 la dura opposizione di una parte importante e maggioritaria dell&#8217;aristocrazia, per combattere la quale il vicer\u00e8 non esit\u00f2 ad appoggiarsi al ceto popolare. Nel 1620, la rovente situazione generata dall&#8217;operato dell&#8217;Eletto del popolo Giulio Genoino, scelto dallo stesso Osuna, caus\u00f2 l&#8217;apertura di un&#8217;inchiesta (<em>visita<\/em>) sull&#8217;operato del vicer\u00e8. Tornato a Madrid per rispondere alle accuse, venne arrestato nell&#8217;aprile 1621, pochi giorni dopo la morte di Filippo III e la conseguente fine del potere del duca di Uceda e della sua famiglia. Ormai privo di protettori, Osuna mor\u00ec in carcere, nel 1624, senza conoscere la sentenza del processo che lo vedeva coinvolto.<\/p>\n<p style=\"text-align: justify\">Per saperne di pi\u00f9:<\/p>\n<ul>\n<li>\n<div style=\"text-align: justify\">M. Schipa, <em>La pretesa fellonia del duca di Ossuna (1619-1620)<\/em>, in \u00abArchivio Storico per le Province Napoletane\u00bb, XXXV (1910), pp. 459-484, 637-660; XXXVI (1911), pp. 56-85, 286-288, 475-506, 710-750; XXXVII (1912), pp. 211-241, 341-411.<\/div>\n<\/li>\n<li>\n<div style=\"text-align: justify\">E. Bel\u00e1diez, <em>El gran duque de Osuna: calavera, soldado, virrey, &#8220;un Gir\u00f3n&#8221;<\/em>, Madrid 1996.<\/div>\n<\/li>\n<li>\n<div style=\"text-align: justify\">L.M. Linde, <em>Don Pedro Gir\u00f3n, duque de Osuna: la hegemon\u00eda espa\u00f1ola en Europa a comienzos del siglo XVII<\/em>, Madrid 2005.<\/div>\n<\/li>\n<\/ul>\n<\/div>\n<p><\/p>\n","protected":false},"excerpt":{"rendered":"<p>Pedro T\u00e9llez Gir\u00f3n, III duca di Osuna Pedro T\u00e9llez Gir\u00f3n, III duca di Osuna (1574-1624) fu un importante protagonista politico e militare della storia della Monarchia spagnola nel primo ventennio del XVII secolo. Dopo essersi distinto sui campi di battaglia delle Fiandre, inizi\u00f2 una rapida&hellip;<\/p>\n","protected":false},"author":1,"featured_media":0,"parent":6073,"menu_order":0,"comment_status":"closed","ping_status":"closed","template":"","meta":{"footnotes":""},"class_list":["post-6980","page","type-page","status-publish","hentry"],"_links":{"self":[{"href":"https:\/\/digitalhistory.unite.it\/es\/wp-json\/wp\/v2\/pages\/6980","targetHints":{"allow":["GET"]}}],"collection":[{"href":"https:\/\/digitalhistory.unite.it\/es\/wp-json\/wp\/v2\/pages"}],"about":[{"href":"https:\/\/digitalhistory.unite.it\/es\/wp-json\/wp\/v2\/types\/page"}],"author":[{"embeddable":true,"href":"https:\/\/digitalhistory.unite.it\/es\/wp-json\/wp\/v2\/users\/1"}],"replies":[{"embeddable":true,"href":"https:\/\/digitalhistory.unite.it\/es\/wp-json\/wp\/v2\/comments?post=6980"}],"version-history":[{"count":3,"href":"https:\/\/digitalhistory.unite.it\/es\/wp-json\/wp\/v2\/pages\/6980\/revisions"}],"predecessor-version":[{"id":10900,"href":"https:\/\/digitalhistory.unite.it\/es\/wp-json\/wp\/v2\/pages\/6980\/revisions\/10900"}],"up":[{"embeddable":true,"href":"https:\/\/digitalhistory.unite.it\/es\/wp-json\/wp\/v2\/pages\/6073"}],"wp:attachment":[{"href":"https:\/\/digitalhistory.unite.it\/es\/wp-json\/wp\/v2\/media?parent=6980"}],"curies":[{"name":"wp","href":"https:\/\/api.w.org\/{rel}","templated":true}]}}