{"id":6985,"date":"2021-08-19T22:04:15","date_gmt":"2021-08-19T20:04:15","guid":{"rendered":"https:\/\/digitalhistory.unite.it\/sassari\/"},"modified":"2021-11-23T15:26:50","modified_gmt":"2021-11-23T14:26:50","slug":"sassari","status":"publish","type":"page","link":"https:\/\/digitalhistory.unite.it\/es\/temi\/feste-e-rituali\/la-settimana-santa-in-sardegna\/il-lunedi-santo-a-castelsardo-sassari\/sassari\/","title":{"rendered":"Sassari"},"content":{"rendered":"<h1>Sassari <\/h1>\n<div class=\"testo\">\n<p style=\"text-align: justify\"><img loading=\"lazy\" decoding=\"async\" src=\"https:\/\/digitalhistory.unite.it\/wp-content\/uploads\/2021\/08\/sassari-piazza-italia_277x142.jpg\" width=\"277\" height=\"142\" alt=\"Sassari\" align=\"left\">Sassari \u00e8 la citt\u00e0 capoluogo dell&#8217;omonima provincia della Sardegna e secondo centro dell&#8217;isola per popolazione. Non vi \u00e8 certezza circa le origini del toponimo, probabilmente proveniente dall&#8217;antica lingua sarda. Capitale dell&#8217;ultimo principato indipendente dell&#8217;isola, il Giudicato d&#8217;Arborea, verso la met\u00e0 del Quattrocento fu assoggettata definitivamente al dominio aragonese&nbsp; da Alfonso V il Magnanimo. Nel XIV secolo, Sassari si ribell\u00f2 al dominio aragonese, venendo pacificata solo con l&#8217;avvento di Alfonso V il Magnanimo. Gli stessi Aragonesi costruirono, in seguito a questa rivolta, il castello di Sassari, che fu anche sede dell&#8217;Inquisizione spagnola e venne abbattuto nel 1877. Nel corso dell&#8217;et\u00e0 moderna, la citt\u00e0 fu spesso oggetto di attacchi da parte di navi francesi (1527-28) e dei pirati. La popolazione venne inoltre decimata dall&#8217;epidemia di peste del 1582. Sempre accesa rimase la competizione tra Sassari (capitale del Capo di sopra) e Cagliari (capitale del Capo di sotto) per il primato nell&#8217;isola. Dal punto di vista culturale, Sassari conobbe una fioritura nel XVI secolo, e nel 1562 i Gesuiti vi istituirono uno studio generale che avrebbe portato, nel 1617, alla fondazione della prima universit\u00e0 della Sardegna. In piena crisi durante l&#8217;ultima fase del governo spagnolo, Sassari, come tutta l&#8217;isola, pass\u00f2 nel 1713 sotto la dominazione austriaca e poi, a partire dal 1720, divenne parte del regno dei Savoia. (Nella foto: Piazza Italia Vecchia, Sassari)<\/p>\n<\/div>\n<p><\/p>\n","protected":false},"excerpt":{"rendered":"<p>Sassari Sassari \u00e8 la citt\u00e0 capoluogo dell&#8217;omonima provincia della Sardegna e secondo centro dell&#8217;isola per popolazione. Non vi \u00e8 certezza circa le origini del toponimo, probabilmente proveniente dall&#8217;antica lingua sarda. Capitale dell&#8217;ultimo principato indipendente dell&#8217;isola, il Giudicato d&#8217;Arborea, verso la met\u00e0 del Quattrocento fu assoggettata&hellip;<\/p>\n","protected":false},"author":1,"featured_media":0,"parent":7048,"menu_order":0,"comment_status":"closed","ping_status":"closed","template":"","meta":{"footnotes":""},"class_list":["post-6985","page","type-page","status-publish","hentry"],"_links":{"self":[{"href":"https:\/\/digitalhistory.unite.it\/es\/wp-json\/wp\/v2\/pages\/6985","targetHints":{"allow":["GET"]}}],"collection":[{"href":"https:\/\/digitalhistory.unite.it\/es\/wp-json\/wp\/v2\/pages"}],"about":[{"href":"https:\/\/digitalhistory.unite.it\/es\/wp-json\/wp\/v2\/types\/page"}],"author":[{"embeddable":true,"href":"https:\/\/digitalhistory.unite.it\/es\/wp-json\/wp\/v2\/users\/1"}],"replies":[{"embeddable":true,"href":"https:\/\/digitalhistory.unite.it\/es\/wp-json\/wp\/v2\/comments?post=6985"}],"version-history":[{"count":3,"href":"https:\/\/digitalhistory.unite.it\/es\/wp-json\/wp\/v2\/pages\/6985\/revisions"}],"predecessor-version":[{"id":10618,"href":"https:\/\/digitalhistory.unite.it\/es\/wp-json\/wp\/v2\/pages\/6985\/revisions\/10618"}],"up":[{"embeddable":true,"href":"https:\/\/digitalhistory.unite.it\/es\/wp-json\/wp\/v2\/pages\/7048"}],"wp:attachment":[{"href":"https:\/\/digitalhistory.unite.it\/es\/wp-json\/wp\/v2\/media?parent=6985"}],"curies":[{"name":"wp","href":"https:\/\/api.w.org\/{rel}","templated":true}]}}