{"id":6986,"date":"2021-08-19T22:04:15","date_gmt":"2021-08-19T20:04:15","guid":{"rendered":"https:\/\/digitalhistory.unite.it\/cagliari\/"},"modified":"2021-11-23T15:26:28","modified_gmt":"2021-11-23T14:26:28","slug":"cagliari","status":"publish","type":"page","link":"https:\/\/digitalhistory.unite.it\/es\/temi\/chiese\/chiese-barocche-di-sassari\/cagliari\/","title":{"rendered":"Cagliari"},"content":{"rendered":"<h1>Cagliari <\/h1>\n<div class=\"testo\">\n<p style=\"text-align: justify\"><img loading=\"lazy\" decoding=\"async\" src=\"https:\/\/digitalhistory.unite.it\/wp-content\/uploads\/2021\/08\/cagliari_251x188.jpg\" width=\"251\" height=\"188\" alt=\"Cagliari\" align=\"left\">Cagliari, capoluogo della regione Sardegna, venne fondata, secondo il mito, da Aristeo, figlio del dio Apollo e della ninfa Cirene. In realt\u00e0, la zona dove sorge l&#8217;attuale citt\u00e0 \u00e8 stata abitata sin dai tempi del Neolitico, mentre l&#8217;antica Caralis venne probabilmente fondata dai Fenici. Dominio cartaginese a partire dal V secolo a.C., pass\u00f2 sotto il controllo dei Romani, assieme a tutta la Sardegna e alla Corsica, a seguito della prima guerra punica, nel 238 a.C.. Capoluogo della provincia di <em>Sardinia et Corsica<\/em>, Caralis venne conquistata dai Vandali nel V secolo e fu per un breve periodo capitale di un regno sardo indipendente. Conquistata dai Bizantini, sub\u00ec nei secoli successivi occupazioni e incursioni da parte di Goti, Longobardi e Saraceni. Sotto l&#8217;invadente protezione delle potenze navali di Pisa e Genova per un lungo periodo, Cagliari e tutta la Sardegna vennero conquistati dagli Aragonesi nel XIV secolo. Sede dei vicer\u00e9 aragonesi e, a partire dal XVI secolo, spagnoli, Cagliari si contese con Sassari il ruolo di principale citt\u00e0 dell&#8217;Isola. Nel 1666, una rivolta antispagnola culmin\u00f2 con l&#8217;omicidio del vicer\u00e9 Camarassa. Al termine della Guerra di Successione Spagnola, la Sardegna venne prima assegnata all&#8217;Austria e poi, dal 1720 e fino all&#8217;Unit\u00e0 d&#8217;Italia, ai Savoia, che si fregiarono del titolo di re di Sardegna.<\/p>\n<\/div>\n<p><\/p>\n","protected":false},"excerpt":{"rendered":"<p>Cagliari Cagliari, capoluogo della regione Sardegna, venne fondata, secondo il mito, da Aristeo, figlio del dio Apollo e della ninfa Cirene. In realt\u00e0, la zona dove sorge l&#8217;attuale citt\u00e0 \u00e8 stata abitata sin dai tempi del Neolitico, mentre l&#8217;antica Caralis venne probabilmente fondata dai Fenici.&hellip;<\/p>\n","protected":false},"author":1,"featured_media":0,"parent":6092,"menu_order":0,"comment_status":"closed","ping_status":"closed","template":"","meta":{"footnotes":""},"class_list":["post-6986","page","type-page","status-publish","hentry"],"_links":{"self":[{"href":"https:\/\/digitalhistory.unite.it\/es\/wp-json\/wp\/v2\/pages\/6986","targetHints":{"allow":["GET"]}}],"collection":[{"href":"https:\/\/digitalhistory.unite.it\/es\/wp-json\/wp\/v2\/pages"}],"about":[{"href":"https:\/\/digitalhistory.unite.it\/es\/wp-json\/wp\/v2\/types\/page"}],"author":[{"embeddable":true,"href":"https:\/\/digitalhistory.unite.it\/es\/wp-json\/wp\/v2\/users\/1"}],"replies":[{"embeddable":true,"href":"https:\/\/digitalhistory.unite.it\/es\/wp-json\/wp\/v2\/comments?post=6986"}],"version-history":[{"count":3,"href":"https:\/\/digitalhistory.unite.it\/es\/wp-json\/wp\/v2\/pages\/6986\/revisions"}],"predecessor-version":[{"id":10393,"href":"https:\/\/digitalhistory.unite.it\/es\/wp-json\/wp\/v2\/pages\/6986\/revisions\/10393"}],"up":[{"embeddable":true,"href":"https:\/\/digitalhistory.unite.it\/es\/wp-json\/wp\/v2\/pages\/6092"}],"wp:attachment":[{"href":"https:\/\/digitalhistory.unite.it\/es\/wp-json\/wp\/v2\/media?parent=6986"}],"curies":[{"name":"wp","href":"https:\/\/api.w.org\/{rel}","templated":true}]}}