{"id":6987,"date":"2021-08-20T00:04:15","date_gmt":"2021-08-19T22:04:15","guid":{"rendered":"https:\/\/digitalhistory.unite.it\/campobasso\/"},"modified":"2021-11-23T17:44:54","modified_gmt":"2021-11-23T16:44:54","slug":"campobasso","status":"publish","type":"page","link":"https:\/\/digitalhistory.unite.it\/es\/temi\/feste-e-rituali\/il-corpus-domini-e-i-misteri-di-campobasso\/campobasso\/","title":{"rendered":"Campobasso"},"content":{"rendered":"<h1>Campobasso <\/h1>\n<div class=\"testo\">\n<p style=\"text-align: justify\"><img loading=\"lazy\" decoding=\"async\" src=\"https:\/\/digitalhistory.unite.it\/wp-content\/uploads\/2021\/08\/campobasso_panorama_250x188.jpg\" width=\"250\" height=\"188\" alt=\"Campobasso\" align=\"left\">Di probabile origine longobarda, Campobasso segu\u00ec le sorti dell&#8217;intero regno di Napoli passando sotto le dominazioni di vari popoli. Varie famiglie feudali si alternarono nel governo della citt\u00e0 nel corso dell&#8217;et\u00e0 moderna: i De Capua, i Gonzaga, i Vitagliano e i Carafa. La rivalit\u00e0 tra le due principali confraternite della citt\u00e0, i Crociati e i Trinitari, macchi\u00f2 spesso di sangue Campobasso, sino alla tregua raggiunta in occasione del <em>Corpus Domini<\/em> del 1587 grazie alla mediazione di frate Geronimo da Sorbo. Nel corso del XVIII secolo, le lotte per riscattare Campobasso dal giogo feudale raggiunsero il sospirato obiettivo della libert\u00e0 nel 1742. La citt\u00e0 divenne anche un discreto centro culturale, come attestano la presenza di intellettuali&nbsp;quali Vincenzo Cuoco e Gabriele Pepe.<\/p>\n<\/div>\n<p><\/p>\n","protected":false},"excerpt":{"rendered":"<p>Campobasso Di probabile origine longobarda, Campobasso segu\u00ec le sorti dell&#8217;intero regno di Napoli passando sotto le dominazioni di vari popoli. Varie famiglie feudali si alternarono nel governo della citt\u00e0 nel corso dell&#8217;et\u00e0 moderna: i De Capua, i Gonzaga, i Vitagliano e i Carafa. La rivalit\u00e0&hellip;<\/p>\n","protected":false},"author":1,"featured_media":0,"parent":6210,"menu_order":0,"comment_status":"closed","ping_status":"closed","template":"","meta":{"footnotes":""},"class_list":["post-6987","page","type-page","status-publish","hentry"],"_links":{"self":[{"href":"https:\/\/digitalhistory.unite.it\/es\/wp-json\/wp\/v2\/pages\/6987","targetHints":{"allow":["GET"]}}],"collection":[{"href":"https:\/\/digitalhistory.unite.it\/es\/wp-json\/wp\/v2\/pages"}],"about":[{"href":"https:\/\/digitalhistory.unite.it\/es\/wp-json\/wp\/v2\/types\/page"}],"author":[{"embeddable":true,"href":"https:\/\/digitalhistory.unite.it\/es\/wp-json\/wp\/v2\/users\/1"}],"replies":[{"embeddable":true,"href":"https:\/\/digitalhistory.unite.it\/es\/wp-json\/wp\/v2\/comments?post=6987"}],"version-history":[{"count":3,"href":"https:\/\/digitalhistory.unite.it\/es\/wp-json\/wp\/v2\/pages\/6987\/revisions"}],"predecessor-version":[{"id":10541,"href":"https:\/\/digitalhistory.unite.it\/es\/wp-json\/wp\/v2\/pages\/6987\/revisions\/10541"}],"up":[{"embeddable":true,"href":"https:\/\/digitalhistory.unite.it\/es\/wp-json\/wp\/v2\/pages\/6210"}],"wp:attachment":[{"href":"https:\/\/digitalhistory.unite.it\/es\/wp-json\/wp\/v2\/media?parent=6987"}],"curies":[{"name":"wp","href":"https:\/\/api.w.org\/{rel}","templated":true}]}}