{"id":6990,"date":"2021-08-19T22:04:15","date_gmt":"2021-08-19T20:04:15","guid":{"rendered":"https:\/\/digitalhistory.unite.it\/saragozza\/"},"modified":"2021-11-23T15:26:26","modified_gmt":"2021-11-23T14:26:26","slug":"saragozza","status":"publish","type":"page","link":"https:\/\/digitalhistory.unite.it\/es\/temi\/chiese\/basilica-di-nuestra-senora-del-pilar\/saragozza\/","title":{"rendered":"Saragozza"},"content":{"rendered":"<h1>Saragozza <\/h1>\n<div class=\"testo\">\n<p style=\"text-align: justify\"><img loading=\"lazy\" decoding=\"async\" src=\"https:\/\/digitalhistory.unite.it\/wp-content\/uploads\/2021\/08\/calle_alfonso_i__zaragoza__252x189.jpg\" width=\"252\" height=\"189\" alt=\"Zaragoza\" align=\"left\">Saragozza \u00e8 il capoluogo della <em>Comunidad Aut\u00f3noma<\/em> d&#8217;Aragona e capoluogo della provincia omonima. Quinta citt\u00e0 spagnola per numero di abitanti, venne fondata come colonia nel 25 a.C. con il nome di <em>Caesaraugusta<\/em>, in onore dell&#8217;imperatore Ottaviano Augusto. Centro importante sotto la dominazione romana, la citt\u00e0 venne conquistata prima dai Visigoti e poi, nel 713, dagli Arabi. Durante il perioro arabo, Saraqusta divenne capitale di una <em>taifa<\/em> di grande rilevanza, tra le pi\u00f9 importanti della Penisola iberica. Riconquistata dai Cristiani in seguito a una spedizione militare guidata da re Alfonso I d&#8217;Aragona nel 1118, divenne da allora capitale del regno d&#8217;Aragona. Rimase capitale fino ai decreti della <em>Nueva Planta<\/em> promulgati da Filippo V, che sancirono l&#8217;unificazione dei diversi regni della Penisola. Tra le maggiori testimonianze del passato della citt\u00e0 figurano l&#8217;universit\u00e0, fondata nel 1474, e la Basilica di Nuestra Se\u00f1ora del Pilar.<\/p>\n<\/div>\n<p><\/p>\n","protected":false},"excerpt":{"rendered":"<p>Saragozza Saragozza \u00e8 il capoluogo della Comunidad Aut\u00f3noma d&#8217;Aragona e capoluogo della provincia omonima. Quinta citt\u00e0 spagnola per numero di abitanti, venne fondata come colonia nel 25 a.C. con il nome di Caesaraugusta, in onore dell&#8217;imperatore Ottaviano Augusto. Centro importante sotto la dominazione romana, la&hellip;<\/p>\n","protected":false},"author":1,"featured_media":0,"parent":6117,"menu_order":0,"comment_status":"closed","ping_status":"closed","template":"","meta":{"footnotes":""},"class_list":["post-6990","page","type-page","status-publish","hentry"],"_links":{"self":[{"href":"https:\/\/digitalhistory.unite.it\/es\/wp-json\/wp\/v2\/pages\/6990","targetHints":{"allow":["GET"]}}],"collection":[{"href":"https:\/\/digitalhistory.unite.it\/es\/wp-json\/wp\/v2\/pages"}],"about":[{"href":"https:\/\/digitalhistory.unite.it\/es\/wp-json\/wp\/v2\/types\/page"}],"author":[{"embeddable":true,"href":"https:\/\/digitalhistory.unite.it\/es\/wp-json\/wp\/v2\/users\/1"}],"replies":[{"embeddable":true,"href":"https:\/\/digitalhistory.unite.it\/es\/wp-json\/wp\/v2\/comments?post=6990"}],"version-history":[{"count":3,"href":"https:\/\/digitalhistory.unite.it\/es\/wp-json\/wp\/v2\/pages\/6990\/revisions"}],"predecessor-version":[{"id":10370,"href":"https:\/\/digitalhistory.unite.it\/es\/wp-json\/wp\/v2\/pages\/6990\/revisions\/10370"}],"up":[{"embeddable":true,"href":"https:\/\/digitalhistory.unite.it\/es\/wp-json\/wp\/v2\/pages\/6117"}],"wp:attachment":[{"href":"https:\/\/digitalhistory.unite.it\/es\/wp-json\/wp\/v2\/media?parent=6990"}],"curies":[{"name":"wp","href":"https:\/\/api.w.org\/{rel}","templated":true}]}}