{"id":6999,"date":"2021-08-20T00:04:15","date_gmt":"2021-08-19T22:04:15","guid":{"rendered":"https:\/\/digitalhistory.unite.it\/potenza\/"},"modified":"2021-11-23T17:44:55","modified_gmt":"2021-11-23T16:44:55","slug":"potenza","status":"publish","type":"page","link":"https:\/\/digitalhistory.unite.it\/es\/temi\/feste-e-rituali\/la-sfilata-dei-turchi-di-potenza\/potenza\/","title":{"rendered":"Potenza"},"content":{"rendered":"<h1>Potenza <\/h1>\n<div class=\"testo\">\n<p style=\"text-align: justify\"><img loading=\"lazy\" decoding=\"async\" src=\"https:\/\/digitalhistory.unite.it\/wp-content\/uploads\/2021\/08\/potenzabynight_345x123.jpg\" width=\"345\" height=\"123\" alt=\"Potenza\" align=\"left\">La citt\u00e0 di Potenza, attualmente capoluogo della Regione Basilicata, alle soglie dell&#8217;et\u00e0 moderna pass\u00f2 dal dominio degli Angioni a quello degli Aragonesi. A seguito del cambio di regime, i nuovi governanti concessero la contea potentina alla casata dei Guevara. Prima che gli spagnoli consolidassero il proprio dominio nel Regno di Napoli, Potenza e la Basilicata furono teatro dello scontro tra quest&#8217;ultimi ed i francesi. In citt\u00e0 scoppiarono tumulti e contestazioni contro il governo spagnolo durante la celebre Rivolta di Masaniello. Nel 1694, invece, la capitale lucana sub\u00ec un devastante terremoto che la ridusse in macerie.<\/p>\n<\/div>\n<p><\/p>\n","protected":false},"excerpt":{"rendered":"<p>Potenza La citt\u00e0 di Potenza, attualmente capoluogo della Regione Basilicata, alle soglie dell&#8217;et\u00e0 moderna pass\u00f2 dal dominio degli Angioni a quello degli Aragonesi. A seguito del cambio di regime, i nuovi governanti concessero la contea potentina alla casata dei Guevara. Prima che gli spagnoli consolidassero&hellip;<\/p>\n","protected":false},"author":1,"featured_media":0,"parent":6220,"menu_order":0,"comment_status":"closed","ping_status":"closed","template":"","meta":{"footnotes":""},"class_list":["post-6999","page","type-page","status-publish","hentry"],"_links":{"self":[{"href":"https:\/\/digitalhistory.unite.it\/es\/wp-json\/wp\/v2\/pages\/6999","targetHints":{"allow":["GET"]}}],"collection":[{"href":"https:\/\/digitalhistory.unite.it\/es\/wp-json\/wp\/v2\/pages"}],"about":[{"href":"https:\/\/digitalhistory.unite.it\/es\/wp-json\/wp\/v2\/types\/page"}],"author":[{"embeddable":true,"href":"https:\/\/digitalhistory.unite.it\/es\/wp-json\/wp\/v2\/users\/1"}],"replies":[{"embeddable":true,"href":"https:\/\/digitalhistory.unite.it\/es\/wp-json\/wp\/v2\/comments?post=6999"}],"version-history":[{"count":3,"href":"https:\/\/digitalhistory.unite.it\/es\/wp-json\/wp\/v2\/pages\/6999\/revisions"}],"predecessor-version":[{"id":10624,"href":"https:\/\/digitalhistory.unite.it\/es\/wp-json\/wp\/v2\/pages\/6999\/revisions\/10624"}],"up":[{"embeddable":true,"href":"https:\/\/digitalhistory.unite.it\/es\/wp-json\/wp\/v2\/pages\/6220"}],"wp:attachment":[{"href":"https:\/\/digitalhistory.unite.it\/es\/wp-json\/wp\/v2\/media?parent=6999"}],"curies":[{"name":"wp","href":"https:\/\/api.w.org\/{rel}","templated":true}]}}