{"id":7001,"date":"2021-08-19T22:04:16","date_gmt":"2021-08-19T20:04:16","guid":{"rendered":"https:\/\/digitalhistory.unite.it\/vittoria-colonna\/"},"modified":"2021-11-23T15:26:32","modified_gmt":"2021-11-23T14:26:32","slug":"vittoria-colonna","status":"publish","type":"page","link":"https:\/\/digitalhistory.unite.it\/es\/temi\/dimore-nobiliari\/davalos\/vasto-il-palazzo\/vittoria-colonna\/","title":{"rendered":"Vittoria Colonna"},"content":{"rendered":"<h1>Vittoria Colonna <\/h1>\n<div class=\"testo\">\n<p style=\"text-align: justify\"><img loading=\"lazy\" decoding=\"async\" src=\"https:\/\/digitalhistory.unite.it\/wp-content\/uploads\/2021\/08\/vittoria_colonna_galeria_colonna__rome_227x317.jpg\" width=\"227\" height=\"317\" alt=\"Vittoria Colonna\" align=\"left\">Nata dal matrimonio che, attraverso l&#8217;unione di Fabrizio Colonna e Agnese di Montefeltro, univa una delle pi\u00f9 importanti famiglie romane con la dinastia regnante dei duchi di Urbino, Vittoria Colonna (1490-1547) fu una poetessa e una grande appassionata e promotrice di cultura. Dopo aver sposato Fernando Francesco d&#8217;Avalos (1490-1525) ad Ischia nel 1509, visse sull&#8217;isola, dove gi\u00e0 si era trasferita anni prima, per la maggior parte della sua vita. Ad Ischia, Vittoria fu il fulcro di una delle pi\u00f9 celebri corti rinascimentali italiane, frequentata da ingegni e artisti del calibro di Michelangelo Buonarroti (con cui strinse un forte e duraturo legame di amicizia), Jacopo Sannazaro, Ludovico Ariosto e Pietro Aretino. Dopo la morte del marito a seguito delle ferite riportate nella pur vittoriosa battaglia di Pavia (1525), si ritir\u00f2 in convento a Roma, dove per\u00f2 entr\u00f2 in contatto con alcuni personaggi che si facevano promotori di propositi di riforma all&#8217;interno della Chiesa cattolica, su tutti Juan de Vald\u00e9s, Bernardino Ochino e Pietro Carnesecchi. I frequenti contrasti del fratello, Ascanio Colonna, con i papi la costrinsero a lasciare in pi\u00f9 occasioni Roma: ci\u00f2 le permise di non vivere in prima persona il Sacco della citt\u00e0 del 1527 e di conoscere altre personalit\u00e0 di spicco dell&#8217;epoca, come il cardinale Reginald Pole. Mor\u00ec a Roma nel 1547.<\/p>\n<\/div>\n<p><\/p>\n","protected":false},"excerpt":{"rendered":"<p>Vittoria Colonna Nata dal matrimonio che, attraverso l&#8217;unione di Fabrizio Colonna e Agnese di Montefeltro, univa una delle pi\u00f9 importanti famiglie romane con la dinastia regnante dei duchi di Urbino, Vittoria Colonna (1490-1547) fu una poetessa e una grande appassionata e promotrice di cultura. Dopo&hellip;<\/p>\n","protected":false},"author":1,"featured_media":0,"parent":6151,"menu_order":0,"comment_status":"closed","ping_status":"closed","template":"","meta":{"footnotes":""},"class_list":["post-7001","page","type-page","status-publish","hentry"],"_links":{"self":[{"href":"https:\/\/digitalhistory.unite.it\/es\/wp-json\/wp\/v2\/pages\/7001","targetHints":{"allow":["GET"]}}],"collection":[{"href":"https:\/\/digitalhistory.unite.it\/es\/wp-json\/wp\/v2\/pages"}],"about":[{"href":"https:\/\/digitalhistory.unite.it\/es\/wp-json\/wp\/v2\/types\/page"}],"author":[{"embeddable":true,"href":"https:\/\/digitalhistory.unite.it\/es\/wp-json\/wp\/v2\/users\/1"}],"replies":[{"embeddable":true,"href":"https:\/\/digitalhistory.unite.it\/es\/wp-json\/wp\/v2\/comments?post=7001"}],"version-history":[{"count":3,"href":"https:\/\/digitalhistory.unite.it\/es\/wp-json\/wp\/v2\/pages\/7001\/revisions"}],"predecessor-version":[{"id":10432,"href":"https:\/\/digitalhistory.unite.it\/es\/wp-json\/wp\/v2\/pages\/7001\/revisions\/10432"}],"up":[{"embeddable":true,"href":"https:\/\/digitalhistory.unite.it\/es\/wp-json\/wp\/v2\/pages\/6151"}],"wp:attachment":[{"href":"https:\/\/digitalhistory.unite.it\/es\/wp-json\/wp\/v2\/media?parent=7001"}],"curies":[{"name":"wp","href":"https:\/\/api.w.org\/{rel}","templated":true}]}}