{"id":7002,"date":"2021-08-19T22:04:16","date_gmt":"2021-08-19T20:04:16","guid":{"rendered":"https:\/\/digitalhistory.unite.it\/fernando-francesco-davalos\/"},"modified":"2021-11-23T15:26:32","modified_gmt":"2021-11-23T14:26:32","slug":"fernando-francesco-davalos","status":"publish","type":"page","link":"https:\/\/digitalhistory.unite.it\/es\/temi\/dimore-nobiliari\/davalos\/vasto-il-palazzo\/fernando-francesco-davalos\/","title":{"rendered":"Fernando (Ferrante) Francesco d&#8217;Avalos"},"content":{"rendered":"<h1>Fernando (Ferrante) Francesco d&#8217;Avalos <\/h1>\n<div class=\"testo\">\n<p style=\"text-align: justify\"><img loading=\"lazy\" decoding=\"async\" src=\"https:\/\/digitalhistory.unite.it\/wp-content\/uploads\/2021\/08\/francesco_ferrante_d_avalos_251x294.jpg\" width=\"251\" height=\"294\" alt=\"Francesco Ferdinando d'Avalos\" align=\"left\">Fernando, o Ferrante, Francesco d&#8217;Avalos (1490-1525) apparteneva alla nobile famiglia di origine iberica dei d&#8217;Avalos. Marchese del Vasto e di Pescara, fu un importante protagonista del travagliato periodo delle &#8220;Guerre d&#8217;Italia&#8221;. Combatt\u00e8 infatti agli ordini di Ferdinando II d&#8217;Aragona e dell&#8217;imperatore e re di Spagna Carlo V d&#8217;Asburgo, ottenendo per loro grandi vittorie. Fu fatto prigioniero dai francesi nella battaglia di Ravenna del 1512. Liberatosi grazie a un riscatto di 6.000 ducati, guid\u00f2 la fanteria spagnola nella battaglia di Vicenza del 1513, e negli anni successivi continu\u00f2 a prestare servizio sotto il comando del parente acquisito Prospero Colonna, con il quale ebbe per\u00f2 un rapporto non facile. Grazie al personale rapporto di fiducia che lo legava a Carlo V, d&#8217;Avalos ebbe per\u00f2 un ruolo di primo piano in seguito all&#8217;invasione dell&#8217;Italia da parte di Francesco I di Francia. Dopo la vittoria gi\u00e0 ottenuta nella battaglia della Bicocca (1522), ottenne la fondamentale vittoria di Pavia (1525), dove fu catturato lo stesso Francesco I. D&#8217;Avalos tuttavia mor\u00ec poco dopo, il 3 dicembre 1525 a Milano, a seguito delle ferite riportate nella sua ultima vittoria. Lasci\u00f2 vedova la moglie Vittoria Colonna, che aveva sposato quando erano ancora bambini sull&#8217;isola d&#8217;Ischia. Il titolo marchesale venne ereditato dal cugino Alfonso d&#8217;Avalos.<\/p>\n<\/div>\n<p><\/p>\n","protected":false},"excerpt":{"rendered":"<p>Fernando (Ferrante) Francesco d&#8217;Avalos Fernando, o Ferrante, Francesco d&#8217;Avalos (1490-1525) apparteneva alla nobile famiglia di origine iberica dei d&#8217;Avalos. Marchese del Vasto e di Pescara, fu un importante protagonista del travagliato periodo delle &#8220;Guerre d&#8217;Italia&#8221;. Combatt\u00e8 infatti agli ordini di Ferdinando II d&#8217;Aragona e dell&#8217;imperatore&hellip;<\/p>\n","protected":false},"author":1,"featured_media":0,"parent":6151,"menu_order":0,"comment_status":"closed","ping_status":"closed","template":"","meta":{"footnotes":""},"class_list":["post-7002","page","type-page","status-publish","hentry"],"_links":{"self":[{"href":"https:\/\/digitalhistory.unite.it\/es\/wp-json\/wp\/v2\/pages\/7002","targetHints":{"allow":["GET"]}}],"collection":[{"href":"https:\/\/digitalhistory.unite.it\/es\/wp-json\/wp\/v2\/pages"}],"about":[{"href":"https:\/\/digitalhistory.unite.it\/es\/wp-json\/wp\/v2\/types\/page"}],"author":[{"embeddable":true,"href":"https:\/\/digitalhistory.unite.it\/es\/wp-json\/wp\/v2\/users\/1"}],"replies":[{"embeddable":true,"href":"https:\/\/digitalhistory.unite.it\/es\/wp-json\/wp\/v2\/comments?post=7002"}],"version-history":[{"count":3,"href":"https:\/\/digitalhistory.unite.it\/es\/wp-json\/wp\/v2\/pages\/7002\/revisions"}],"predecessor-version":[{"id":10431,"href":"https:\/\/digitalhistory.unite.it\/es\/wp-json\/wp\/v2\/pages\/7002\/revisions\/10431"}],"up":[{"embeddable":true,"href":"https:\/\/digitalhistory.unite.it\/es\/wp-json\/wp\/v2\/pages\/6151"}],"wp:attachment":[{"href":"https:\/\/digitalhistory.unite.it\/es\/wp-json\/wp\/v2\/media?parent=7002"}],"curies":[{"name":"wp","href":"https:\/\/api.w.org\/{rel}","templated":true}]}}