{"id":7003,"date":"2021-08-19T22:04:16","date_gmt":"2021-08-19T20:04:16","guid":{"rendered":"https:\/\/digitalhistory.unite.it\/albrecht-duerer\/"},"modified":"2021-11-23T15:26:32","modified_gmt":"2021-11-23T14:26:32","slug":"albrecht-duerer","status":"publish","type":"page","link":"https:\/\/digitalhistory.unite.it\/es\/temi\/dimore-nobiliari\/davalos\/vasto-il-palazzo\/albrecht-duerer\/","title":{"rendered":"Albrecht D\u00fcrer"},"content":{"rendered":"<h1>Albrecht D\u00fcrer <\/h1>\n<div class=\"testo\">\n<p style=\"text-align: justify\"><span><img loading=\"lazy\" decoding=\"async\" src=\"https:\/\/digitalhistory.unite.it\/wp-content\/uploads\/2021\/08\/albrecht_d_rer_227x280.jpg\" width=\"227\" height=\"280\" alt=\"Albrecht Durer\" align=\"left\">Albrecht D\u00fcrer (1471-1528) fu pittore e incisore, considerato il massimo esponente dell&#8217;arte tedesca rinascimentale. Nato a Norimberga da un orafo ungherese, comp\u00ec un breve apprendistato nella bottega paterna, e perfezion\u00f2 la sua preparazione presso le botteghe di M. Wolgemuth e H. Pleydenwurf tra il 1486 e il 1490. Viaggi e soggiorni fondamentali per lo sviluppo della sua arte furono quelli a Basilea (1490-94) e in Italia (1494-95), prima di aprire una propria bottega a Norimberga. Nel 1505, ormai artista affermato, torn\u00f2 a Venezia, dove soggiorn\u00f2 due anni. Successivamente, lavor\u00f2 per vari committenti tedeschi, come l&#8217;Elettore di Sassonia o i domenicani di Francoforte. Dal 1512 entr\u00f2 al servizio dell&#8217;imperatore Massimiliano I che, dal 1515, gli riconobbe uno stipendio annuo a vita poi confermato anche dal successore dell&#8217;imperatore, il nipote Carlo V. Mor\u00ec a Norimberga. All&#8217;interno della sua sterminata produzione, molti sono i capolavori: tra di essi, ricordiamo i vari ritratti e autoritratti, le 14 xilografie dell&#8217;<em>Apocalisse<\/em>, i monumentali <em>Quattro apostoli<\/em> e i tre celebri bulini <em>Il cavaliere, la morte e il diavolo<\/em>, il <em>San Girolamo nello studio<\/em> e soprattutto la <em>Melancholia I<\/em>, ricca di riferimenti esoterici e simbologie ermetiche.<\/span><\/p>\n<\/div>\n<p><\/p>\n","protected":false},"excerpt":{"rendered":"<p>Albrecht D\u00fcrer Albrecht D\u00fcrer (1471-1528) fu pittore e incisore, considerato il massimo esponente dell&#8217;arte tedesca rinascimentale. Nato a Norimberga da un orafo ungherese, comp\u00ec un breve apprendistato nella bottega paterna, e perfezion\u00f2 la sua preparazione presso le botteghe di M. Wolgemuth e H. Pleydenwurf tra&hellip;<\/p>\n","protected":false},"author":1,"featured_media":0,"parent":6151,"menu_order":0,"comment_status":"closed","ping_status":"closed","template":"","meta":{"footnotes":""},"class_list":["post-7003","page","type-page","status-publish","hentry"],"_links":{"self":[{"href":"https:\/\/digitalhistory.unite.it\/es\/wp-json\/wp\/v2\/pages\/7003","targetHints":{"allow":["GET"]}}],"collection":[{"href":"https:\/\/digitalhistory.unite.it\/es\/wp-json\/wp\/v2\/pages"}],"about":[{"href":"https:\/\/digitalhistory.unite.it\/es\/wp-json\/wp\/v2\/types\/page"}],"author":[{"embeddable":true,"href":"https:\/\/digitalhistory.unite.it\/es\/wp-json\/wp\/v2\/users\/1"}],"replies":[{"embeddable":true,"href":"https:\/\/digitalhistory.unite.it\/es\/wp-json\/wp\/v2\/comments?post=7003"}],"version-history":[{"count":3,"href":"https:\/\/digitalhistory.unite.it\/es\/wp-json\/wp\/v2\/pages\/7003\/revisions"}],"predecessor-version":[{"id":10430,"href":"https:\/\/digitalhistory.unite.it\/es\/wp-json\/wp\/v2\/pages\/7003\/revisions\/10430"}],"up":[{"embeddable":true,"href":"https:\/\/digitalhistory.unite.it\/es\/wp-json\/wp\/v2\/pages\/6151"}],"wp:attachment":[{"href":"https:\/\/digitalhistory.unite.it\/es\/wp-json\/wp\/v2\/media?parent=7003"}],"curies":[{"name":"wp","href":"https:\/\/api.w.org\/{rel}","templated":true}]}}