{"id":7004,"date":"2021-08-19T22:04:16","date_gmt":"2021-08-19T20:04:16","guid":{"rendered":"https:\/\/digitalhistory.unite.it\/pio-iv\/"},"modified":"2021-11-23T15:26:32","modified_gmt":"2021-11-23T14:26:32","slug":"pio-iv","status":"publish","type":"page","link":"https:\/\/digitalhistory.unite.it\/es\/temi\/dimore-nobiliari\/davalos\/vasto-altro\/pio-iv\/","title":{"rendered":"Pio IV"},"content":{"rendered":"<h1>Pio IV <\/h1>\n<div class=\"testo\">\n<p style=\"text-align: justify\"><span><img loading=\"lazy\" decoding=\"async\" src=\"https:\/\/digitalhistory.unite.it\/wp-content\/uploads\/2021\/08\/pius_iv_227x281.jpg\" width=\"227\" height=\"281\" alt=\"Pio IV\" align=\"left\">Giovanni Angelo Medici di Marignano (1499-1565) proveniva da una famiglia di origine lombarda. Formatosi come giurista, intraprese la carriera ecclesiastica nel 1527. Durante il pontificato di Paolo III fu governatore di varie citt\u00e0 dello Stato pontificio, fu nominato arcivescovo di Ragusa e poi cardinale nel 1549. Dopo vari incarichi affidatigli dai successivi papi, e dopo essere stato vescovo di Foligno tra il 1556 e il 1557, fu eletto papa nel conclave del 1559 con il nome di Pio IV. Rispetto al predecessore Paolo IV Carafa, Pio IV us\u00f2 con meno rigore lo strumento dell&#8217;inquisizione, anche se pratic\u00f2 anch&#8217;egli il nepotismo: tra i suoi protetti ci fu anche il nipote Carlo Borromeo, che fece eleggere ad arcivescovo di Milano. Oltre che per il favore accordato al futuro santo, Pio IV \u00e8 rimasto famoso perch\u00e9 fu lui il papa che port\u00f2 a termine, dopo quasi vent&#8217;anni, il Concilio di Trento (1563).<\/span><\/p>\n<\/div>\n<p><\/p>\n","protected":false},"excerpt":{"rendered":"<p>Pio IV Giovanni Angelo Medici di Marignano (1499-1565) proveniva da una famiglia di origine lombarda. Formatosi come giurista, intraprese la carriera ecclesiastica nel 1527. Durante il pontificato di Paolo III fu governatore di varie citt\u00e0 dello Stato pontificio, fu nominato arcivescovo di Ragusa e poi&hellip;<\/p>\n","protected":false},"author":1,"featured_media":0,"parent":6152,"menu_order":0,"comment_status":"closed","ping_status":"closed","template":"","meta":{"footnotes":""},"class_list":["post-7004","page","type-page","status-publish","hentry"],"_links":{"self":[{"href":"https:\/\/digitalhistory.unite.it\/es\/wp-json\/wp\/v2\/pages\/7004","targetHints":{"allow":["GET"]}}],"collection":[{"href":"https:\/\/digitalhistory.unite.it\/es\/wp-json\/wp\/v2\/pages"}],"about":[{"href":"https:\/\/digitalhistory.unite.it\/es\/wp-json\/wp\/v2\/types\/page"}],"author":[{"embeddable":true,"href":"https:\/\/digitalhistory.unite.it\/es\/wp-json\/wp\/v2\/users\/1"}],"replies":[{"embeddable":true,"href":"https:\/\/digitalhistory.unite.it\/es\/wp-json\/wp\/v2\/comments?post=7004"}],"version-history":[{"count":3,"href":"https:\/\/digitalhistory.unite.it\/es\/wp-json\/wp\/v2\/pages\/7004\/revisions"}],"predecessor-version":[{"id":10428,"href":"https:\/\/digitalhistory.unite.it\/es\/wp-json\/wp\/v2\/pages\/7004\/revisions\/10428"}],"up":[{"embeddable":true,"href":"https:\/\/digitalhistory.unite.it\/es\/wp-json\/wp\/v2\/pages\/6152"}],"wp:attachment":[{"href":"https:\/\/digitalhistory.unite.it\/es\/wp-json\/wp\/v2\/media?parent=7004"}],"curies":[{"name":"wp","href":"https:\/\/api.w.org\/{rel}","templated":true}]}}