{"id":7014,"date":"2021-08-19T22:04:16","date_gmt":"2021-08-19T20:04:16","guid":{"rendered":"https:\/\/digitalhistory.unite.it\/i-giganti-in-eta-rinascimentale-e-barocca\/"},"modified":"2021-11-23T15:26:40","modified_gmt":"2021-11-23T14:26:40","slug":"i-giganti-in-eta-rinascimentale-e-barocca","status":"publish","type":"page","link":"https:\/\/digitalhistory.unite.it\/es\/temi\/feste-e-rituali\/i-giganti-processionali-e-da-corteo\/i-giganti-in-eta-rinascimentale-e-barocca\/","title":{"rendered":"I Giganti in et\u00e0 rinascimentale e barocca"},"content":{"rendered":"<h1>I Giganti in et\u00e0 rinascimentale e barocca <\/h1>\n<div class=\"testo\">\n<p style=\"text-align: justify\"><img loading=\"lazy\" decoding=\"async\" src=\"https:\/\/digitalhistory.unite.it\/wp-content\/uploads\/2021\/08\/giganti_di_aidone.0050-0-__fileminimizer__225x330.jpg\" width=\"225\" height=\"330\" alt=\"Giganti di Aidone2\" align=\"left\">Tra la fine del XVI e quella del XVIII secolo accadde qualcosa di decisivo per il futuro dei colossi europei: la loro definitiva fuoriuscita dalla scenografia religiosa in cui erano stati originariamente collocati (la processioni del <em>Corpus Domini<\/em>) e l&#8217;inizio di una storia ininterrotta di contaminazioni, dovute all&#8217;introduzione di elementi profani tratti dalle cosmogonie classiche (in cui risaltano i profili di Ercole, Crono e di altre divinit\u00e0 olimpiche) e dalle leggende nazionali e locali. Solo per fare un esempio, possiamo ricordare come ben presto molti dei colossi nati per impersonare il filisteo Golia, pur mantenendo la sua fisionomia originaria, assunsero l&#8217;identit\u00e0 di mitici eroi locali o caddero addirittura nell&#8217;anonimato. Una delle novit\u00e0 principali rispetto ai temi tradizionali&nbsp;era rappresentata dalla proliferazione, attorno ad un fantoccio capostipite, di una famiglia di giganti (composta da una moglie e da uno o pi\u00f9 figli). Tale trasformazione consentiva al pubblico di associare nuove identit\u00e0 ai vecchi colossi, e a questi ultimi di sopravvivere fino ai nostri giorni grazie alla loro capacit\u00e0 di adattamento.<\/p>\n<p style=\"text-align: justify\">&nbsp;<\/p>\n<\/div>\n<p><\/p>\n","protected":false},"excerpt":{"rendered":"<p>I Giganti in et\u00e0 rinascimentale e barocca Tra la fine del XVI e quella del XVIII secolo accadde qualcosa di decisivo per il futuro dei colossi europei: la loro definitiva fuoriuscita dalla scenografia religiosa in cui erano stati originariamente collocati (la processioni del Corpus Domini)&hellip;<\/p>\n","protected":false},"author":1,"featured_media":0,"parent":6178,"menu_order":0,"comment_status":"closed","ping_status":"closed","template":"","meta":{"footnotes":""},"class_list":["post-7014","page","type-page","status-publish","hentry"],"_links":{"self":[{"href":"https:\/\/digitalhistory.unite.it\/es\/wp-json\/wp\/v2\/pages\/7014","targetHints":{"allow":["GET"]}}],"collection":[{"href":"https:\/\/digitalhistory.unite.it\/es\/wp-json\/wp\/v2\/pages"}],"about":[{"href":"https:\/\/digitalhistory.unite.it\/es\/wp-json\/wp\/v2\/types\/page"}],"author":[{"embeddable":true,"href":"https:\/\/digitalhistory.unite.it\/es\/wp-json\/wp\/v2\/users\/1"}],"replies":[{"embeddable":true,"href":"https:\/\/digitalhistory.unite.it\/es\/wp-json\/wp\/v2\/comments?post=7014"}],"version-history":[{"count":3,"href":"https:\/\/digitalhistory.unite.it\/es\/wp-json\/wp\/v2\/pages\/7014\/revisions"}],"predecessor-version":[{"id":10512,"href":"https:\/\/digitalhistory.unite.it\/es\/wp-json\/wp\/v2\/pages\/7014\/revisions\/10512"}],"up":[{"embeddable":true,"href":"https:\/\/digitalhistory.unite.it\/es\/wp-json\/wp\/v2\/pages\/6178"}],"wp:attachment":[{"href":"https:\/\/digitalhistory.unite.it\/es\/wp-json\/wp\/v2\/media?parent=7014"}],"curies":[{"name":"wp","href":"https:\/\/api.w.org\/{rel}","templated":true}]}}